{"id":12168,"date":"2025-02-03T16:08:42","date_gmt":"2025-02-03T15:08:42","guid":{"rendered":"https:\/\/mdbouwmachines.be\/product\/okolo-80\/"},"modified":"2025-06-23T12:35:04","modified_gmt":"2025-06-23T11:35:04","slug":"okolo-80","status":"publish","type":"product","link":"https:\/\/mdbouwmachines.be\/pl\/produkt\/okolo-80\/","title":{"rendered":"BARIKELL Pojedynczy 80"},"content":{"rendered":"\n<h2 class=\"wp-block-heading\">Definicja<\/h2>\n\n<p>Polerka Single 80, znana r\u00f3wnie\u017c jako polerka pojedyncza Heavy Duty, jest standardowo wyposa\u017cona w silnik Hondy GX200 o mocy 6,5 KM. Ta polerka ma solidn\u0105 chromowan\u0105 obudow\u0119 i ma tylko 80 cm szeroko\u015bci, dzi\u0119ki czemu idealnie pasuje do drzwi wewn\u0119trznych i dlatego idealnie nadaje si\u0119 do pod\u0142\u00f3g wewn\u0119trznych. <\/p>\n\n<p>Wyposa\u017cony w d\u0142u\u017csz\u0105 kierownic\u0119, kt\u00f3ra tworzy wi\u0119ksz\u0105 d\u017awigni\u0119. Dzi\u0119ki temu maszyna jest bardzo \u0142atwa w obs\u0142udze, nawet z p\u00f3\u0142kami. <\/p>\n\n<hr class=\"wp-block-separator has-alpha-channel-opacity\" \/>\n\n<h2 class=\"wp-block-heading\">Informacje techniczne<\/h2>\n\n<h3 class=\"wp-block-heading\"><strong>Og\u00f3lne<\/strong><\/h3>\n\n<figure class=\"wp-block-table\"><table class=\"has-fixed-layout\"><tbody><tr><td>\u015arednica robocza<\/td><td>78 cm<\/td><\/tr><\/tbody><\/table><\/figure>\n\n<h3 class=\"wp-block-heading\"><strong>Wymiary<\/strong><\/h3>\n\n<figure class=\"wp-block-table\"><table class=\"has-fixed-layout\"><tbody><tr><td>D\u0142ugo\u015b\u0107 (mm)<\/td><td>1490<\/td><\/tr><tr><td>Szeroko\u015b\u0107 (mm)<\/td><td>800<\/td><\/tr><tr><td>Wysoko\u015b\u0107 (mm)<\/td><td>910<\/td><\/tr><tr><td>Waga (kg)<\/td><td>65 (\u00b1)<\/td><\/tr><\/tbody><\/table><\/figure>\n","protected":false},"excerpt":{"rendered":"<p>Pojedyncza maszyna do polerowania o du\u017cej wytrzyma\u0142o\u015bci, \u015brednica 80. Nadal mie\u015bci si\u0119 mi\u0119dzy drzwiami wewn\u0119trznymi, dzi\u0119ki czemu idealnie nadaje si\u0119 do pod\u0142\u00f3g wewn\u0119trznych. <\/p>\n","protected":false},"featured_media":12095,"template":"","meta":{"_acf_changed":false},"product_brand":[1126],"product_cat":[357],"product_tag":[],"class_list":{"0":"post-12168","1":"product","2":"type-product","3":"status-publish","4":"has-post-thumbnail","6":"product_brand-barikell-pl","7":"product_cat-niektore-maszyny-polerskie","9":"first","10":"instock","11":"taxable","12":"shipping-taxable","13":"purchasable","14":"product-type-simple"},"acf":[],"_links":{"self":[{"href":"https:\/\/mdbouwmachines.be\/pl\/wp-json\/wp\/v2\/product\/12168","targetHints":{"allow":["GET"]}}],"collection":[{"href":"https:\/\/mdbouwmachines.be\/pl\/wp-json\/wp\/v2\/product"}],"about":[{"href":"https:\/\/mdbouwmachines.be\/pl\/wp-json\/wp\/v2\/types\/product"}],"wp:featuredmedia":[{"embeddable":true,"href":"https:\/\/mdbouwmachines.be\/pl\/wp-json\/wp\/v2\/media\/12095"}],"wp:attachment":[{"href":"https:\/\/mdbouwmachines.be\/pl\/wp-json\/wp\/v2\/media?parent=12168"}],"wp:term":[{"taxonomy":"product_brand","embeddable":true,"href":"https:\/\/mdbouwmachines.be\/pl\/wp-json\/wp\/v2\/product_brand?post=12168"},{"taxonomy":"product_cat","embeddable":true,"href":"https:\/\/mdbouwmachines.be\/pl\/wp-json\/wp\/v2\/product_cat?post=12168"},{"taxonomy":"product_tag","embeddable":true,"href":"https:\/\/mdbouwmachines.be\/pl\/wp-json\/wp\/v2\/product_tag?post=12168"}],"curies":[{"name":"wp","href":"https:\/\/api.w.org\/{rel}","templated":true}]}}