{"id":12159,"date":"2025-02-03T16:15:17","date_gmt":"2025-02-03T15:15:17","guid":{"rendered":"https:\/\/mdbouwmachines.be\/product\/pojedynczy-90-krotki-uchwyt\/"},"modified":"2025-06-23T12:35:05","modified_gmt":"2025-06-23T11:35:05","slug":"pojedynczy-90-krotki-uchwyt","status":"publish","type":"product","link":"https:\/\/mdbouwmachines.be\/pl\/produkt\/pojedynczy-90-krotki-uchwyt\/","title":{"rendered":"BARIKELL Single 90 Kr\u00f3tka R\u0105czka"},"content":{"rendered":"\n<h2 class=\"wp-block-heading\">Definicja<\/h2>\n\n<p>Polerka z kr\u00f3tk\u0105 r\u0119koje\u015bci\u0105 Single 90, wyposa\u017cona w silnik Honda GX200 o mocy 6,5 KM. Moc silnika przenoszona jest za po\u015brednictwem sprz\u0119g\u0142a od\u015brodkowego poprzez dwa paski klinowe do skrzyni bieg\u00f3w. <\/p>\n\n<hr class=\"wp-block-separator has-alpha-channel-opacity\" \/>\n\n<h2 class=\"wp-block-heading\">Informacje techniczne<\/h2>\n\n<h3 class=\"wp-block-heading\"><strong>Og\u00f3lne<\/strong><\/h3>\n\n<figure class=\"wp-block-table\"><table class=\"has-fixed-layout\"><tbody><tr><td>\u015arednica robocza<\/td><td>90 cm<\/td><\/tr><\/tbody><\/table><\/figure>\n\n<h3 class=\"wp-block-heading\"><strong>Wymiary<\/strong><\/h3>\n\n<figure class=\"wp-block-table\"><table class=\"has-fixed-layout\"><tbody><tr><td>D\u0142ugo\u015b\u0107 (mm)<\/td><td>1490<\/td><\/tr><tr><td>Szeroko\u015b\u0107 (mm)<\/td><td>980<\/td><\/tr><tr><td>Wysoko\u015b\u0107 (mm)<\/td><td>910<\/td><\/tr><tr><td>Waga (kg)<\/td><td>76 (\u00b1)<\/td><\/tr><\/tbody><\/table><\/figure>\n","protected":false},"excerpt":{"rendered":"<p>Pojedyncza polerka 90 firmy Barikell z kr\u00f3tsz\u0105 sta\u0142\u0105 kierownic\u0105. Wyposa\u017cony w silnik Hondy GX200 o mocy 6,5 KM. Idealna maszyna do otwierania ze zlewozmywakami \u015bciennymi lub blatami roboczymi. Zawiera dwuosobowy system podnoszenia i hak do podnoszenia.   <\/p>\n","protected":false},"featured_media":12104,"template":"","meta":{"_acf_changed":false},"product_brand":[1126],"product_cat":[357],"product_tag":[],"class_list":{"0":"post-12159","1":"product","2":"type-product","3":"status-publish","4":"has-post-thumbnail","6":"product_brand-barikell-pl","7":"product_cat-niektore-maszyny-polerskie","9":"first","10":"instock","11":"taxable","12":"shipping-taxable","13":"purchasable","14":"product-type-simple"},"acf":[],"_links":{"self":[{"href":"https:\/\/mdbouwmachines.be\/pl\/wp-json\/wp\/v2\/product\/12159","targetHints":{"allow":["GET"]}}],"collection":[{"href":"https:\/\/mdbouwmachines.be\/pl\/wp-json\/wp\/v2\/product"}],"about":[{"href":"https:\/\/mdbouwmachines.be\/pl\/wp-json\/wp\/v2\/types\/product"}],"wp:featuredmedia":[{"embeddable":true,"href":"https:\/\/mdbouwmachines.be\/pl\/wp-json\/wp\/v2\/media\/12104"}],"wp:attachment":[{"href":"https:\/\/mdbouwmachines.be\/pl\/wp-json\/wp\/v2\/media?parent=12159"}],"wp:term":[{"taxonomy":"product_brand","embeddable":true,"href":"https:\/\/mdbouwmachines.be\/pl\/wp-json\/wp\/v2\/product_brand?post=12159"},{"taxonomy":"product_cat","embeddable":true,"href":"https:\/\/mdbouwmachines.be\/pl\/wp-json\/wp\/v2\/product_cat?post=12159"},{"taxonomy":"product_tag","embeddable":true,"href":"https:\/\/mdbouwmachines.be\/pl\/wp-json\/wp\/v2\/product_tag?post=12159"}],"curies":[{"name":"wp","href":"https:\/\/api.w.org\/{rel}","templated":true}]}}