{"id":12151,"date":"2025-02-03T16:04:09","date_gmt":"2025-02-03T15:04:09","guid":{"rendered":"https:\/\/mdbouwmachines.be\/product\/mk10-120-barikell\/"},"modified":"2025-06-30T13:48:14","modified_gmt":"2025-06-30T12:48:14","slug":"mk10-120-barikell","status":"publish","type":"product","link":"https:\/\/mdbouwmachines.be\/pl\/produkt\/mk10-120-barikell\/","title":{"rendered":"MK10-120 Barikell"},"content":{"rendered":"","protected":false},"excerpt":{"rendered":"<p>Maszyna polerska 120 firmy Barikell, z tarczami do wst\u0119pnej obr\u00f3bki. Maszyna jest wyposa\u017cona w pe\u0142n\u0105 opcj\u0119 (w tym centralny hak do podnoszenia, system zraszania wod\u0105, zestaw przek\u0142adni, bloki obci\u0105\u017cnik\u00f3w i o\u015bwietlenie LED). Zawsze w zestawie z 8 lub 10 \u0142opatkami i silnikiem Vanguard o mocy 35 KM. Maszyny te s\u0105 najl\u017cejsze z mo\u017cliwych na rynku z najwi\u0119ksz\u0105 liczb\u0105 obrot\u00f3w na minut\u0119. Podwozie wykonane w chromie dla \u0142atwego czyszczenia betonu.   <\/p>\n","protected":false},"featured_media":15792,"template":"","meta":{"_acf_changed":false},"product_brand":[1126],"product_cat":[362],"product_tag":[],"class_list":{"0":"post-12151","1":"product","2":"type-product","3":"status-publish","4":"has-post-thumbnail","6":"product_brand-barikell-pl","7":"product_cat-podwojne-maszyny-polerskie","9":"first","10":"instock","11":"taxable","12":"shipping-taxable","13":"purchasable","14":"product-type-variable","15":"has-default-attributes"},"acf":[],"_links":{"self":[{"href":"https:\/\/mdbouwmachines.be\/pl\/wp-json\/wp\/v2\/product\/12151","targetHints":{"allow":["GET"]}}],"collection":[{"href":"https:\/\/mdbouwmachines.be\/pl\/wp-json\/wp\/v2\/product"}],"about":[{"href":"https:\/\/mdbouwmachines.be\/pl\/wp-json\/wp\/v2\/types\/product"}],"wp:featuredmedia":[{"embeddable":true,"href":"https:\/\/mdbouwmachines.be\/pl\/wp-json\/wp\/v2\/media\/15792"}],"wp:attachment":[{"href":"https:\/\/mdbouwmachines.be\/pl\/wp-json\/wp\/v2\/media?parent=12151"}],"wp:term":[{"taxonomy":"product_brand","embeddable":true,"href":"https:\/\/mdbouwmachines.be\/pl\/wp-json\/wp\/v2\/product_brand?post=12151"},{"taxonomy":"product_cat","embeddable":true,"href":"https:\/\/mdbouwmachines.be\/pl\/wp-json\/wp\/v2\/product_cat?post=12151"},{"taxonomy":"product_tag","embeddable":true,"href":"https:\/\/mdbouwmachines.be\/pl\/wp-json\/wp\/v2\/product_tag?post=12151"}],"curies":[{"name":"wp","href":"https:\/\/api.w.org\/{rel}","templated":true}]}}