{"id":12078,"date":"2025-02-03T15:21:24","date_gmt":"2025-02-03T14:21:24","guid":{"rendered":"https:\/\/mdbouwmachines.be\/product\/nakladajacy-sie-90-barikell\/"},"modified":"2025-02-03T15:21:24","modified_gmt":"2025-02-03T14:21:24","slug":"nakladajacy-sie-90-barikell","status":"publish","type":"product","link":"https:\/\/mdbouwmachines.be\/pl\/produkt\/nakladajacy-sie-90-barikell\/","title":{"rendered":"Nak\u0142adaj\u0105cy si\u0119 90 Barikell"},"content":{"rendered":"","protected":false},"excerpt":{"rendered":"<p>Maszyna polerska Barikell Nak\u0142adka 90. Maszyna jest w pe\u0142ni wyposa\u017cona w opcje (w tym centralny hak podnosz\u0105cy, system natrysku wody, zestaw przek\u0142adni, bloki ci\u0119\u017cark\u00f3w i o\u015bwietlenie LED). Zawsze wyposa\u017cona w 8 ostrzy i silnik Honda GX690. S\u0105 to najl\u017cejsze maszyny dost\u0119pne na rynku, charakteryzuj\u0105ce si\u0119 najwi\u0119ksz\u0105 liczb\u0105 obrot\u00f3w na minut\u0119. Podwozie chromowane, co u\u0142atwia czyszczenie betonu.   <\/p>\n","protected":false},"featured_media":12051,"template":"","meta":{"_acf_changed":false},"product_brand":[1126],"product_cat":[362],"product_tag":[],"class_list":{"0":"post-12078","1":"product","2":"type-product","3":"status-publish","4":"has-post-thumbnail","6":"product_brand-barikell-pl","7":"product_cat-podwojne-maszyny-polerskie","9":"first","10":"instock","11":"taxable","12":"shipping-taxable","13":"purchasable","14":"product-type-simple"},"acf":[],"_links":{"self":[{"href":"https:\/\/mdbouwmachines.be\/pl\/wp-json\/wp\/v2\/product\/12078","targetHints":{"allow":["GET"]}}],"collection":[{"href":"https:\/\/mdbouwmachines.be\/pl\/wp-json\/wp\/v2\/product"}],"about":[{"href":"https:\/\/mdbouwmachines.be\/pl\/wp-json\/wp\/v2\/types\/product"}],"wp:featuredmedia":[{"embeddable":true,"href":"https:\/\/mdbouwmachines.be\/pl\/wp-json\/wp\/v2\/media\/12051"}],"wp:attachment":[{"href":"https:\/\/mdbouwmachines.be\/pl\/wp-json\/wp\/v2\/media?parent=12078"}],"wp:term":[{"taxonomy":"product_brand","embeddable":true,"href":"https:\/\/mdbouwmachines.be\/pl\/wp-json\/wp\/v2\/product_brand?post=12078"},{"taxonomy":"product_cat","embeddable":true,"href":"https:\/\/mdbouwmachines.be\/pl\/wp-json\/wp\/v2\/product_cat?post=12078"},{"taxonomy":"product_tag","embeddable":true,"href":"https:\/\/mdbouwmachines.be\/pl\/wp-json\/wp\/v2\/product_tag?post=12078"}],"curies":[{"name":"wp","href":"https:\/\/api.w.org\/{rel}","templated":true}]}}