{"id":12056,"date":"2025-02-03T14:56:52","date_gmt":"2025-02-03T13:56:52","guid":{"rendered":"https:\/\/mdbouwmachines.be\/product\/mk10-120-hcs-barikell\/"},"modified":"2025-02-03T14:56:52","modified_gmt":"2025-02-03T13:56:52","slug":"mk10-120-hcs-barikell","status":"publish","type":"product","link":"https:\/\/mdbouwmachines.be\/pl\/produkt\/mk10-120-hcs-barikell\/","title":{"rendered":"MK10-120 HCS Barikell"},"content":{"rendered":"","protected":false},"excerpt":{"rendered":"<p>Polerka Barikell Double 120. Maszyna jest w pe\u0142ni wyposa\u017cona (w tym centralny hak podnosz\u0105cy, system natrysku wody, 2 x przednie tarcze, zestaw przek\u0142adni, bloki ci\u0119\u017cark\u00f3w i o\u015bwietlenie LED). Zawsze dostarczana z 10 ostrzami. Mo\u017cna tak\u017ce wybra\u0107 silnik Vanguard o mocy 37 KM z wtryskiem paliwa lub Vanguard o mocy 35 KM, kt\u00f3ry oferuje nieco wi\u0119cej mocy. S\u0105 to najl\u017cejsze maszyny dost\u0119pne na rynku, charakteryzuj\u0105ce si\u0119 najwi\u0119ksz\u0105 liczb\u0105 obrot\u00f3w na minut\u0119. Podwozie chromowane, co u\u0142atwia czyszczenie betonu. Posiada hydrauliczne wspomaganie uk\u0142adu kierowniczego + sprz\u0119g\u0142o konwertera momentu obrotowego.     <\/p>\n","protected":false},"featured_media":12015,"template":"","meta":{"_acf_changed":false},"product_brand":[1126],"product_cat":[362],"product_tag":[],"class_list":{"0":"post-12056","1":"product","2":"type-product","3":"status-publish","4":"has-post-thumbnail","6":"product_brand-barikell-pl","7":"product_cat-podwojne-maszyny-polerskie","9":"first","10":"instock","11":"taxable","12":"shipping-taxable","13":"purchasable","14":"product-type-variable","15":"has-default-attributes"},"acf":[],"_links":{"self":[{"href":"https:\/\/mdbouwmachines.be\/pl\/wp-json\/wp\/v2\/product\/12056","targetHints":{"allow":["GET"]}}],"collection":[{"href":"https:\/\/mdbouwmachines.be\/pl\/wp-json\/wp\/v2\/product"}],"about":[{"href":"https:\/\/mdbouwmachines.be\/pl\/wp-json\/wp\/v2\/types\/product"}],"wp:featuredmedia":[{"embeddable":true,"href":"https:\/\/mdbouwmachines.be\/pl\/wp-json\/wp\/v2\/media\/12015"}],"wp:attachment":[{"href":"https:\/\/mdbouwmachines.be\/pl\/wp-json\/wp\/v2\/media?parent=12056"}],"wp:term":[{"taxonomy":"product_brand","embeddable":true,"href":"https:\/\/mdbouwmachines.be\/pl\/wp-json\/wp\/v2\/product_brand?post=12056"},{"taxonomy":"product_cat","embeddable":true,"href":"https:\/\/mdbouwmachines.be\/pl\/wp-json\/wp\/v2\/product_cat?post=12056"},{"taxonomy":"product_tag","embeddable":true,"href":"https:\/\/mdbouwmachines.be\/pl\/wp-json\/wp\/v2\/product_tag?post=12056"}],"curies":[{"name":"wp","href":"https:\/\/api.w.org\/{rel}","templated":true}]}}