{"id":11996,"date":"2025-02-03T13:30:03","date_gmt":"2025-02-03T12:30:03","guid":{"rendered":"https:\/\/mdbouwmachines.be\/product\/b10-120-nakladajacy-sie-barikell\/"},"modified":"2025-06-30T14:21:25","modified_gmt":"2025-06-30T13:21:25","slug":"b10-120-nakladajacy-sie-barikell","status":"publish","type":"product","link":"https:\/\/mdbouwmachines.be\/pl\/produkt\/b10-120-nakladajacy-sie-barikell\/","title":{"rendered":"B10-120 Nak\u0142adaj\u0105cy si\u0119 Barikell"},"content":{"rendered":"","protected":false},"excerpt":{"rendered":"<p>Podw\u00f3jna maszyna polerska Barikell 120, nak\u0142adaj\u0105ca si\u0119. Maszyna jest wyposa\u017cona w pe\u0142n\u0105 opcj\u0119 (w tym centralny hak do podnoszenia, system zraszania wod\u0105, zestaw przek\u0142adni, bloki obci\u0105\u017cnik\u00f3w i o\u015bwietlenie LED). W maszynie zawsze masz wyb\u00f3r mi\u0119dzy 8 lub 10 ostrzami. W zestawie silnik Vanguard o mocy 35 KM \/ Honda GX690 \/ Kohler 27 KM. Maszyny te s\u0105 najl\u017cejsze z mo\u017cliwych na rynku z najwi\u0119ksz\u0105 liczb\u0105 obrot\u00f3w na minut\u0119. Podwozie wykonane w chromie dla \u0142atwego czyszczenia betonu. Opcjonalnie dost\u0119pny jest hydrauliczny uk\u0142ad kierowniczy.     <\/p>\n","protected":false},"featured_media":11930,"template":"","meta":{"_acf_changed":false},"product_brand":[1126],"product_cat":[362],"product_tag":[],"class_list":{"0":"post-11996","1":"product","2":"type-product","3":"status-publish","4":"has-post-thumbnail","6":"product_brand-barikell-pl","7":"product_cat-podwojne-maszyny-polerskie","9":"first","10":"instock","11":"taxable","12":"shipping-taxable","13":"purchasable","14":"product-type-variable","15":"has-default-attributes"},"acf":[],"_links":{"self":[{"href":"https:\/\/mdbouwmachines.be\/pl\/wp-json\/wp\/v2\/product\/11996","targetHints":{"allow":["GET"]}}],"collection":[{"href":"https:\/\/mdbouwmachines.be\/pl\/wp-json\/wp\/v2\/product"}],"about":[{"href":"https:\/\/mdbouwmachines.be\/pl\/wp-json\/wp\/v2\/types\/product"}],"wp:featuredmedia":[{"embeddable":true,"href":"https:\/\/mdbouwmachines.be\/pl\/wp-json\/wp\/v2\/media\/11930"}],"wp:attachment":[{"href":"https:\/\/mdbouwmachines.be\/pl\/wp-json\/wp\/v2\/media?parent=11996"}],"wp:term":[{"taxonomy":"product_brand","embeddable":true,"href":"https:\/\/mdbouwmachines.be\/pl\/wp-json\/wp\/v2\/product_brand?post=11996"},{"taxonomy":"product_cat","embeddable":true,"href":"https:\/\/mdbouwmachines.be\/pl\/wp-json\/wp\/v2\/product_cat?post=11996"},{"taxonomy":"product_tag","embeddable":true,"href":"https:\/\/mdbouwmachines.be\/pl\/wp-json\/wp\/v2\/product_tag?post=11996"}],"curies":[{"name":"wp","href":"https:\/\/api.w.org\/{rel}","templated":true}]}}