{"id":11906,"date":"2025-02-03T13:10:30","date_gmt":"2025-02-03T12:10:30","guid":{"rendered":"https:\/\/mdbouwmachines.be\/product\/mk8-90-barikell\/"},"modified":"2025-06-23T12:35:05","modified_gmt":"2025-06-23T11:35:05","slug":"mk8-90-barikell","status":"publish","type":"product","link":"https:\/\/mdbouwmachines.be\/pl\/produkt\/mk8-90-barikell\/","title":{"rendered":"BARIKELL MK8-90"},"content":{"rendered":"\n<hr class=\"wp-block-separator has-alpha-channel-opacity is-style-dots\" \/>\n\n<h2 class=\"wp-block-heading\">Definicja<\/h2>\n\n<p>Polerka Barikell Double 90. Maszyna jest standardowo wyposa\u017cona w centralny hak do podnoszenia, system zraszania wod\u0105, 2x przednie tarcze robocze, zestaw przek\u0142adni, o\u015bwietlenie LED i bloki obci\u0105\u017cnikowe dla idealnie wywa\u017conego wykonania. <\/p>\n\n<p>Maszyna dost\u0119pna jest z ramionami 2&#215;4 (MK 8-90) lub 2&#215;5 ramionami (MK 10-90).<\/p>\n\n<p>Maszyna jest wyposa\u017cona w pe\u0142n\u0105 opcj\u0119 (w tym centralny hak do podnoszenia, system zraszania wod\u0105, 2 x przednie tarcze robocze, zestaw przek\u0142adni, bloki obci\u0105\u017cnik\u00f3w i o\u015bwietlenie LED). W maszynie zawsze masz wyb\u00f3r mi\u0119dzy 8 lub 10 ostrzami. A tak\u017ce do wyboru silnik HONDA GX690 lub Vanguard 35 KM dla nieco wi\u0119kszej mocy. Maszyny te s\u0105 najl\u017cejsze z mo\u017cliwych na rynku z najwi\u0119ksz\u0105 liczb\u0105 obrot\u00f3w na minut\u0119. Podwozie wykonane w chromie dla \u0142atwego czyszczenia betonu.   <\/p>\n\n<hr class=\"wp-block-separator has-alpha-channel-opacity\" \/>\n\n<h2 class=\"wp-block-heading\">Kluczowe cechy<\/h2>\n\n<ul class=\"wp-block-list\">\n<li>2 niezachodz\u0105ce na siebie wirniki z 4 lub 5 ramionami ka\u017cdy<\/li>\n\n\n\n<li>Dostarcza\u0107:\n<ul class=\"wp-block-list\">\n<li>Centralny hak do podnoszenia<\/li>\n\n\n\n<li>System zraszania wod\u0105<\/li>\n\n\n\n<li>2x tarcze do pracy wst\u0119pnej<\/li>\n\n\n\n<li>\u015awiat\u0142a LED<\/li>\n\n\n\n<li>Podw\u00f3jny system podnoszenia<\/li>\n<\/ul>\n<\/li>\n<\/ul>\n\n<hr class=\"wp-block-separator has-alpha-channel-opacity\" \/>\n\n<h2 class=\"wp-block-heading\">Informacje techniczne<\/h2>\n\n<h3 class=\"wp-block-heading\"><strong>Og\u00f3lne<\/strong><\/h3>\n\n<figure class=\"wp-block-table\"><table class=\"has-fixed-layout\"><tbody><tr><td>\u015arednica robocza<\/td><td>2&#215;90 cm (niezachodz\u0105ce na siebie)<\/td><\/tr><\/tbody><\/table><\/figure>\n\n<h3 class=\"wp-block-heading\"><strong>Wymiary<\/strong><\/h3>\n\n<figure class=\"wp-block-table\"><table class=\"has-fixed-layout\"><tbody><tr><td>D\u0142ugo\u015b\u0107 (mm)<\/td><td>1550<\/td><\/tr><tr><td>Szeroko\u015b\u0107 (mm)<\/td><td>800<\/td><\/tr><tr><td>Wysoko\u015b\u0107 (mm)<\/td><td>970<\/td><\/tr><tr><td>Waga (kg)<\/td><td>178 \u2013 Honda GX390 13KM<br\/><br\/>198 \u2013 Awangarda 18 KM<br\/><br\/>200 \u2013 Awangarda 23 KM<\/td><\/tr><\/tbody><\/table><\/figure>\n","protected":false},"excerpt":{"rendered":"<p>Polerka Barikell Double 90. Maszyna jest w pe\u0142ni wyposa\u017cona (w tym centralny hak podnosz\u0105cy, system natrysku wody, 2 x przednie tarcze, zestaw przek\u0142adni, bloki ci\u0119\u017cark\u00f3w i o\u015bwietlenie LED). Masz zawsze wyb\u00f3r mi\u0119dzy 8 lub 10 ostrzami na maszynie. Mo\u017cna tak\u017ce wybra\u0107 silnik HONDA GX690 lub Vanguard o mocy 35 KM, zapewniaj\u0105cy nieco wi\u0119ksz\u0105 moc. S\u0105 to najl\u017cejsze maszyny dost\u0119pne na rynku, charakteryzuj\u0105ce si\u0119 najwi\u0119ksz\u0105 liczb\u0105 obrot\u00f3w na minut\u0119. Podwozie chromowane, co u\u0142atwia czyszczenie betonu.    <\/p>\n","protected":false},"featured_media":11890,"template":"","meta":{"_acf_changed":false},"product_brand":[1126],"product_cat":[362],"product_tag":[],"class_list":{"0":"post-11906","1":"product","2":"type-product","3":"status-publish","4":"has-post-thumbnail","6":"product_brand-barikell-pl","7":"product_cat-podwojne-maszyny-polerskie","9":"first","10":"instock","11":"featured","12":"taxable","13":"shipping-taxable","14":"purchasable","15":"product-type-variable","16":"has-default-attributes"},"acf":[],"_links":{"self":[{"href":"https:\/\/mdbouwmachines.be\/pl\/wp-json\/wp\/v2\/product\/11906","targetHints":{"allow":["GET"]}}],"collection":[{"href":"https:\/\/mdbouwmachines.be\/pl\/wp-json\/wp\/v2\/product"}],"about":[{"href":"https:\/\/mdbouwmachines.be\/pl\/wp-json\/wp\/v2\/types\/product"}],"wp:featuredmedia":[{"embeddable":true,"href":"https:\/\/mdbouwmachines.be\/pl\/wp-json\/wp\/v2\/media\/11890"}],"wp:attachment":[{"href":"https:\/\/mdbouwmachines.be\/pl\/wp-json\/wp\/v2\/media?parent=11906"}],"wp:term":[{"taxonomy":"product_brand","embeddable":true,"href":"https:\/\/mdbouwmachines.be\/pl\/wp-json\/wp\/v2\/product_brand?post=11906"},{"taxonomy":"product_cat","embeddable":true,"href":"https:\/\/mdbouwmachines.be\/pl\/wp-json\/wp\/v2\/product_cat?post=11906"},{"taxonomy":"product_tag","embeddable":true,"href":"https:\/\/mdbouwmachines.be\/pl\/wp-json\/wp\/v2\/product_tag?post=11906"}],"curies":[{"name":"wp","href":"https:\/\/api.w.org\/{rel}","templated":true}]}}