{"id":11891,"date":"2025-01-24T10:54:26","date_gmt":"2025-01-24T09:54:26","guid":{"rendered":"https:\/\/mdbouwmachines.be\/product\/maszyna-do-ciecia-husqvarna-k970\/"},"modified":"2025-01-24T10:54:26","modified_gmt":"2025-01-24T09:54:26","slug":"maszyna-do-ciecia-husqvarna-k970","status":"publish","type":"product","link":"https:\/\/mdbouwmachines.be\/pl\/produkt\/maszyna-do-ciecia-husqvarna-k970\/","title":{"rendered":"Maszyna do ci\u0119cia Husqvarna K970"},"content":{"rendered":"","protected":false},"excerpt":{"rendered":"<ul>\n<li>\n<p><strong>Nap\u0119d:<\/strong> Benzyna<\/p>\n<\/li>\n<li>\n<p><strong>Moc wyj\u015bciowa:<\/strong> 4,8 kW<\/p>\n<\/li>\n<li>\n<p><strong>Maksymalna g\u0142\u0119boko\u015b\u0107 ci\u0119cia:<\/strong> 125 mm \u2013 155 mm<\/p>\n<\/li>\n<li>\n<p><strong>\u015arednica ostrza:<\/strong> 350mm \u2013 400mm<\/p>\n<\/li>\n<li>\n<p><strong>\u015arednica trzpienia<\/strong> : <span>20\/25,4 mm<\/span><\/p>\n<\/li>\n<li>\n<p><strong>Grubo\u015b\u0107 ostrza, maks.:<\/strong> 5mm<\/p>\n<\/li>\n<li>\n<p><strong>Waga:<\/strong> 11 kg \u2013 11,6 kg<\/p>\n<\/li>\n<\/ul>\n","protected":false},"featured_media":9257,"template":"","meta":{"_acf_changed":false},"product_brand":[1160],"product_cat":[369],"product_tag":[],"class_list":{"0":"post-11891","1":"product","2":"type-product","3":"status-publish","4":"has-post-thumbnail","6":"product_brand-husqvarna-pl","7":"product_cat-maszyny-reczne","9":"first","10":"instock","11":"taxable","12":"shipping-taxable","13":"purchasable","14":"product-type-simple"},"acf":[],"_links":{"self":[{"href":"https:\/\/mdbouwmachines.be\/pl\/wp-json\/wp\/v2\/product\/11891","targetHints":{"allow":["GET"]}}],"collection":[{"href":"https:\/\/mdbouwmachines.be\/pl\/wp-json\/wp\/v2\/product"}],"about":[{"href":"https:\/\/mdbouwmachines.be\/pl\/wp-json\/wp\/v2\/types\/product"}],"wp:featuredmedia":[{"embeddable":true,"href":"https:\/\/mdbouwmachines.be\/pl\/wp-json\/wp\/v2\/media\/9257"}],"wp:attachment":[{"href":"https:\/\/mdbouwmachines.be\/pl\/wp-json\/wp\/v2\/media?parent=11891"}],"wp:term":[{"taxonomy":"product_brand","embeddable":true,"href":"https:\/\/mdbouwmachines.be\/pl\/wp-json\/wp\/v2\/product_brand?post=11891"},{"taxonomy":"product_cat","embeddable":true,"href":"https:\/\/mdbouwmachines.be\/pl\/wp-json\/wp\/v2\/product_cat?post=11891"},{"taxonomy":"product_tag","embeddable":true,"href":"https:\/\/mdbouwmachines.be\/pl\/wp-json\/wp\/v2\/product_tag?post=11891"}],"curies":[{"name":"wp","href":"https:\/\/api.w.org\/{rel}","templated":true}]}}