{"id":11576,"date":"2025-01-29T15:50:08","date_gmt":"2025-01-29T14:50:08","guid":{"rendered":"https:\/\/mdbouwmachines.be\/product\/fs-20b\/"},"modified":"2025-02-10T11:56:23","modified_gmt":"2025-02-10T10:56:23","slug":"fs-20b","status":"publish","type":"product","link":"https:\/\/mdbouwmachines.be\/pl\/produkt\/fs-20b\/","title":{"rendered":"FS 20B"},"content":{"rendered":"","protected":false},"excerpt":{"rendered":"<p><strong>Szczeg\u00f3lnie zwarta konstrukcja<\/strong><br \/> R\u0119czny posuw zapewnia r\u00f3wnomiern\u0105 pr\u0119dko\u015b\u0107 ci\u0119cia, co gwarantuje proste ci\u0119cie i wyd\u0142u\u017ca \u017cywotno\u015b\u0107 brzeszczotu \u2013 ni\u017csze koszty ci\u0119cia.<\/p>\n","protected":false},"featured_media":12676,"template":"","meta":{"_acf_changed":false},"product_brand":[1155],"product_cat":[332],"product_tag":[],"class_list":{"0":"post-11576","1":"product","2":"type-product","3":"status-publish","4":"has-post-thumbnail","6":"product_brand-lissmac-pl","7":"product_cat-pily-podlogowe","8":"product_shipping_class-dodatkowy","10":"first","11":"instock","12":"taxable","13":"shipping-taxable","14":"purchasable","15":"product-type-simple"},"acf":[],"_links":{"self":[{"href":"https:\/\/mdbouwmachines.be\/pl\/wp-json\/wp\/v2\/product\/11576","targetHints":{"allow":["GET"]}}],"collection":[{"href":"https:\/\/mdbouwmachines.be\/pl\/wp-json\/wp\/v2\/product"}],"about":[{"href":"https:\/\/mdbouwmachines.be\/pl\/wp-json\/wp\/v2\/types\/product"}],"wp:featuredmedia":[{"embeddable":true,"href":"https:\/\/mdbouwmachines.be\/pl\/wp-json\/wp\/v2\/media\/12676"}],"wp:attachment":[{"href":"https:\/\/mdbouwmachines.be\/pl\/wp-json\/wp\/v2\/media?parent=11576"}],"wp:term":[{"taxonomy":"product_brand","embeddable":true,"href":"https:\/\/mdbouwmachines.be\/pl\/wp-json\/wp\/v2\/product_brand?post=11576"},{"taxonomy":"product_cat","embeddable":true,"href":"https:\/\/mdbouwmachines.be\/pl\/wp-json\/wp\/v2\/product_cat?post=11576"},{"taxonomy":"product_tag","embeddable":true,"href":"https:\/\/mdbouwmachines.be\/pl\/wp-json\/wp\/v2\/product_tag?post=11576"}],"curies":[{"name":"wp","href":"https:\/\/api.w.org\/{rel}","templated":true}]}}