{"id":14105,"date":"2025-01-29T01:52:01","date_gmt":"2025-01-29T00:52:01","guid":{"rendered":"https:\/\/mdbouwmachines.be\/koszyk\/"},"modified":"2025-02-12T12:04:43","modified_gmt":"2025-02-12T11:04:43","slug":"koszyk","status":"publish","type":"page","link":"https:\/\/mdbouwmachines.be\/pl\/koszyk\/","title":{"rendered":"Koszyk"},"content":{"rendered":"\n<div data-block-name=\"woocommerce\/cart\" class=\"wp-block-woocommerce-cart alignwide is-loading\">\n<div data-block-name=\"woocommerce\/filled-cart-block\" class=\"wp-block-woocommerce-filled-cart-block\">\n<div data-block-name=\"woocommerce\/cart-items-block\" class=\"wp-block-woocommerce-cart-items-block\">\n<div data-block-name=\"woocommerce\/cart-line-items-block\" class=\"wp-block-woocommerce-cart-line-items-block\"><\/div>\n\n\n\n<div data-block-name=\"woocommerce\/cart-cross-sells-block\" class=\"wp-block-woocommerce-cart-cross-sells-block\">\n<h2 class=\"wp-block-heading has-large-font-size\">Mo\u017cesz by\u0107 zainteresowany&#8230;<\/h2>\n\n\n\n<div data-block-name=\"woocommerce\/cart-cross-sells-products-block\" class=\"wp-block-woocommerce-cart-cross-sells-products-block\"><\/div>\n<\/div>\n<\/div>\n\n\n\n<div data-block-name=\"woocommerce\/cart-totals-block\" class=\"wp-block-woocommerce-cart-totals-block\">\n<div data-block-name=\"woocommerce\/cart-order-summary-block\" class=\"wp-block-woocommerce-cart-order-summary-block\">\n<div data-block-name=\"woocommerce\/cart-order-summary-heading-block\" class=\"wp-block-woocommerce-cart-order-summary-heading-block\"><\/div><div data-block-name=\"woocommerce\/cart-order-summary-coupon-form-block\" class=\"wp-block-woocommerce-cart-order-summary-coupon-form-block\"><\/div><div data-block-name=\"woocommerce\/cart-order-summary-totals-block\" class=\"wp-block-woocommerce-cart-order-summary-totals-block\">\n<div data-block-name=\"woocommerce\/cart-order-summary-subtotal-block\" class=\"wp-block-woocommerce-cart-order-summary-subtotal-block\"><\/div>\n<div data-block-name=\"woocommerce\/cart-order-summary-discount-block\" class=\"wp-block-woocommerce-cart-order-summary-discount-block\"><\/div>\n<div data-block-name=\"woocommerce\/cart-order-summary-fee-block\" class=\"wp-block-woocommerce-cart-order-summary-fee-block\"><\/div>\n<div data-block-name=\"woocommerce\/cart-order-summary-shipping-block\" class=\"wp-block-woocommerce-cart-order-summary-shipping-block\"><\/div>\n<div data-block-name=\"woocommerce\/cart-order-summary-taxes-block\" class=\"wp-block-woocommerce-cart-order-summary-taxes-block\"><\/div><\/div>\n<\/div>\n\n\n\n<div data-block-name=\"woocommerce\/cart-express-payment-block\" class=\"wp-block-woocommerce-cart-express-payment-block\"><\/div>\n\n\n\n<div data-block-name=\"woocommerce\/proceed-to-checkout-block\" class=\"wp-block-woocommerce-proceed-to-checkout-block\"><\/div>\n\n\n\n<div data-block-name=\"woocommerce\/cart-accepted-payment-methods-block\" class=\"wp-block-woocommerce-cart-accepted-payment-methods-block\"><\/div>\n<\/div>\n<\/div>\n\n\n\n<div data-block-name=\"woocommerce\/empty-cart-block\" class=\"wp-block-woocommerce-empty-cart-block\">\n<h2 class=\"wp-block-heading has-text-align-center with-empty-cart-icon wc-block-cart__empty-cart__title\">Tw\u00f3j koszyk jest obecnie pusty!<\/h2>\n\n\n\n<hr class=\"wp-block-separator has-alpha-channel-opacity is-style-dots\"\/>\n\n\n\n<h2 class=\"wp-block-heading has-text-align-center\">Nowo\u015b\u0107 w sklepie<\/h2>\n\n\n<div data-block-name=\"woocommerce\/product-new\" data-columns=\"4\" data-rows=\"1\" class=\"wc-block-grid wp-block-product-new wp-block-woocommerce-product-new wc-block-product-new has-4-columns\"><ul class=\"wc-block-grid__products\"><li class=\"wc-block-grid__product\">\n\t\t\t\t<a href=\"https:\/\/mdbouwmachines.be\/pl\/produkt\/honda-eg5500-cl-kopie\/\" class=\"wc-block-grid__product-link\">\n\t\t\t\t\t<div class=\"wc-block-grid__product-onsale\">\n\t\t\t<span aria-hidden=\"true\">Promocja<\/span>\n\t\t\t<span class=\"screen-reader-text\">Produkt w promocji<\/span>\n\t\t<\/div>\n\t\t\t\t\t<div class=\"wc-block-grid__product-image\"><img loading=\"lazy\" decoding=\"async\" width=\"300\" height=\"169\" src=\"https:\/\/mdbouwmachines.be\/wp-content\/uploads\/2025\/03\/HondaEM5500CXS_001-300x169.jpg\" class=\"attachment-woocommerce_thumbnail size-woocommerce_thumbnail\" alt=\"Honda EM5500 CXS\" srcset=\"https:\/\/mdbouwmachines.be\/wp-content\/uploads\/2025\/03\/HondaEM5500CXS_001-300x169.jpg 300w, https:\/\/mdbouwmachines.be\/wp-content\/uploads\/2025\/03\/HondaEM5500CXS_001-1024x576.jpg 1024w, https:\/\/mdbouwmachines.be\/wp-content\/uploads\/2025\/03\/HondaEM5500CXS_001-768x432.jpg 768w, https:\/\/mdbouwmachines.be\/wp-content\/uploads\/2025\/03\/HondaEM5500CXS_001-990x557.jpg 990w, https:\/\/mdbouwmachines.be\/wp-content\/uploads\/2025\/03\/HondaEM5500CXS_001-441x248.jpg 441w, https:\/\/mdbouwmachines.be\/wp-content\/uploads\/2025\/03\/HondaEM5500CXS_001-800x450.jpg 800w, https:\/\/mdbouwmachines.be\/wp-content\/uploads\/2025\/03\/HondaEM5500CXS_001-150x84.jpg 150w, https:\/\/mdbouwmachines.be\/wp-content\/uploads\/2025\/03\/HondaEM5500CXS_001.jpg 1296w\" sizes=\"auto, (max-width: 360px) 147px, (max-width: 300px) 100vw, 300px\" \/><\/div>\n\t\t\t\t\t<div class=\"wc-block-grid__product-title\">Honda EM5500 CXS<\/div>\n\t\t\t\t<\/a>\n\t\t\t\t<div class=\"wc-block-grid__product-price price\"><del aria-hidden=\"true\"><span class=\"woocommerce-Price-amount amount\">16 819,00&nbsp;<span class=\"woocommerce-Price-currencySymbol\">&#122;&#322;<\/span><\/span><\/del> <span class=\"screen-reader-text\">Pierwotna cena wynosi\u0142a: 16 819,00&nbsp;&#122;&#322;.<\/span><ins aria-hidden=\"true\"><span class=\"woocommerce-Price-amount amount\">13 969,00&nbsp;<span class=\"woocommerce-Price-currencySymbol\">&#122;&#322;<\/span><\/span><\/ins><span class=\"screen-reader-text\">Aktualna cena wynosi: 13 969,00&nbsp;&#122;&#322;.<\/span> <small class=\"woocommerce-price-suffix\">z wy\u0142\u0105czeniem btw <\/small><\/div>\n\t\t\t\t\n\t\t\t\t<div class=\"wp-block-button wc-block-grid__product-add-to-cart\"><a href=\"\/pl\/wp-json\/wp\/v2\/pages\/14105?add-to-cart=18844\" aria-label=\"Dodaj do koszyka: &bdquo;Honda EM5500 CXS&rdquo;\" data-quantity=\"1\" data-product_id=\"18844\" data-product_sku=\"HOEG5500CL-1\" data-price=\"13969\" rel=\"nofollow\" class=\"wp-block-button__link  add_to_cart_button ajax_add_to_cart\">Dodaj do koszyka<\/a><\/div>\n\t\t\t<\/li><li class=\"wc-block-grid__product\">\n\t\t\t\t<a href=\"https:\/\/mdbouwmachines.be\/pl\/produkt\/mk8-75-barikell-2\/\" class=\"wc-block-grid__product-link\">\n\t\t\t\t\t\n\t\t\t\t\t<div class=\"wc-block-grid__product-image\"><img loading=\"lazy\" decoding=\"async\" width=\"300\" height=\"225\" src=\"https:\/\/mdbouwmachines.be\/wp-content\/uploads\/2025\/03\/20250320_134233-300x225.jpg\" class=\"attachment-woocommerce_thumbnail size-woocommerce_thumbnail\" alt=\"MK8-75 Barikell\" srcset=\"https:\/\/mdbouwmachines.be\/wp-content\/uploads\/2025\/03\/20250320_134233-300x225.jpg 300w, https:\/\/mdbouwmachines.be\/wp-content\/uploads\/2025\/03\/20250320_134233-1024x768.jpg 1024w, https:\/\/mdbouwmachines.be\/wp-content\/uploads\/2025\/03\/20250320_134233-768x576.jpg 768w, https:\/\/mdbouwmachines.be\/wp-content\/uploads\/2025\/03\/20250320_134233-1536x1152.jpg 1536w, https:\/\/mdbouwmachines.be\/wp-content\/uploads\/2025\/03\/20250320_134233-2048x1536.jpg 2048w, https:\/\/mdbouwmachines.be\/wp-content\/uploads\/2025\/03\/20250320_134233-990x743.jpg 990w, https:\/\/mdbouwmachines.be\/wp-content\/uploads\/2025\/03\/20250320_134233-441x331.jpg 441w, https:\/\/mdbouwmachines.be\/wp-content\/uploads\/2025\/03\/20250320_134233-800x600.jpg 800w, https:\/\/mdbouwmachines.be\/wp-content\/uploads\/2025\/03\/20250320_134233-150x113.jpg 150w\" sizes=\"auto, (max-width: 360px) 147px, (max-width: 300px) 100vw, 300px\" \/><\/div>\n\t\t\t\t\t<div class=\"wc-block-grid__product-title\">MK8-75 Barikell<\/div>\n\t\t\t\t<\/a>\n\t\t\t\t<div class=\"wc-block-grid__product-price price\"><span class=\"woocommerce-Price-amount amount\">19 669,00&nbsp;<span class=\"woocommerce-Price-currencySymbol\">&#122;&#322;<\/span><\/span> <small class=\"woocommerce-price-suffix\">z wy\u0142\u0105czeniem btw <\/small><\/div>\n\t\t\t\t\n\t\t\t\t<div class=\"wp-block-button wc-block-grid__product-add-to-cart\"><a href=\"https:\/\/mdbouwmachines.be\/pl\/produkt\/mk8-75-barikell-2\/\" aria-label=\"Przeczytaj wi\u0119cej o &bdquo;MK8-75 Barikell&rdquo;\" data-quantity=\"1\" data-product_id=\"18752\" data-product_sku=\"MK8-75-2dehands\" data-price=\"19669\" rel=\"nofollow\" class=\"wp-block-button__link  add_to_cart_button\">Dowiedz si\u0119 wi\u0119cej<\/a><\/div>\n\t\t\t<\/li><li class=\"wc-block-grid__product\">\n\t\t\t\t<a href=\"https:\/\/mdbouwmachines.be\/pl\/produkt\/podwojna-bateria-90-conmec\/\" class=\"wc-block-grid__product-link\">\n\t\t\t\t\t<div class=\"wc-block-grid__product-onsale\">\n\t\t\t<span aria-hidden=\"true\">Promocja<\/span>\n\t\t\t<span class=\"screen-reader-text\">Produkt w promocji<\/span>\n\t\t<\/div>\n\t\t\t\t\t<div class=\"wc-block-grid__product-image\"><img loading=\"lazy\" decoding=\"async\" width=\"300\" height=\"225\" src=\"https:\/\/mdbouwmachines.be\/wp-content\/uploads\/2025\/03\/20250324_100826-300x225.jpg\" class=\"attachment-woocommerce_thumbnail size-woocommerce_thumbnail\" alt=\"Podw\u00f3jna bateria 90 CONMEC\" srcset=\"https:\/\/mdbouwmachines.be\/wp-content\/uploads\/2025\/03\/20250324_100826-300x225.jpg 300w, https:\/\/mdbouwmachines.be\/wp-content\/uploads\/2025\/03\/20250324_100826-1024x768.jpg 1024w, https:\/\/mdbouwmachines.be\/wp-content\/uploads\/2025\/03\/20250324_100826-768x576.jpg 768w, https:\/\/mdbouwmachines.be\/wp-content\/uploads\/2025\/03\/20250324_100826-1536x1152.jpg 1536w, https:\/\/mdbouwmachines.be\/wp-content\/uploads\/2025\/03\/20250324_100826-2048x1536.jpg 2048w, https:\/\/mdbouwmachines.be\/wp-content\/uploads\/2025\/03\/20250324_100826-990x743.jpg 990w, https:\/\/mdbouwmachines.be\/wp-content\/uploads\/2025\/03\/20250324_100826-441x331.jpg 441w, https:\/\/mdbouwmachines.be\/wp-content\/uploads\/2025\/03\/20250324_100826-800x600.jpg 800w, https:\/\/mdbouwmachines.be\/wp-content\/uploads\/2025\/03\/20250324_100826-150x113.jpg 150w\" sizes=\"auto, (max-width: 360px) 147px, (max-width: 300px) 100vw, 300px\" \/><\/div>\n\t\t\t\t\t<div class=\"wc-block-grid__product-title\">Podw\u00f3jna bateria 90 CONMEC<\/div>\n\t\t\t\t<\/a>\n\t\t\t\t<div class=\"wc-block-grid__product-price price\"><del aria-hidden=\"true\"><span class=\"woocommerce-Price-amount amount\">67 739,00&nbsp;<span class=\"woocommerce-Price-currencySymbol\">&#122;&#322;<\/span><\/span><\/del> <span class=\"screen-reader-text\">Pierwotna cena wynosi\u0142a: 67 739,00&nbsp;&#122;&#322;.<\/span><ins aria-hidden=\"true\"><span class=\"woocommerce-Price-amount amount\">37 149,00&nbsp;<span class=\"woocommerce-Price-currencySymbol\">&#122;&#322;<\/span><\/span><\/ins><span class=\"screen-reader-text\">Aktualna cena wynosi: 37 149,00&nbsp;&#122;&#322;.<\/span> <small class=\"woocommerce-price-suffix\">z wy\u0142\u0105czeniem btw <\/small><\/div>\n\t\t\t\t\n\t\t\t\t<div class=\"wp-block-button wc-block-grid__product-add-to-cart\"><a href=\"\/pl\/wp-json\/wp\/v2\/pages\/14105?add-to-cart=18552\" aria-label=\"Dodaj do koszyka: &bdquo;Podw\u00f3jna bateria 90 CONMEC&rdquo;\" data-quantity=\"1\" data-product_id=\"18552\" data-product_sku=\"enkele-90-conmec-batterij-2\" data-price=\"37149\" rel=\"nofollow\" class=\"wp-block-button__link  add_to_cart_button ajax_add_to_cart\">Dodaj do koszyka<\/a><\/div>\n\t\t\t<\/li><li class=\"wc-block-grid__product\">\n\t\t\t\t<a href=\"https:\/\/mdbouwmachines.be\/pl\/produkt\/2-x-bateria-edge-finisher-75-conmec\/\" class=\"wc-block-grid__product-link\">\n\t\t\t\t\t<div class=\"wc-block-grid__product-onsale\">\n\t\t\t<span aria-hidden=\"true\">Promocja<\/span>\n\t\t\t<span class=\"screen-reader-text\">Produkt w promocji<\/span>\n\t\t<\/div>\n\t\t\t\t\t<div class=\"wc-block-grid__product-image\"><img loading=\"lazy\" decoding=\"async\" width=\"300\" height=\"225\" src=\"https:\/\/mdbouwmachines.be\/wp-content\/uploads\/2025\/03\/20250320_145658-300x225.jpg\" class=\"attachment-woocommerce_thumbnail size-woocommerce_thumbnail\" alt=\"Wyko\u0144czenie kraw\u0119dzi 75 Akumulator CONMEC\" srcset=\"https:\/\/mdbouwmachines.be\/wp-content\/uploads\/2025\/03\/20250320_145658-300x225.jpg 300w, https:\/\/mdbouwmachines.be\/wp-content\/uploads\/2025\/03\/20250320_145658-1024x768.jpg 1024w, https:\/\/mdbouwmachines.be\/wp-content\/uploads\/2025\/03\/20250320_145658-768x576.jpg 768w, https:\/\/mdbouwmachines.be\/wp-content\/uploads\/2025\/03\/20250320_145658-1536x1152.jpg 1536w, https:\/\/mdbouwmachines.be\/wp-content\/uploads\/2025\/03\/20250320_145658-2048x1536.jpg 2048w, https:\/\/mdbouwmachines.be\/wp-content\/uploads\/2025\/03\/20250320_145658-990x743.jpg 990w, https:\/\/mdbouwmachines.be\/wp-content\/uploads\/2025\/03\/20250320_145658-441x331.jpg 441w, https:\/\/mdbouwmachines.be\/wp-content\/uploads\/2025\/03\/20250320_145658-800x600.jpg 800w, https:\/\/mdbouwmachines.be\/wp-content\/uploads\/2025\/03\/20250320_145658-150x113.jpg 150w\" sizes=\"auto, (max-width: 360px) 147px, (max-width: 300px) 100vw, 300px\" \/><\/div>\n\t\t\t\t\t<div class=\"wc-block-grid__product-title\">Wyko\u0144czenie kraw\u0119dzi 75 Akumulator CONMEC<\/div>\n\t\t\t\t<\/a>\n\t\t\t\t<div class=\"wc-block-grid__product-price price\"><del aria-hidden=\"true\"><span class=\"woocommerce-Price-amount amount\">17 269,00&nbsp;<span class=\"woocommerce-Price-currencySymbol\">&#122;&#322;<\/span><\/span><\/del> <span class=\"screen-reader-text\">Pierwotna cena wynosi\u0142a: 17 269,00&nbsp;&#122;&#322;.<\/span><ins aria-hidden=\"true\"><span class=\"woocommerce-Price-amount amount\">8 529,00&nbsp;<span class=\"woocommerce-Price-currencySymbol\">&#122;&#322;<\/span><\/span><\/ins><span class=\"screen-reader-text\">Aktualna cena wynosi: 8 529,00&nbsp;&#122;&#322;.<\/span> <small class=\"woocommerce-price-suffix\">z wy\u0142\u0105czeniem btw <\/small><\/div>\n\t\t\t\t\n\t\t\t\t<div class=\"wp-block-button wc-block-grid__product-add-to-cart\"><a href=\"https:\/\/mdbouwmachines.be\/pl\/produkt\/2-x-bateria-edge-finisher-75-conmec\/\" aria-label=\"Przeczytaj wi\u0119cej o &bdquo;Wyko\u0144czenie kraw\u0119dzi 75 Akumulator CONMEC&rdquo;\" data-quantity=\"1\" data-product_id=\"18535\" data-product_sku=\"enkele-90-conmec-batterij-1-1\" data-price=\"8529\" rel=\"nofollow\" class=\"wp-block-button__link  add_to_cart_button\">Dowiedz si\u0119 wi\u0119cej<\/a><\/div>\n\t\t\t<\/li><\/ul><\/div><\/div>\n<\/div>\n","protected":false},"excerpt":{"rendered":"","protected":false},"author":1,"featured_media":0,"parent":0,"menu_order":0,"comment_status":"closed","ping_status":"closed","template":"","meta":{"_acf_changed":false,"footnotes":""},"class_list":["post-14105","page","type-page","status-publish","hentry"],"acf":[],"_links":{"self":[{"href":"https:\/\/mdbouwmachines.be\/pl\/wp-json\/wp\/v2\/pages\/14105","targetHints":{"allow":["GET"]}}],"collection":[{"href":"https:\/\/mdbouwmachines.be\/pl\/wp-json\/wp\/v2\/pages"}],"about":[{"href":"https:\/\/mdbouwmachines.be\/pl\/wp-json\/wp\/v2\/types\/page"}],"author":[{"embeddable":true,"href":"https:\/\/mdbouwmachines.be\/pl\/wp-json\/wp\/v2\/users\/1"}],"replies":[{"embeddable":true,"href":"https:\/\/mdbouwmachines.be\/pl\/wp-json\/wp\/v2\/comments?post=14105"}],"version-history":[{"count":0,"href":"https:\/\/mdbouwmachines.be\/pl\/wp-json\/wp\/v2\/pages\/14105\/revisions"}],"wp:attachment":[{"href":"https:\/\/mdbouwmachines.be\/pl\/wp-json\/wp\/v2\/media?parent=14105"}],"curies":[{"name":"wp","href":"https:\/\/api.w.org\/{rel}","templated":true}]}}