{"id":11521,"date":"2018-07-07T11:27:10","date_gmt":"2018-07-07T10:27:10","guid":{"rendered":"https:\/\/mdbouwmachines.be\/skontaktuj-sie-z-nami\/"},"modified":"2025-03-28T10:10:45","modified_gmt":"2025-03-28T09:10:45","slug":"skontaktuj-sie-z-nami","status":"publish","type":"page","link":"https:\/\/mdbouwmachines.be\/pl\/skontaktuj-sie-z-nami\/","title":{"rendered":"Skontaktuj si\u0119 z nami"},"content":{"rendered":"\t\t<div data-elementor-type=\"wp-post\" data-elementor-id=\"11521\" class=\"elementor elementor-11521 elementor-1132\">\n\t\t\t\t\t\t<section class=\"elementor-section elementor-top-section elementor-element elementor-element-3fdebd4 elementor-section-content-top elementor-section-boxed elementor-section-height-default elementor-section-height-default\" data-id=\"3fdebd4\" data-element_type=\"section\" data-e-type=\"section\">\n\t\t\t\t\t\t<div class=\"elementor-container elementor-column-gap-wider\">\n\t\t\t\t\t<div class=\"elementor-column elementor-col-50 elementor-top-column elementor-element elementor-element-b276ccd\" data-id=\"b276ccd\" data-element_type=\"column\" data-e-type=\"column\">\n\t\t\t<div class=\"elementor-widget-wrap elementor-element-populated\">\n\t\t\t\t\t\t<div class=\"elementor-element elementor-element-ca20b00 elementor-widget elementor-widget-heading\" data-id=\"ca20b00\" data-element_type=\"widget\" data-e-type=\"widget\" data-widget_type=\"heading.default\">\n\t\t\t\t<div class=\"elementor-widget-container\">\n\t\t\t\t\t<h1 class=\"elementor-heading-title elementor-size-default\">Cz\u0119sto zadawane pytania<\/h1>\t\t\t\t<\/div>\n\t\t\t\t<\/div>\n\t\t\t\t<div class=\"elementor-element elementor-element-8d97d7f elementor-widget elementor-widget-accordion\" data-id=\"8d97d7f\" data-element_type=\"widget\" data-e-type=\"widget\" data-widget_type=\"accordion.default\">\n\t\t\t\t<div class=\"elementor-widget-container\">\n\t\t\t\t\t\t\t<div class=\"elementor-accordion\">\n\t\t\t\t\t\t\t<div class=\"elementor-accordion-item\">\n\t\t\t\t\t<div id=\"elementor-tab-title-1481\" class=\"elementor-tab-title\" data-tab=\"1\" role=\"button\" aria-controls=\"elementor-tab-content-1481\" aria-expanded=\"false\">\n\t\t\t\t\t\t\t\t\t\t\t\t\t<span class=\"elementor-accordion-icon elementor-accordion-icon-right\" aria-hidden=\"true\">\n\t\t\t\t\t\t\t\t\t\t\t\t\t\t\t<span class=\"elementor-accordion-icon-closed\"><svg class=\"e-font-icon-svg e-fas-angle-down\" viewBox=\"0 0 320 512\" xmlns=\"http:\/\/www.w3.org\/2000\/svg\"><path d=\"M143 352.3L7 216.3c-9.4-9.4-9.4-24.6 0-33.9l22.6-22.6c9.4-9.4 24.6-9.4 33.9 0l96.4 96.4 96.4-96.4c9.4-9.4 24.6-9.4 33.9 0l22.6 22.6c9.4 9.4 9.4 24.6 0 33.9l-136 136c-9.2 9.4-24.4 9.4-33.8 0z\"><\/path><\/svg><\/span>\n\t\t\t\t\t\t\t\t<span class=\"elementor-accordion-icon-opened\"><svg class=\"e-font-icon-svg e-fas-angle-up\" viewBox=\"0 0 320 512\" xmlns=\"http:\/\/www.w3.org\/2000\/svg\"><path d=\"M177 159.7l136 136c9.4 9.4 9.4 24.6 0 33.9l-22.6 22.6c-9.4 9.4-24.6 9.4-33.9 0L160 255.9l-96.4 96.4c-9.4 9.4-24.6 9.4-33.9 0L7 329.7c-9.4-9.4-9.4-24.6 0-33.9l136-136c9.4-9.5 24.6-9.5 34-.1z\"><\/path><\/svg><\/span>\n\t\t\t\t\t\t\t\t\t\t\t\t\t\t<\/span>\n\t\t\t\t\t\t\t\t\t\t\t\t<a class=\"elementor-accordion-title\" tabindex=\"0\">Gdzie mog\u0119 odebra\u0107 zam\u00f3wienie?<\/a>\n\t\t\t\t\t<\/div>\n\t\t\t\t\t<div id=\"elementor-tab-content-1481\" class=\"elementor-tab-content elementor-clearfix\" data-tab=\"1\" role=\"region\" aria-labelledby=\"elementor-tab-title-1481\"><p class=\"p1\">Je\u017celi zaznaczy\u0142e\u015b, \u017ce chcesz odebra\u0107 swoje zam\u00f3wienie, mo\u017cesz je odebra\u0107 pod adresem:<\/p>\n<p class=\"p1\">MD Bouwmachines, <strong>Grote Leiestraat 68, 8570 Anzegem, Belgia<\/strong> .<\/p>\n<\/div>\n\t\t\t\t<\/div>\n\t\t\t\t\t\t\t<div class=\"elementor-accordion-item\">\n\t\t\t\t\t<div id=\"elementor-tab-title-1482\" class=\"elementor-tab-title\" data-tab=\"2\" role=\"button\" aria-controls=\"elementor-tab-content-1482\" aria-expanded=\"false\">\n\t\t\t\t\t\t\t\t\t\t\t\t\t<span class=\"elementor-accordion-icon elementor-accordion-icon-right\" aria-hidden=\"true\">\n\t\t\t\t\t\t\t\t\t\t\t\t\t\t\t<span class=\"elementor-accordion-icon-closed\"><svg class=\"e-font-icon-svg e-fas-angle-down\" viewBox=\"0 0 320 512\" xmlns=\"http:\/\/www.w3.org\/2000\/svg\"><path d=\"M143 352.3L7 216.3c-9.4-9.4-9.4-24.6 0-33.9l22.6-22.6c9.4-9.4 24.6-9.4 33.9 0l96.4 96.4 96.4-96.4c9.4-9.4 24.6-9.4 33.9 0l22.6 22.6c9.4 9.4 9.4 24.6 0 33.9l-136 136c-9.2 9.4-24.4 9.4-33.8 0z\"><\/path><\/svg><\/span>\n\t\t\t\t\t\t\t\t<span class=\"elementor-accordion-icon-opened\"><svg class=\"e-font-icon-svg e-fas-angle-up\" viewBox=\"0 0 320 512\" xmlns=\"http:\/\/www.w3.org\/2000\/svg\"><path d=\"M177 159.7l136 136c9.4 9.4 9.4 24.6 0 33.9l-22.6 22.6c-9.4 9.4-24.6 9.4-33.9 0L160 255.9l-96.4 96.4c-9.4 9.4-24.6 9.4-33.9 0L7 329.7c-9.4-9.4-9.4-24.6 0-33.9l136-136c9.4-9.5 24.6-9.5 34-.1z\"><\/path><\/svg><\/span>\n\t\t\t\t\t\t\t\t\t\t\t\t\t\t<\/span>\n\t\t\t\t\t\t\t\t\t\t\t\t<a class=\"elementor-accordion-title\" tabindex=\"0\">Czy zajmujesz si\u0119 r\u00f3wnie\u017c konserwacj\u0105?<\/a>\n\t\t\t\t\t<\/div>\n\t\t\t\t\t<div id=\"elementor-tab-content-1482\" class=\"elementor-tab-content elementor-clearfix\" data-tab=\"2\" role=\"region\" aria-labelledby=\"elementor-tab-title-1482\"><p class=\"p1\">Tak! Posiadamy w\u0142asny warsztat, w kt\u00f3rym przeprowadzamy konserwacje i naprawy. Dzi\u0119ki temu Twoja maszyna jest w doskona\u0142ym stanie i wyd\u0142u\u017ca jej \u017cywotno\u015b\u0107.  <\/p>\n<\/div>\n\t\t\t\t<\/div>\n\t\t\t\t\t\t\t<div class=\"elementor-accordion-item\">\n\t\t\t\t\t<div id=\"elementor-tab-title-1483\" class=\"elementor-tab-title\" data-tab=\"3\" role=\"button\" aria-controls=\"elementor-tab-content-1483\" aria-expanded=\"false\">\n\t\t\t\t\t\t\t\t\t\t\t\t\t<span class=\"elementor-accordion-icon elementor-accordion-icon-right\" aria-hidden=\"true\">\n\t\t\t\t\t\t\t\t\t\t\t\t\t\t\t<span class=\"elementor-accordion-icon-closed\"><svg class=\"e-font-icon-svg e-fas-angle-down\" viewBox=\"0 0 320 512\" xmlns=\"http:\/\/www.w3.org\/2000\/svg\"><path d=\"M143 352.3L7 216.3c-9.4-9.4-9.4-24.6 0-33.9l22.6-22.6c9.4-9.4 24.6-9.4 33.9 0l96.4 96.4 96.4-96.4c9.4-9.4 24.6-9.4 33.9 0l22.6 22.6c9.4 9.4 9.4 24.6 0 33.9l-136 136c-9.2 9.4-24.4 9.4-33.8 0z\"><\/path><\/svg><\/span>\n\t\t\t\t\t\t\t\t<span class=\"elementor-accordion-icon-opened\"><svg class=\"e-font-icon-svg e-fas-angle-up\" viewBox=\"0 0 320 512\" xmlns=\"http:\/\/www.w3.org\/2000\/svg\"><path d=\"M177 159.7l136 136c9.4 9.4 9.4 24.6 0 33.9l-22.6 22.6c-9.4 9.4-24.6 9.4-33.9 0L160 255.9l-96.4 96.4c-9.4 9.4-24.6 9.4-33.9 0L7 329.7c-9.4-9.4-9.4-24.6 0-33.9l136-136c9.4-9.5 24.6-9.5 34-.1z\"><\/path><\/svg><\/span>\n\t\t\t\t\t\t\t\t\t\t\t\t\t\t<\/span>\n\t\t\t\t\t\t\t\t\t\t\t\t<a class=\"elementor-accordion-title\" tabindex=\"0\">Do jakich kraj\u00f3w wysy\u0142acie?<\/a>\n\t\t\t\t\t<\/div>\n\t\t\t\t\t<div id=\"elementor-tab-content-1483\" class=\"elementor-tab-content elementor-clearfix\" data-tab=\"3\" role=\"region\" aria-labelledby=\"elementor-tab-title-1483\"><p class=\"p1\">Nasze produkty dostarczamy na terenie ca\u0142ej Europy. Gdziekolwiek znajduje si\u0119 Twoja firma, dbamy o to, aby Twoje zam\u00f3wienie dotar\u0142o do Ciebie bezpiecznie i szybko. <\/p>\n<\/div>\n\t\t\t\t<\/div>\n\t\t\t\t\t\t\t<div class=\"elementor-accordion-item\">\n\t\t\t\t\t<div id=\"elementor-tab-title-1484\" class=\"elementor-tab-title\" data-tab=\"4\" role=\"button\" aria-controls=\"elementor-tab-content-1484\" aria-expanded=\"false\">\n\t\t\t\t\t\t\t\t\t\t\t\t\t<span class=\"elementor-accordion-icon elementor-accordion-icon-right\" aria-hidden=\"true\">\n\t\t\t\t\t\t\t\t\t\t\t\t\t\t\t<span class=\"elementor-accordion-icon-closed\"><svg class=\"e-font-icon-svg e-fas-angle-down\" viewBox=\"0 0 320 512\" xmlns=\"http:\/\/www.w3.org\/2000\/svg\"><path d=\"M143 352.3L7 216.3c-9.4-9.4-9.4-24.6 0-33.9l22.6-22.6c9.4-9.4 24.6-9.4 33.9 0l96.4 96.4 96.4-96.4c9.4-9.4 24.6-9.4 33.9 0l22.6 22.6c9.4 9.4 9.4 24.6 0 33.9l-136 136c-9.2 9.4-24.4 9.4-33.8 0z\"><\/path><\/svg><\/span>\n\t\t\t\t\t\t\t\t<span class=\"elementor-accordion-icon-opened\"><svg class=\"e-font-icon-svg e-fas-angle-up\" viewBox=\"0 0 320 512\" xmlns=\"http:\/\/www.w3.org\/2000\/svg\"><path d=\"M177 159.7l136 136c9.4 9.4 9.4 24.6 0 33.9l-22.6 22.6c-9.4 9.4-24.6 9.4-33.9 0L160 255.9l-96.4 96.4c-9.4 9.4-24.6 9.4-33.9 0L7 329.7c-9.4-9.4-9.4-24.6 0-33.9l136-136c9.4-9.5 24.6-9.5 34-.1z\"><\/path><\/svg><\/span>\n\t\t\t\t\t\t\t\t\t\t\t\t\t\t<\/span>\n\t\t\t\t\t\t\t\t\t\t\t\t<a class=\"elementor-accordion-title\" tabindex=\"0\">Czy mog\u0119 wynaj\u0105\u0107 maszyny?<\/a>\n\t\t\t\t\t<\/div>\n\t\t\t\t\t<div id=\"elementor-tab-content-1484\" class=\"elementor-tab-content elementor-clearfix\" data-tab=\"4\" role=\"region\" aria-labelledby=\"elementor-tab-title-1484\"><p class=\"p1\">Absolutny! Skontaktuj si\u0119 z nami i wska\u017c jak\u0105 maszyn\u0119 chcesz wynaj\u0105\u0107. Masz kr\u00f3tkie lub jednorazowe zlecenie? W takim razie wynaj\u0119cie maszyny od MD Bouwmachines jest m\u0105drym rozwi\u0105zaniem. W ten spos\u00f3b mo\u017cesz pomy\u015blnie wykona\u0107 zadanie bez konieczno\u015bci natychmiastowej inwestycji w kompletny park maszynowy.    <\/p>\n<\/div>\n\t\t\t\t<\/div>\n\t\t\t\t\t\t\t\t\t\t<script type=\"application\/ld+json\">{\"@context\":\"https:\\\/\\\/schema.org\",\"@type\":\"FAQPage\",\"mainEntity\":[{\"@type\":\"Question\",\"name\":\"Gdzie mog\\u0119 odebra\\u0107 zam\\u00f3wienie?\",\"acceptedAnswer\":{\"@type\":\"Answer\",\"text\":\"<p class=\\\"p1\\\">Je\\u017celi zaznaczy\\u0142e\\u015b, \\u017ce chcesz odebra\\u0107 swoje zam\\u00f3wienie, mo\\u017cesz je odebra\\u0107 pod adresem:<\\\/p>\\n<p class=\\\"p1\\\">MD Bouwmachines, <strong>Grote Leiestraat 68, 8570 Anzegem, Belgia<\\\/strong> .<\\\/p>\\n\"}},{\"@type\":\"Question\",\"name\":\"Czy zajmujesz si\\u0119 r\\u00f3wnie\\u017c konserwacj\\u0105?\",\"acceptedAnswer\":{\"@type\":\"Answer\",\"text\":\"<p class=\\\"p1\\\">Tak! Posiadamy w\\u0142asny warsztat, w kt\\u00f3rym przeprowadzamy konserwacje i naprawy. Dzi\\u0119ki temu Twoja maszyna jest w doskona\\u0142ym stanie i wyd\\u0142u\\u017ca jej \\u017cywotno\\u015b\\u0107.  <\\\/p>\\n\"}},{\"@type\":\"Question\",\"name\":\"Do jakich kraj\\u00f3w wysy\\u0142acie?\",\"acceptedAnswer\":{\"@type\":\"Answer\",\"text\":\"<p class=\\\"p1\\\">Nasze produkty dostarczamy na terenie ca\\u0142ej Europy. Gdziekolwiek znajduje si\\u0119 Twoja firma, dbamy o to, aby Twoje zam\\u00f3wienie dotar\\u0142o do Ciebie bezpiecznie i szybko. <\\\/p>\\n\"}},{\"@type\":\"Question\",\"name\":\"Czy mog\\u0119 wynaj\\u0105\\u0107 maszyny?\",\"acceptedAnswer\":{\"@type\":\"Answer\",\"text\":\"<p class=\\\"p1\\\">Absolutny! Skontaktuj si\\u0119 z nami i wska\\u017c jak\\u0105 maszyn\\u0119 chcesz wynaj\\u0105\\u0107. Masz kr\\u00f3tkie lub jednorazowe zlecenie? W takim razie wynaj\\u0119cie maszyny od MD Bouwmachines jest m\\u0105drym rozwi\\u0105zaniem. W ten spos\\u00f3b mo\\u017cesz pomy\\u015blnie wykona\\u0107 zadanie bez konieczno\\u015bci natychmiastowej inwestycji w kompletny park maszynowy.    <\\\/p>\\n\"}}]}<\/script>\n\t\t\t\t\t<\/div>\n\t\t\t\t\t\t<\/div>\n\t\t\t\t<\/div>\n\t\t\t\t<div class=\"elementor-element elementor-element-aca71ac elementor-widget elementor-widget-text-editor\" data-id=\"aca71ac\" data-element_type=\"widget\" data-e-type=\"widget\" data-widget_type=\"text-editor.default\">\n\t\t\t\t<div class=\"elementor-widget-container\">\n\t\t\t\t\t\t\t\t\tTelefon: <a class=\"plausible-event-name--Phone\" href=\"tel:+32 %2056% 2025 %2061% 2015\">+32 56 25 61 15<\/a> lub <a class=\"plausible-event-name--Phone\" href=\"tel:0478956290\">0478 95 62 90<\/a>\nE-mail: <a class=\"plausible-event-name--Mail\" href=\"mailto:dionmartens@mdbouwmachines.be\">dionmartens@mdbouwmachines.be<\/a>\t\t\t\t\t\t\t\t<\/div>\n\t\t\t\t<\/div>\n\t\t\t\t\t<\/div>\n\t\t<\/div>\n\t\t\t\t<div class=\"elementor-column elementor-col-50 elementor-top-column elementor-element elementor-element-4e729dc\" data-id=\"4e729dc\" data-element_type=\"column\" data-e-type=\"column\">\n\t\t\t<div class=\"elementor-widget-wrap elementor-element-populated\">\n\t\t\t\t\t\t<div class=\"elementor-element elementor-element-99bc42d elementor-widget elementor-widget-heading\" data-id=\"99bc42d\" data-element_type=\"widget\" data-e-type=\"widget\" data-widget_type=\"heading.default\">\n\t\t\t\t<div class=\"elementor-widget-container\">\n\t\t\t\t\t<h6 class=\"elementor-heading-title elementor-size-default\">Potrzebujesz pomocy?<\/h6>\t\t\t\t<\/div>\n\t\t\t\t<\/div>\n\t\t\t\t<div class=\"elementor-element elementor-element-0b0e079 elementor-widget elementor-widget-heading\" data-id=\"0b0e079\" data-element_type=\"widget\" data-e-type=\"widget\" data-widget_type=\"heading.default\">\n\t\t\t\t<div class=\"elementor-widget-container\">\n\t\t\t\t\t<h2 class=\"elementor-heading-title elementor-size-default\">Skontaktuj si\u0119 z nami<\/h2>\t\t\t\t<\/div>\n\t\t\t\t<\/div>\n\t\t\t\t<div class=\"elementor-element elementor-element-50a6401 elementor-widget elementor-widget-shortcode\" data-id=\"50a6401\" data-element_type=\"widget\" data-e-type=\"widget\" data-widget_type=\"shortcode.default\">\n\t\t\t\t<div class=\"elementor-widget-container\">\n\t\t\t\t\t\t\t<div class=\"elementor-shortcode\"><style id=\"wpforms-css-vars-7686\">\n\t\t\t\t#wpforms-7686 {\n\t\t\t\t\n\t\t\t}\n\t\t\t<\/style><div class=\"wpforms-container wpforms-container-full wpforms-render-modern\" id=\"wpforms-7686\"><form id=\"wpforms-form-7686\" class=\"wpforms-validate wpforms-form wpforms-ajax-form\" data-formid=\"7686\" method=\"post\" enctype=\"multipart\/form-data\" action=\"\/pl\/wp-json\/wp\/v2\/pages\/11521\" data-token=\"1aaaa24c39b74e4afae808815c3be8ca\" data-token-time=\"1775445431\"><noscript class=\"wpforms-error-noscript\">Aby wype\u0142ni\u0107 ten formularz, w\u0142\u0105cz obs\u0142ug\u0119 JavaScript w przegl\u0105darce.<\/noscript><div id=\"wpforms-error-noscript\" style=\"display: none;\">Aby wype\u0142ni\u0107 ten formularz, w\u0142\u0105cz obs\u0142ug\u0119 JavaScript w przegl\u0105darce.<\/div><div class=\"wpforms-field-container\"><div id=\"wpforms-7686-field_1-container\" class=\"wpforms-field wpforms-field-name wpforms-two-thirds wpforms-first\" data-field-id=\"1\"><label class=\"wpforms-field-label\" for=\"wpforms-7686-field_1\">Imi\u0119 i nazwisko <span class=\"wpforms-required-label\" aria-hidden=\"true\">*<\/span><\/label><input type=\"text\" id=\"wpforms-7686-field_1\" class=\"wpforms-field-large wpforms-field-required\" name=\"wpforms[fields][1]\" aria-errormessage=\"wpforms-7686-field_1-error\" required><\/div>\t\t<div id=\"wpforms-7686-field_4-container\"\n\t\t\tclass=\"wpforms-field wpforms-field-text\"\n\t\t\tdata-field-type=\"text\"\n\t\t\tdata-field-id=\"4\"\n\t\t\t>\n\t\t\t<label class=\"wpforms-field-label\" for=\"wpforms-7686-field_4\" >Imi\u0119 Nummer zam\u00f3wienia<\/label>\n\t\t\t<input type=\"text\" id=\"wpforms-7686-field_4\" class=\"wpforms-field-medium\" name=\"wpforms[fields][4]\" >\n\t\t<\/div>\n\t\t<div id=\"wpforms-7686-field_5-container\" class=\"wpforms-field wpforms-field-text wpforms-one-third\" data-field-id=\"5\"><label class=\"wpforms-field-label\" for=\"wpforms-7686-field_5\">Nummer zam\u00f3wienia<\/label><input type=\"text\" id=\"wpforms-7686-field_5\" class=\"wpforms-field-large\" name=\"wpforms[fields][5]\" aria-errormessage=\"wpforms-7686-field_5-error\" aria-describedby=\"wpforms-7686-field_5-description\" ><div id=\"wpforms-7686-field_5-description\" class=\"wpforms-field-description\">Indien van toepassing<\/div><\/div><div id=\"wpforms-7686-field_6-container\" class=\"wpforms-field wpforms-field-text wpforms-one-half wpforms-first\" data-field-id=\"6\"><label class=\"wpforms-field-label\" for=\"wpforms-7686-field_6\">Telefoonnummer<\/label><input type=\"text\" id=\"wpforms-7686-field_6\" class=\"wpforms-field-large\" name=\"wpforms[fields][6]\" placeholder=\"+32\" aria-errormessage=\"wpforms-7686-field_6-error\" ><\/div><div id=\"wpforms-7686-field_2-container\" class=\"wpforms-field wpforms-field-email wpforms-one-half\" data-field-id=\"2\"><label class=\"wpforms-field-label\" for=\"wpforms-7686-field_2\">Poczta elektroniczna <span class=\"wpforms-required-label\" aria-hidden=\"true\">*<\/span><\/label><input type=\"email\" id=\"wpforms-7686-field_2\" class=\"wpforms-field-large wpforms-field-required\" name=\"wpforms[fields][2]\" spellcheck=\"false\" aria-errormessage=\"wpforms-7686-field_2-error\" required><\/div><div id=\"wpforms-7686-field_3-container\" class=\"wpforms-field wpforms-field-textarea\" data-field-id=\"3\"><label class=\"wpforms-field-label\" for=\"wpforms-7686-field_3\">Bericht powiedzia\u0142:<\/label><textarea id=\"wpforms-7686-field_3\" class=\"wpforms-field-large\" name=\"wpforms[fields][3]\" placeholder=\"Wpisz wiadomo\u015b\u0107...\" aria-errormessage=\"wpforms-7686-field_3-error\" ><\/textarea><\/div><script>\n\t\t\t\t( function() {\n\t\t\t\t\tconst style = document.createElement( 'style' );\n\t\t\t\t\tstyle.appendChild( document.createTextNode( '#wpforms-7686-field_4-container { position: absolute !important; overflow: hidden !important; display: inline !important; height: 1px !important; width: 1px !important; z-index: -1000 !important; padding: 0 !important; } #wpforms-7686-field_4-container input { visibility: hidden; } #wpforms-conversational-form-page #wpforms-7686-field_4-container label { counter-increment: none; }' ) );\n\t\t\t\t\tdocument.head.appendChild( style );\n\t\t\t\t\tdocument.currentScript?.remove();\n\t\t\t\t} )();\n\t\t\t<\/script><\/div><!-- .wpforms-field-container --><div class=\"wpforms-recaptcha-container wpforms-is-turnstile\" ><div class=\"g-recaptcha\" data-sitekey=\"0x4AAAAAABCbtwtSdsys-90W\" data-action=\"FormID-7686\"><\/div><input type=\"text\" name=\"g-recaptcha-hidden\" class=\"wpforms-recaptcha-hidden\" style=\"position:absolute!important;clip:rect(0,0,0,0)!important;height:1px!important;width:1px!important;border:0!important;overflow:hidden!important;padding:0!important;margin:0!important;\" data-rule-turnstile=\"1\"><\/div><div class=\"wpforms-submit-container\" ><input type=\"hidden\" name=\"wpforms[id]\" value=\"7686\"><input type=\"hidden\" name=\"page_title\" value=\"\"><input type=\"hidden\" name=\"page_url\" value=\"https:\/\/mdbouwmachines.be\/pl\/wp-json\/wp\/v2\/pages\/11521\"><input type=\"hidden\" name=\"url_referer\" value=\"\"><button type=\"submit\" name=\"wpforms[submit]\" id=\"wpforms-submit-7686\" class=\"wpforms-submit\" data-alt-text=\"Verzenden...\" data-submit-text=\"Verzend (powiat Verzend)\" aria-live=\"assertive\" value=\"wpforms-submit\">Verzend (powiat Verzend)<\/button><img loading=\"lazy\" decoding=\"async\" src=\"https:\/\/mdbouwmachines.be\/wp-content\/plugins\/wpforms-lite\/assets\/images\/submit-spin.svg\" class=\"wpforms-submit-spinner\" style=\"display: none;\" width=\"26\" height=\"26\" alt=\"Wczytywanie\"><\/div><\/form><\/div>  <!-- .wpforms-container --><\/div>\n\t\t\t\t\t\t<\/div>\n\t\t\t\t<\/div>\n\t\t\t\t\t<\/div>\n\t\t<\/div>\n\t\t\t\t\t<\/div>\n\t\t<\/section>\n\t\t\t\t<\/div>\n\t\t","protected":false},"excerpt":{"rendered":"<p>Cz\u0119sto zadawane pytania Gdzie mog\u0119 odebra\u0107 zam\u00f3wienie? Je\u017celi zaznaczy\u0142e\u015b, \u017ce chcesz odebra\u0107 swoje zam\u00f3wienie, mo\u017cesz je odebra\u0107 pod adresem: MD Bouwmachines, Grote Leiestraat 68, 8570 Anzegem, Belgia . Czy zajmujesz si\u0119 r\u00f3wnie\u017c konserwacj\u0105? Tak! Posiadamy w\u0142asny warsztat, w kt\u00f3rym przeprowadzamy konserwacje i naprawy. Dzi\u0119ki temu Twoja maszyna jest w doskona\u0142ym stanie i wyd\u0142u\u017ca jej \u017cywotno\u015b\u0107. [&hellip;]<\/p>\n","protected":false},"author":1,"featured_media":0,"parent":0,"menu_order":0,"comment_status":"closed","ping_status":"closed","template":"elementor_header_footer","meta":{"_acf_changed":false,"footnotes":""},"class_list":["post-11521","page","type-page","status-publish","hentry"],"acf":[],"_links":{"self":[{"href":"https:\/\/mdbouwmachines.be\/pl\/wp-json\/wp\/v2\/pages\/11521","targetHints":{"allow":["GET"]}}],"collection":[{"href":"https:\/\/mdbouwmachines.be\/pl\/wp-json\/wp\/v2\/pages"}],"about":[{"href":"https:\/\/mdbouwmachines.be\/pl\/wp-json\/wp\/v2\/types\/page"}],"author":[{"embeddable":true,"href":"https:\/\/mdbouwmachines.be\/pl\/wp-json\/wp\/v2\/users\/1"}],"replies":[{"embeddable":true,"href":"https:\/\/mdbouwmachines.be\/pl\/wp-json\/wp\/v2\/comments?post=11521"}],"version-history":[{"count":3,"href":"https:\/\/mdbouwmachines.be\/pl\/wp-json\/wp\/v2\/pages\/11521\/revisions"}],"predecessor-version":[{"id":18881,"href":"https:\/\/mdbouwmachines.be\/pl\/wp-json\/wp\/v2\/pages\/11521\/revisions\/18881"}],"wp:attachment":[{"href":"https:\/\/mdbouwmachines.be\/pl\/wp-json\/wp\/v2\/media?parent=11521"}],"curies":[{"name":"wp","href":"https:\/\/api.w.org\/{rel}","templated":true}]}}