{"id":18842,"date":"2025-03-26T10:54:42","date_gmt":"2025-03-26T09:54:42","guid":{"rendered":"https:\/\/mdbouwmachines.be\/?post_type=product&#038;p=18842"},"modified":"2025-03-27T14:30:33","modified_gmt":"2025-03-27T13:30:33","slug":"honda-eg5500-cl-kopie","status":"publish","type":"product","link":"https:\/\/mdbouwmachines.be\/fr\/produit\/honda-eg5500-cl-kopie\/","title":{"rendered":"Honda EM5500 CXS"},"content":{"rendered":"\n<hr class=\"wp-block-separator has-alpha-channel-opacity is-style-dots\" \/>\n\n<h2 class=\"wp-block-heading\">D\u00e9finition<\/h2>\n\n<p>Le choix parfait pour des performances ultimes et une fiabilit\u00e9 \u00e0 long terme.<br\/> <br\/>La tension fournie par l\u2019EM5500 CXS est de bonne qualit\u00e9 et id\u00e9ale pour les \u00e9quipements techniques sensibles tels que les ordinateurs et les t\u00e9l\u00e9viseurs, mais aussi pour l\u2019alimentation fournie par les unit\u00e9s d\u2019accueil, les unit\u00e9s de cam\u00e9ra ou d\u2019\u00e9clairage, les \u00e9v\u00e9nements, etc.<\/p>\n\n<p>La tension de sortie est produite par un r\u00e9gulateur de tension automatique intelligent (i-AVR). Associ\u00e9 \u00e0 l\u2019appareil sensible \u00e0 l\u2019armoire, il r\u00e9agit imm\u00e9diatement \u00e0 toute fluctuation de la charge, quelle que soit son poids. Le EM5500CXS mobile est un g\u00e9n\u00e9rateur silencieux et durable.  <br\/> <br\/>En combinant le D-AVR de Honda avec des moteurs \u00e9quip\u00e9s d\u2019i-Governor (Electronic Governor), Honda dispose d\u2019une gamme de g\u00e9n\u00e9rateurs qui offrent des performances de sortie de premier ordre, avec une tension et une fr\u00e9quence stables. Id\u00e9al pour la construction, les unit\u00e9s h\u00f4teli\u00e8res, les alimentations \u00e9lectriques de secours, les syst\u00e8mes de sauvegarde domestique et les applications sensibles. <\/p>\n\n<hr class=\"wp-block-separator has-alpha-channel-opacity\" \/>\n\n<h2 class=\"wp-block-heading\">Caract\u00e9ristiques principales<\/h2>\n\n<ul class=\"wp-block-list\">\n<li>Alerte p\u00e9troli\u00e8re<\/li>\n\n\n\n<li>Syst\u00e8me anti-vibration<\/li>\n\n\n\n<li>Moteur 4 temps OHV<\/li>\n<\/ul>\n\n<hr class=\"wp-block-separator has-alpha-channel-opacity\" \/>\n\n<h2 class=\"wp-block-heading\">Informations techniques<\/h2>\n\n<p><strong>G\u00e9n\u00e9rateur<\/strong><\/p>\n\n<figure class=\"wp-block-table\"><table class=\"has-fixed-layout\"><tbody><tr><td>R\u00e9gulation de tension<\/td><td>i-AVR<\/td><\/tr><tr><td>Taper<\/td><td>Monophase<\/td><\/tr><tr><td>Max. puissance (230 V) (W)  <\/td><td>5500<\/td><\/tr><tr><td>Puissance continue (230 V) (W)  <\/td><td>5000<\/td><\/tr><tr><td>Tension nominale (V)<\/td><td>230<\/td><\/tr><tr><td>Fr\u00e9quence nominale (Hz)<\/td><td>50<\/td><\/tr><tr><td>Courant (maximum) (A)<\/td><td>21,7<\/td><\/tr><\/tbody><\/table><\/figure>\n\n<hr class=\"wp-block-separator has-alpha-channel-opacity is-style-dots\" \/>\n\n<p><strong>Motorisation<\/strong><\/p>\n\n<figure class=\"wp-block-table\"><table class=\"has-fixed-layout\"><tbody><tr><td>Mod\u00e8le de moteur<\/td><td>i-GX390<\/td><\/tr><tr><td>Moteur<\/td><td>4 temps \u2013 1 cylindre<\/td><\/tr><tr><td>Cylindr\u00e9e (cm\u00b3)<\/td><td>389<\/td><\/tr><tr><td>Al\u00e9sage x course (mm)<\/td><td>88 x 64<\/td><\/tr><tr><td>R\u00e9gime moteur (tr\/min)<\/td><td>3 000 max.<\/td><\/tr><tr><td>Circuit de refroidissement<\/td><td>Refroidissement par air forc\u00e9<\/td><\/tr><tr><td>Syst\u00e8me d&rsquo;allumage<\/td><td>Transistor<\/td><\/tr><tr><td>Capacit\u00e9 d&rsquo;huile moteur (l)<\/td><td>1,1<\/td><\/tr><tr><td>Capacit\u00e9 du r\u00e9servoir de carburant (l)<\/td><td>23,5<\/td><\/tr><tr><td>Dur\u00e9e de fonctionnement nominale<\/td><td>8h<\/td><\/tr><tr><td>Syst\u00e8me de d\u00e9marrage<\/td><td>D\u00e9marrage \u00e9lectrique<\/td><\/tr><tr><td>Niveau de bruit au poste de travail (dB(A))<\/td><td>77<\/td><\/tr><tr><td>Puissance sonore garantie. niveau (dB(A)) <\/td><td>96<\/td><\/tr><\/tbody><\/table><\/figure>\n\n<hr class=\"wp-block-separator has-alpha-channel-opacity is-style-dots\" \/>\n\n<p><strong>Dimensions<\/strong><\/p>\n\n<figure class=\"wp-block-table\"><table class=\"has-fixed-layout\"><tbody><tr><td>Longueur (mm)<\/td><td>725<\/td><\/tr><tr><td>Longueur avec poign\u00e9e (mm)<\/td><td>1048<\/td><\/tr><tr><td>Largeur (mm)<\/td><td>706<\/td><\/tr><tr><td>Hauteur (mm)<\/td><td>719<\/td><\/tr><tr><td>Poids (kg)<\/td><td>109<\/td><\/tr><\/tbody><\/table><\/figure>\n","protected":false},"excerpt":{"rendered":"<p>Le choix parfait pour des performances ultimes et une fiabilit\u00e9 \u00e0 long terme.<br \/>G\u00e9n\u00e9rateur i-AVR robuste de 5500 W avec une longue dur\u00e9e de fonctionnement pour les engins de construction sensibles.<\/p>\n","protected":false},"featured_media":18847,"template":"","meta":{"_acf_changed":false},"product_brand":[1198],"product_cat":[670],"product_tag":[],"class_list":{"0":"post-18842","1":"product","2":"type-product","3":"status-publish","4":"has-post-thumbnail","6":"product_brand-honda-fr","7":"product_cat-groupes-electrogene","9":"first","10":"instock","11":"sale","12":"taxable","13":"shipping-taxable","14":"purchasable","15":"product-type-simple"},"acf":[],"_links":{"self":[{"href":"https:\/\/mdbouwmachines.be\/fr\/wp-json\/wp\/v2\/product\/18842","targetHints":{"allow":["GET"]}}],"collection":[{"href":"https:\/\/mdbouwmachines.be\/fr\/wp-json\/wp\/v2\/product"}],"about":[{"href":"https:\/\/mdbouwmachines.be\/fr\/wp-json\/wp\/v2\/types\/product"}],"wp:featuredmedia":[{"embeddable":true,"href":"https:\/\/mdbouwmachines.be\/fr\/wp-json\/wp\/v2\/media\/18847"}],"wp:attachment":[{"href":"https:\/\/mdbouwmachines.be\/fr\/wp-json\/wp\/v2\/media?parent=18842"}],"wp:term":[{"taxonomy":"product_brand","embeddable":true,"href":"https:\/\/mdbouwmachines.be\/fr\/wp-json\/wp\/v2\/product_brand?post=18842"},{"taxonomy":"product_cat","embeddable":true,"href":"https:\/\/mdbouwmachines.be\/fr\/wp-json\/wp\/v2\/product_cat?post=18842"},{"taxonomy":"product_tag","embeddable":true,"href":"https:\/\/mdbouwmachines.be\/fr\/wp-json\/wp\/v2\/product_tag?post=18842"}],"curies":[{"name":"wp","href":"https:\/\/api.w.org\/{rel}","templated":true}]}}