{"id":18547,"date":"2025-03-20T14:34:21","date_gmt":"2025-03-20T13:34:21","guid":{"rendered":"https:\/\/mdbouwmachines.be\/product\/double-batterie-90-conmec\/"},"modified":"2025-06-23T12:29:20","modified_gmt":"2025-06-23T11:29:20","slug":"double-batterie-90-conmec","status":"publish","type":"product","link":"https:\/\/mdbouwmachines.be\/fr\/produit\/double-batterie-90-conmec\/","title":{"rendered":"Double batterie 90 CONMEC"},"content":{"rendered":"","protected":false},"excerpt":{"rendered":"<p>Un double 90 Conmec neuf sur batterie !<\/p>\n<p>Poss\u00e8de les m\u00eames lames et disques de pr\u00e9-travail qu\u2019un Barikell.<\/p>\n<p>En renouvelant notre gamme de location, cette machine sera mise en vente.<\/p>\n<p>Est un Conmec de 2\u00e8me g\u00e9n\u00e9ration, comprenant 2 batteries et un chargeur. La machine a environ 80 heures et fonctionne parfaitement&nbsp;! <\/p>\n<p>\u00c9quip\u00e9 de nouvelles lames et pr\u00eat pour des ann\u00e9es d\u2019utilisation !<\/p>\n","protected":false},"featured_media":18794,"template":"","meta":{"_acf_changed":false},"product_brand":[],"product_cat":[949],"product_tag":[],"class_list":{"0":"post-18547","1":"product","2":"type-product","3":"status-publish","4":"has-post-thumbnail","6":"product_cat-deuxieme-chance","8":"first","9":"instock","10":"sale","11":"taxable","12":"shipping-taxable","13":"purchasable","14":"product-type-simple"},"acf":[],"_links":{"self":[{"href":"https:\/\/mdbouwmachines.be\/fr\/wp-json\/wp\/v2\/product\/18547","targetHints":{"allow":["GET"]}}],"collection":[{"href":"https:\/\/mdbouwmachines.be\/fr\/wp-json\/wp\/v2\/product"}],"about":[{"href":"https:\/\/mdbouwmachines.be\/fr\/wp-json\/wp\/v2\/types\/product"}],"wp:featuredmedia":[{"embeddable":true,"href":"https:\/\/mdbouwmachines.be\/fr\/wp-json\/wp\/v2\/media\/18794"}],"wp:attachment":[{"href":"https:\/\/mdbouwmachines.be\/fr\/wp-json\/wp\/v2\/media?parent=18547"}],"wp:term":[{"taxonomy":"product_brand","embeddable":true,"href":"https:\/\/mdbouwmachines.be\/fr\/wp-json\/wp\/v2\/product_brand?post=18547"},{"taxonomy":"product_cat","embeddable":true,"href":"https:\/\/mdbouwmachines.be\/fr\/wp-json\/wp\/v2\/product_cat?post=18547"},{"taxonomy":"product_tag","embeddable":true,"href":"https:\/\/mdbouwmachines.be\/fr\/wp-json\/wp\/v2\/product_tag?post=18547"}],"curies":[{"name":"wp","href":"https:\/\/api.w.org\/{rel}","templated":true}]}}