{"id":18538,"date":"2025-03-20T14:32:45","date_gmt":"2025-03-20T13:32:45","guid":{"rendered":"https:\/\/mdbouwmachines.be\/product\/2-x-bordeuse-75-batterie-conmec\/"},"modified":"2025-06-23T12:29:16","modified_gmt":"2025-06-23T11:29:16","slug":"2-x-bordeuse-75-batterie-conmec","status":"publish","type":"product","link":"https:\/\/mdbouwmachines.be\/fr\/produit\/2-x-bordeuse-75-batterie-conmec\/","title":{"rendered":"Bordeuse 75 batterie CONMEC"},"content":{"rendered":"","protected":false},"excerpt":{"rendered":"<p>2x en parfait \u00e9tat simple 75 Conmec sur batterie !<\/p>\n<p>1 x Avec guidon pliable et moteur 1kW, batteries de petit mod\u00e8le.<br \/>1 x Avec guidon fixe et moteur de 1,2 kW, batteries de grand mod\u00e8le. (tourne 20 tours plus vite) <\/p>\n<p>En renouvelant notre gamme de location, ces machines seront mises en vente.<\/p>\n<p>Est un Conmec de 2\u00e8me g\u00e9n\u00e9ration, comprenant 2 batteries et un chargeur. La machine a environ 80 heures et fonctionne parfaitement&nbsp;! <\/p>\n<p>\u00c9quip\u00e9 de nouvelles lames et pr\u00eat pour des ann\u00e9es d\u2019utilisation !<\/p>\n<p>Le prix est par pi\u00e8ce !<\/p>\n","protected":false},"featured_media":18571,"template":"","meta":{"_acf_changed":false},"product_brand":[],"product_cat":[949],"product_tag":[],"class_list":{"0":"post-18538","1":"product","2":"type-product","3":"status-publish","4":"has-post-thumbnail","6":"product_cat-deuxieme-chance","8":"first","9":"outofstock","10":"sale","11":"taxable","12":"shipping-taxable","13":"purchasable","14":"product-type-simple"},"acf":[],"_links":{"self":[{"href":"https:\/\/mdbouwmachines.be\/fr\/wp-json\/wp\/v2\/product\/18538","targetHints":{"allow":["GET"]}}],"collection":[{"href":"https:\/\/mdbouwmachines.be\/fr\/wp-json\/wp\/v2\/product"}],"about":[{"href":"https:\/\/mdbouwmachines.be\/fr\/wp-json\/wp\/v2\/types\/product"}],"wp:featuredmedia":[{"embeddable":true,"href":"https:\/\/mdbouwmachines.be\/fr\/wp-json\/wp\/v2\/media\/18571"}],"wp:attachment":[{"href":"https:\/\/mdbouwmachines.be\/fr\/wp-json\/wp\/v2\/media?parent=18538"}],"wp:term":[{"taxonomy":"product_brand","embeddable":true,"href":"https:\/\/mdbouwmachines.be\/fr\/wp-json\/wp\/v2\/product_brand?post=18538"},{"taxonomy":"product_cat","embeddable":true,"href":"https:\/\/mdbouwmachines.be\/fr\/wp-json\/wp\/v2\/product_cat?post=18538"},{"taxonomy":"product_tag","embeddable":true,"href":"https:\/\/mdbouwmachines.be\/fr\/wp-json\/wp\/v2\/product_tag?post=18538"}],"curies":[{"name":"wp","href":"https:\/\/api.w.org\/{rel}","templated":true}]}}