{"id":18453,"date":"2025-03-19T13:34:55","date_gmt":"2025-03-19T12:34:55","guid":{"rendered":"https:\/\/mdbouwmachines.be\/product\/simple-90-barikell\/"},"modified":"2025-06-23T12:29:11","modified_gmt":"2025-06-23T11:29:11","slug":"simple-90-barikell","status":"publish","type":"product","link":"https:\/\/mdbouwmachines.be\/fr\/produit\/simple-90-barikell\/","title":{"rendered":"Simple 90 Barikell"},"content":{"rendered":"","protected":false},"excerpt":{"rendered":"<p>Single 90 avec moteur Honda 6.5cv.<\/p>\n<p>Ch\u00e2ssis comme neuf, machines enti\u00e8rement r\u00e9vis\u00e9es, lames neuves, contr\u00f4le \u00e0 plat. <\/p>\n<p>Machine extr\u00eamement robuste et moteur extr\u00eamement puissant.<\/p>\n","protected":false},"featured_media":18206,"template":"","meta":{"_acf_changed":false},"product_brand":[],"product_cat":[949],"product_tag":[],"class_list":{"0":"post-18453","1":"product","2":"type-product","3":"status-publish","4":"has-post-thumbnail","6":"product_cat-deuxieme-chance","8":"first","9":"outofstock","10":"sale","11":"taxable","12":"shipping-taxable","13":"purchasable","14":"product-type-simple"},"acf":[],"_links":{"self":[{"href":"https:\/\/mdbouwmachines.be\/fr\/wp-json\/wp\/v2\/product\/18453","targetHints":{"allow":["GET"]}}],"collection":[{"href":"https:\/\/mdbouwmachines.be\/fr\/wp-json\/wp\/v2\/product"}],"about":[{"href":"https:\/\/mdbouwmachines.be\/fr\/wp-json\/wp\/v2\/types\/product"}],"wp:featuredmedia":[{"embeddable":true,"href":"https:\/\/mdbouwmachines.be\/fr\/wp-json\/wp\/v2\/media\/18206"}],"wp:attachment":[{"href":"https:\/\/mdbouwmachines.be\/fr\/wp-json\/wp\/v2\/media?parent=18453"}],"wp:term":[{"taxonomy":"product_brand","embeddable":true,"href":"https:\/\/mdbouwmachines.be\/fr\/wp-json\/wp\/v2\/product_brand?post=18453"},{"taxonomy":"product_cat","embeddable":true,"href":"https:\/\/mdbouwmachines.be\/fr\/wp-json\/wp\/v2\/product_cat?post=18453"},{"taxonomy":"product_tag","embeddable":true,"href":"https:\/\/mdbouwmachines.be\/fr\/wp-json\/wp\/v2\/product_tag?post=18453"}],"curies":[{"name":"wp","href":"https:\/\/api.w.org\/{rel}","templated":true}]}}