{"id":18192,"date":"2025-03-19T13:34:37","date_gmt":"2025-03-19T12:34:37","guid":{"rendered":"https:\/\/mdbouwmachines.be\/?post_type=product&#038;p=18192"},"modified":"2025-06-23T12:29:12","modified_gmt":"2025-06-23T11:29:12","slug":"honda-eg3600-cl-kopie-kopie-kopie-kopie","status":"publish","type":"product","link":"https:\/\/mdbouwmachines.be\/fr\/produit\/honda-eg3600-cl-kopie-kopie-kopie-kopie\/","title":{"rendered":"Honda WH20"},"content":{"rendered":"\n<hr class=\"wp-block-separator has-alpha-channel-opacity is-style-dots\" \/>\n\n<h2 class=\"wp-block-heading\">D\u00e9finition<\/h2>\n\n<p>La Honda WH20 est une pompe plus puissante pour effectuer des travaux lourds. Cette pompe haute pression peut pomper de grandes quantit\u00e9s d\u2019eau sur une longue distance avec une diff\u00e9rence de hauteur. Id\u00e9al pour l\u2019irrigation avec de longs tuyaux ou la protection contre la poussi\u00e8re pendant les travaux de d\u00e9molition. Le corps de la pompe et la roue sont en fonte r\u00e9sistante aux acides et les garnitures m\u00e9caniques sont r\u00e9sistantes \u00e0 l\u2019usure et durables. Le WH20 peut pomper jusqu\u2019\u00e0 500 l\/min.    <\/p>\n\n<hr class=\"wp-block-separator has-alpha-channel-opacity\" \/>\n\n<h2 class=\"wp-block-heading\">Caract\u00e9ristiques principales<\/h2>\n\n<ul class=\"wp-block-list\">\n<li>Alerte p\u00e9troli\u00e8re<\/li>\n\n\n\n<li>Moteur 4 temps OHV<\/li>\n\n\n\n<li>Corps de pompe et roue en fonte<\/li>\n\n\n\n<li>Syst\u00e8me anti-vibration<\/li>\n<\/ul>\n\n<hr class=\"wp-block-separator has-alpha-channel-opacity\" \/>\n\n<h2 class=\"wp-block-heading\">Informations techniques<\/h2>\n\n<p><strong>Pompe<\/strong><\/p>\n\n<figure class=\"wp-block-table\"><table class=\"has-fixed-layout\"><tbody><tr><td>Capacit\u00e9 maximale de la pompe (L\/min)<\/td><td>500<\/td><\/tr><tr><td>Diam\u00e8tre et type de filetage entr\u00e9e\/sortie (mm\/pouces)<\/td><td>50\/2-PF<\/td><\/tr><tr><td>Hauteur totale (m)<\/td><td>50<\/td><\/tr><tr><td>Hauteur d\u2019aspiration (m)<\/td><td>8<\/td><\/tr><tr><td>Pression (bar)<\/td><td>5<\/td><\/tr><tr><td>Taille maximale des particules (mm)<\/td><td>3<\/td><\/tr><\/tbody><\/table><\/figure>\n\n<hr class=\"wp-block-separator has-alpha-channel-opacity is-style-dots\" \/>\n\n<p><strong>Motorisation<\/strong><\/p>\n\n<figure class=\"wp-block-table\"><table class=\"has-fixed-layout\"><tbody><tr><td>Mod\u00e8le de moteur<\/td><td>GX160<\/td><\/tr><tr><td>Moteur<\/td><td>4 temps \u2013 1 cylindre<\/td><\/tr><tr><td>Cylindr\u00e9e (cm\u00b3)<\/td><td>163<\/td><\/tr><tr><td>Al\u00e9sage x course (mm)<\/td><td>68 x 45<\/td><\/tr><tr><td>R\u00e9gime moteur (tr\/min)<\/td><td>3 600 max.<\/td><\/tr><tr><td>Puissance nette du moteur (kW)<\/td><td>3,6<\/td><\/tr><tr><td>Circuit de refroidissement<\/td><td>Refroidissement par air forc\u00e9<\/td><\/tr><tr><td>Syst\u00e8me d&rsquo;allumage<\/td><td>Transistor<\/td><\/tr><tr><td>Capacit\u00e9 d&rsquo;huile moteur (l)<\/td><td>0,6<\/td><\/tr><tr><td>Capacit\u00e9 du r\u00e9servoir de carburant (l)<\/td><td>3,1<\/td><\/tr><tr><td>Dur\u00e9e de fonctionnement nominale<\/td><td>2h30<\/td><\/tr><tr><td>Syst\u00e8me de d\u00e9marrage<\/td><td>D\u00e9but des r\u00e9p\u00e9titions<\/td><\/tr><tr><td>Niveau de bruit au poste de travail (dB(A))<\/td><td>91<\/td><\/tr><tr><td>Puissance sonore garantie. niveau (dB(A)) <\/td><td>106<\/td><\/tr><\/tbody><\/table><\/figure>\n\n<hr class=\"wp-block-separator has-alpha-channel-opacity is-style-dots\" \/>\n\n<p><strong>Dimensions<\/strong><\/p>\n\n<figure class=\"wp-block-table\"><table class=\"has-fixed-layout\"><tbody><tr><td>Longueur (mm)<\/td><td>520<\/td><\/tr><tr><td>Largeur (mm)<\/td><td>400<\/td><\/tr><tr><td>Hauteur (mm)<\/td><td>450<\/td><\/tr><tr><td>Poids (kg)<\/td><td>27<\/td><\/tr><\/tbody><\/table><\/figure>\n","protected":false},"excerpt":{"rendered":"<p>Pompe en fonte qui pompe 500 litres par minute, particules jusqu\u2019\u00e0 3 mm, avec une hauteur totale de 50 m. Cadre inclus.<\/p>\n","protected":false},"featured_media":18120,"template":"","meta":{"_acf_changed":false},"product_brand":[1198],"product_cat":[1024],"product_tag":[],"class_list":{"0":"post-18192","1":"product","2":"type-product","3":"status-publish","4":"has-post-thumbnail","6":"product_brand-honda-fr","7":"product_cat-pompes-a-eau","9":"first","10":"instock","11":"sale","12":"taxable","13":"shipping-taxable","14":"purchasable","15":"product-type-simple"},"acf":[],"_links":{"self":[{"href":"https:\/\/mdbouwmachines.be\/fr\/wp-json\/wp\/v2\/product\/18192","targetHints":{"allow":["GET"]}}],"collection":[{"href":"https:\/\/mdbouwmachines.be\/fr\/wp-json\/wp\/v2\/product"}],"about":[{"href":"https:\/\/mdbouwmachines.be\/fr\/wp-json\/wp\/v2\/types\/product"}],"wp:featuredmedia":[{"embeddable":true,"href":"https:\/\/mdbouwmachines.be\/fr\/wp-json\/wp\/v2\/media\/18120"}],"wp:attachment":[{"href":"https:\/\/mdbouwmachines.be\/fr\/wp-json\/wp\/v2\/media?parent=18192"}],"wp:term":[{"taxonomy":"product_brand","embeddable":true,"href":"https:\/\/mdbouwmachines.be\/fr\/wp-json\/wp\/v2\/product_brand?post=18192"},{"taxonomy":"product_cat","embeddable":true,"href":"https:\/\/mdbouwmachines.be\/fr\/wp-json\/wp\/v2\/product_cat?post=18192"},{"taxonomy":"product_tag","embeddable":true,"href":"https:\/\/mdbouwmachines.be\/fr\/wp-json\/wp\/v2\/product_tag?post=18192"}],"curies":[{"name":"wp","href":"https:\/\/api.w.org\/{rel}","templated":true}]}}