{"id":18125,"date":"2025-03-18T16:59:42","date_gmt":"2025-03-18T15:59:42","guid":{"rendered":"https:\/\/mdbouwmachines.be\/?post_type=product&#038;p=18125"},"modified":"2025-06-23T12:37:10","modified_gmt":"2025-06-23T11:37:10","slug":"honda-eg3600-cl-kopie-kopie-kopie","status":"publish","type":"product","link":"https:\/\/mdbouwmachines.be\/fr\/produit\/honda-eg3600-cl-kopie-kopie-kopie\/","title":{"rendered":"Honda WX15"},"content":{"rendered":"\n<hr class=\"wp-block-separator has-alpha-channel-opacity is-style-dots\" \/>\n\n<h2 class=\"wp-block-heading\">D\u00e9finition<\/h2>\n\n<p>La Honda WX 10 est une pompe \u00e0 eau l\u00e9g\u00e8re et tr\u00e8s compacte qui est facile \u00e0 transporter. La pompe d\u00e9place un volume consid\u00e9rable d\u2019eau sur une distance consid\u00e9rable. Un syst\u00e8me de lubrification unique \u00e0 360\u00b0 permet \u00e0 la pompe WX 10 de fonctionner \u00e0 presque n\u2019importe quel angle.  <\/p>\n\n<hr class=\"wp-block-separator has-alpha-channel-opacity\" \/>\n\n<h2 class=\"wp-block-heading\">Caract\u00e9ristiques principales<\/h2>\n\n<ul class=\"wp-block-list\">\n<li>L\u00e9ger et portable<\/li>\n\n\n\n<li>Alerte p\u00e9troli\u00e8re<\/li>\n\n\n\n<li>Moteur 4 temps OHV<\/li>\n<\/ul>\n\n<hr class=\"wp-block-separator has-alpha-channel-opacity\" \/>\n\n<h2 class=\"wp-block-heading\">Informations techniques<\/h2>\n\n<p><strong>Pompe<\/strong><\/p>\n\n<figure class=\"wp-block-table\"><table class=\"has-fixed-layout\"><tbody><tr><td>Capacit\u00e9 maximale de la pompe (L\/min)<\/td><td>240<\/td><\/tr><tr><td>Diam\u00e8tre et type de filetage entr\u00e9e\/sortie (mm\/pouces)<\/td><td>40\/1,5-PF<\/td><\/tr><tr><td>Hauteur totale (m)<\/td><td>36<\/td><\/tr><tr><td>Hauteur d\u2019aspiration (m)<\/td><td>8<\/td><\/tr><tr><td>Pression (bar)<\/td><td>3,6<\/td><\/tr><tr><td>Taille maximale des particules (mm)<\/td><td>5,7<\/td><\/tr><\/tbody><\/table><\/figure>\n\n<hr class=\"wp-block-separator has-alpha-channel-opacity is-style-dots\" \/>\n\n<p><strong>Motorisation<\/strong><\/p>\n\n<figure class=\"wp-block-table\"><table class=\"has-fixed-layout\"><tbody><tr><td>Mod\u00e8le de moteur<\/td><td>GX25<\/td><\/tr><tr><td>Moteur<\/td><td>4 temps \u2013 1 cylindre<\/td><\/tr><tr><td>Cylindr\u00e9e (cm\u00b3)<\/td><td>25<\/td><\/tr><tr><td>Al\u00e9sage x course (mm)<\/td><td>35 x 26<\/td><\/tr><tr><td>R\u00e9gime moteur (tr\/min)<\/td><td>7 000 max.<\/td><\/tr><tr><td>Puissance nette du moteur (kW)<\/td><td>0,72<\/td><\/tr><tr><td>Circuit de refroidissement<\/td><td>Refroidissement par air forc\u00e9<\/td><\/tr><tr><td>Syst\u00e8me d&rsquo;allumage<\/td><td>Transistor<\/td><\/tr><tr><td>Capacit\u00e9 d&rsquo;huile moteur (l)<\/td><td>0,1<\/td><\/tr><tr><td>Capacit\u00e9 du r\u00e9servoir de carburant (l)<\/td><td>0,55<\/td><\/tr><tr><td>Dur\u00e9e de fonctionnement nominale<\/td><td>1h20<\/td><\/tr><tr><td>Syst\u00e8me de d\u00e9marrage<\/td><td>D\u00e9but des r\u00e9p\u00e9titions<\/td><\/tr><tr><td>Niveau de bruit au poste de travail (dB(A))<\/td><td>86<\/td><\/tr><tr><td>Puissance sonore garantie. niveau (dB(A)) <\/td><td>102<\/td><\/tr><\/tbody><\/table><\/figure>\n\n<hr class=\"wp-block-separator has-alpha-channel-opacity is-style-dots\" \/>\n\n<p><strong>Dimensions<\/strong><\/p>\n\n<figure class=\"wp-block-table\"><table class=\"has-fixed-layout\"><tbody><tr><td>Longueur (mm)<\/td><td>325<\/td><\/tr><tr><td>Largeur (mm)<\/td><td>220<\/td><\/tr><tr><td>Hauteur (mm)<\/td><td>300<\/td><\/tr><tr><td>Poids (kg)<\/td><td>6,1<\/td><\/tr><\/tbody><\/table><\/figure>\n","protected":false},"excerpt":{"rendered":"<p>Pompe l\u00e9g\u00e8re qui pompe 240 litres par minute avec des particules jusqu\u2019\u00e0 5,7 mm. Hauteur de chute totale de 40 m.<\/p>\n","protected":false},"featured_media":18120,"template":"","meta":{"_acf_changed":false},"product_brand":[1198],"product_cat":[1024],"product_tag":[],"class_list":{"0":"post-18125","1":"product","2":"type-product","3":"status-publish","4":"has-post-thumbnail","6":"product_brand-honda-fr","7":"product_cat-pompes-a-eau","9":"first","10":"instock","11":"sale","12":"taxable","13":"shipping-taxable","14":"purchasable","15":"product-type-simple"},"acf":[],"_links":{"self":[{"href":"https:\/\/mdbouwmachines.be\/fr\/wp-json\/wp\/v2\/product\/18125","targetHints":{"allow":["GET"]}}],"collection":[{"href":"https:\/\/mdbouwmachines.be\/fr\/wp-json\/wp\/v2\/product"}],"about":[{"href":"https:\/\/mdbouwmachines.be\/fr\/wp-json\/wp\/v2\/types\/product"}],"wp:featuredmedia":[{"embeddable":true,"href":"https:\/\/mdbouwmachines.be\/fr\/wp-json\/wp\/v2\/media\/18120"}],"wp:attachment":[{"href":"https:\/\/mdbouwmachines.be\/fr\/wp-json\/wp\/v2\/media?parent=18125"}],"wp:term":[{"taxonomy":"product_brand","embeddable":true,"href":"https:\/\/mdbouwmachines.be\/fr\/wp-json\/wp\/v2\/product_brand?post=18125"},{"taxonomy":"product_cat","embeddable":true,"href":"https:\/\/mdbouwmachines.be\/fr\/wp-json\/wp\/v2\/product_cat?post=18125"},{"taxonomy":"product_tag","embeddable":true,"href":"https:\/\/mdbouwmachines.be\/fr\/wp-json\/wp\/v2\/product_tag?post=18125"}],"curies":[{"name":"wp","href":"https:\/\/api.w.org\/{rel}","templated":true}]}}