{"id":18023,"date":"2025-03-18T14:45:26","date_gmt":"2025-03-18T13:45:26","guid":{"rendered":"https:\/\/mdbouwmachines.be\/product\/honda-eg3600-cl\/"},"modified":"2025-03-20T16:27:57","modified_gmt":"2025-03-20T15:27:57","slug":"honda-eg3600-cl","status":"publish","type":"product","link":"https:\/\/mdbouwmachines.be\/fr\/produit\/honda-eg3600-cl\/","title":{"rendered":"Honda EG3600 CL"},"content":{"rendered":"\n<hr class=\"wp-block-separator has-alpha-channel-opacity is-style-dots\" \/>\n\n<h2 class=\"wp-block-heading\">D\u00e9finition<\/h2>\n\n<p>Les g\u00e9n\u00e9rateurs de la s\u00e9rie EG de Honda sont id\u00e9aux pour les applications industrielles et de location les plus exigeantes, car la gamme est con\u00e7ue et construite pour un usage professionnel et fournit une alimentation robuste, fiable et efficace. Ils peuvent \u00eatre utilis\u00e9s dans des conditions difficiles et ont une longue dur\u00e9e de vie.   <br \/> <br \/>L\u2019EG 3600CL est \u00e9quip\u00e9 d\u2019un moteur Honda GX efficace et \u00e0 faibles \u00e9missions et d\u2019un r\u00e9servoir de carburant extra-large. Le g\u00e9n\u00e9rateur offre une dur\u00e9e de fonctionnement extraordinairement longue d\u2019environ 12 heures. Assez pour une journ\u00e9e de travail compl\u00e8te. M\u00eame apr\u00e8s de longues p\u00e9riodes de stockage, le g\u00e9n\u00e9rateur EG est facile \u00e0 d\u00e9marrer et est prot\u00e9g\u00e9 des conditions les plus difficiles par un cadre en acier tr\u00e8s robuste.   <br \/> <br \/>Ces g\u00e9n\u00e9rateurs produisent une production constante et stable d\u2019\u00e9nergie propre. C\u2019est gr\u00e2ce au D-AVR (contr\u00f4le automatique num\u00e9rique de la tension) de Honda, qui utilise un micro-ordinateur pour contr\u00f4ler avec pr\u00e9cision la tension de sortie. Cela am\u00e9liore non seulement les performances d\u2019une charge r\u00e9active, mais maximise \u00e9galement la dur\u00e9e de vie du g\u00e9n\u00e9rateur.  <\/p>\n\n<hr class=\"wp-block-separator has-alpha-channel-opacity\" \/>\n\n<h2 class=\"wp-block-heading\">Caract\u00e9ristiques principales<\/h2>\n\n<ul class=\"wp-block-list\">\n<li>Alerte p\u00e9troli\u00e8re<\/li>\n\n\n\n<li>Syst\u00e8me anti-vibration<\/li>\n\n\n\n<li>Longue dur\u00e9e de fonctionnement<\/li>\n\n\n\n<li>Moteur 4 temps OHV<\/li>\n<\/ul>\n\n<hr class=\"wp-block-separator has-alpha-channel-opacity\" \/>\n\n<h2 class=\"wp-block-heading\">Informations techniques<\/h2>\n\n<p><strong>G\u00e9n\u00e9rateur<\/strong><\/p>\n\n<figure class=\"wp-block-table\"><table class=\"has-fixed-layout\"><tbody><tr><td>R\u00e9gulation de tension<\/td><td>D-AVR<\/td><\/tr><tr><td>Taper<\/td><td>Monophase<\/td><\/tr><tr><td>Max. puissance (230 V) (W)  <\/td><td>3600<\/td><\/tr><tr><td>Puissance continue (230 V) (W)  <\/td><td>3200<\/td><\/tr><tr><td>Tension nominale (V)<\/td><td>230<\/td><\/tr><tr><td>Fr\u00e9quence nominale (Hz)<\/td><td>50<\/td><\/tr><tr><td>Courant (maximum) (A)<\/td><td>13,9<\/td><\/tr><\/tbody><\/table><\/figure>\n\n<hr class=\"wp-block-separator has-alpha-channel-opacity is-style-dots\" \/>\n\n<p><strong>Motorisation<\/strong><\/p>\n\n<figure class=\"wp-block-table\"><table class=\"has-fixed-layout\"><tbody><tr><td>Mod\u00e8le de moteur<\/td><td>GX270T2<\/td><\/tr><tr><td>Moteur<\/td><td>4 temps \u2013 1 cylindre<\/td><\/tr><tr><td>Cylindr\u00e9e (cm\u00b3)<\/td><td>270<\/td><\/tr><tr><td>Al\u00e9sage x course (mm)<\/td><td>77 x 58<\/td><\/tr><tr><td>R\u00e9gime moteur (tr\/min)<\/td><td>3 000 max.<\/td><\/tr><tr><td>Circuit de refroidissement<\/td><td>Refroidissement par air forc\u00e9<\/td><\/tr><tr><td>Syst\u00e8me d&rsquo;allumage<\/td><td>Transistor<\/td><\/tr><tr><td>Capacit\u00e9 d&rsquo;huile moteur (l)<\/td><td>1,1<\/td><\/tr><tr><td>Capacit\u00e9 du r\u00e9servoir de carburant (l)<\/td><td>24<\/td><\/tr><tr><td>Dur\u00e9e de fonctionnement nominale<\/td><td>12h<\/td><\/tr><tr><td>Syst\u00e8me de d\u00e9marrage<\/td><td>D\u00e9but des r\u00e9p\u00e9titions<\/td><\/tr><tr><td>Niveau de bruit au poste de travail (dB(A))<\/td><td>79<\/td><\/tr><tr><td>Puissance sonore garantie. niveau (dB(A)) <\/td><td>96<\/td><\/tr><\/tbody><\/table><\/figure>\n\n<hr class=\"wp-block-separator has-alpha-channel-opacity is-style-dots\" \/>\n\n<p><strong>Dimensions<\/strong><\/p>\n\n<figure class=\"wp-block-table\"><table class=\"has-fixed-layout\"><tbody><tr><td>Longueur (mm)<\/td><td>681<\/td><\/tr><tr><td>Largeur (mm)<\/td><td>530<\/td><\/tr><tr><td>Hauteur (mm)<\/td><td>571<\/td><\/tr><tr><td>Poids (kg)<\/td><td>68<\/td><\/tr><\/tbody><\/table><\/figure>\n","protected":false},"excerpt":{"rendered":"<p>G\u00e9n\u00e9rateur D-AVR robuste de 3600 W avec jusqu\u2019\u00e0 12 heures d\u2019autonomie pour les travaux de construction. Id\u00e9al pour les conditions industrielles difficiles. <\/p>\n","protected":false},"featured_media":18105,"template":"","meta":{"_acf_changed":false},"product_brand":[1198],"product_cat":[670],"product_tag":[],"class_list":{"0":"post-18023","1":"product","2":"type-product","3":"status-publish","4":"has-post-thumbnail","6":"product_brand-honda-fr","7":"product_cat-groupes-electrogene","9":"first","10":"instock","11":"sale","12":"taxable","13":"shipping-taxable","14":"purchasable","15":"product-type-simple"},"acf":[],"_links":{"self":[{"href":"https:\/\/mdbouwmachines.be\/fr\/wp-json\/wp\/v2\/product\/18023","targetHints":{"allow":["GET"]}}],"collection":[{"href":"https:\/\/mdbouwmachines.be\/fr\/wp-json\/wp\/v2\/product"}],"about":[{"href":"https:\/\/mdbouwmachines.be\/fr\/wp-json\/wp\/v2\/types\/product"}],"wp:featuredmedia":[{"embeddable":true,"href":"https:\/\/mdbouwmachines.be\/fr\/wp-json\/wp\/v2\/media\/18105"}],"wp:attachment":[{"href":"https:\/\/mdbouwmachines.be\/fr\/wp-json\/wp\/v2\/media?parent=18023"}],"wp:term":[{"taxonomy":"product_brand","embeddable":true,"href":"https:\/\/mdbouwmachines.be\/fr\/wp-json\/wp\/v2\/product_brand?post=18023"},{"taxonomy":"product_cat","embeddable":true,"href":"https:\/\/mdbouwmachines.be\/fr\/wp-json\/wp\/v2\/product_cat?post=18023"},{"taxonomy":"product_tag","embeddable":true,"href":"https:\/\/mdbouwmachines.be\/fr\/wp-json\/wp\/v2\/product_tag?post=18023"}],"curies":[{"name":"wp","href":"https:\/\/api.w.org\/{rel}","templated":true}]}}