{"id":17538,"date":"2025-03-06T16:11:46","date_gmt":"2025-03-06T15:11:46","guid":{"rendered":"https:\/\/mdbouwmachines.be\/product\/recepteur-portable-topcon-ls-100d-mm\/"},"modified":"2025-03-06T16:11:46","modified_gmt":"2025-03-06T15:11:46","slug":"recepteur-portable-topcon-ls-100d-mm","status":"publish","type":"product","link":"https:\/\/mdbouwmachines.be\/fr\/produit\/recepteur-portable-topcon-ls-100d-mm\/","title":{"rendered":"R\u00e9cepteur portable Topcon LS-100D mm"},"content":{"rendered":"","protected":false},"excerpt":{"rendered":"<p><strong>Accessoire pour le laser Topcon RL-H5A et le laser Topcon RL-HV2S.<br \/><\/strong><br \/>Le r\u00e9cepteur MM professionnel LS-100D de Topcon est le dernier n\u00e9 de la gamme de r\u00e9cepteurs portables num\u00e9riques compacts. Le r\u00e9cepteur affiche num\u00e9riquement la distance jusqu\u2019\u00e0 la bonne hauteur en millim\u00e8tres et est con\u00e7u pour rendre plus rapide et plus facile la v\u00e9rification de la hauteur et de l\u2019alignement vertical pour tous les types d\u2019applications. <\/p>\n<p><strong><strong>Cet article ne comprend que la t\u00e9l\u00e9commande, donc sans support !<\/strong><\/strong><\/p>\n","protected":false},"featured_media":17472,"template":"","meta":{"_acf_changed":false},"product_brand":[1259],"product_cat":[905],"product_tag":[],"class_list":{"0":"post-17538","1":"product","2":"type-product","3":"status-publish","4":"has-post-thumbnail","6":"product_brand-topcon-fr","7":"product_cat-lasers-et-recepteurs","9":"first","10":"instock","11":"taxable","12":"shipping-taxable","13":"purchasable","14":"product-type-simple"},"acf":[],"_links":{"self":[{"href":"https:\/\/mdbouwmachines.be\/fr\/wp-json\/wp\/v2\/product\/17538","targetHints":{"allow":["GET"]}}],"collection":[{"href":"https:\/\/mdbouwmachines.be\/fr\/wp-json\/wp\/v2\/product"}],"about":[{"href":"https:\/\/mdbouwmachines.be\/fr\/wp-json\/wp\/v2\/types\/product"}],"wp:featuredmedia":[{"embeddable":true,"href":"https:\/\/mdbouwmachines.be\/fr\/wp-json\/wp\/v2\/media\/17472"}],"wp:attachment":[{"href":"https:\/\/mdbouwmachines.be\/fr\/wp-json\/wp\/v2\/media?parent=17538"}],"wp:term":[{"taxonomy":"product_brand","embeddable":true,"href":"https:\/\/mdbouwmachines.be\/fr\/wp-json\/wp\/v2\/product_brand?post=17538"},{"taxonomy":"product_cat","embeddable":true,"href":"https:\/\/mdbouwmachines.be\/fr\/wp-json\/wp\/v2\/product_cat?post=17538"},{"taxonomy":"product_tag","embeddable":true,"href":"https:\/\/mdbouwmachines.be\/fr\/wp-json\/wp\/v2\/product_tag?post=17538"}],"curies":[{"name":"wp","href":"https:\/\/api.w.org\/{rel}","templated":true}]}}