{"id":17330,"date":"2025-03-06T13:38:32","date_gmt":"2025-03-06T12:38:32","guid":{"rendered":"https:\/\/mdbouwmachines.be\/?post_type=product&#038;p=17330"},"modified":"2025-03-20T13:41:17","modified_gmt":"2025-03-20T12:41:17","slug":"bkgm-280-vs-4hp-kopie-kopie-kopie-2","status":"publish","type":"product","link":"https:\/\/mdbouwmachines.be\/fr\/produit\/bkgm-280-vs-4hp-kopie-kopie-kopie-2\/","title":{"rendered":"BKG 950 SX"},"content":{"rendered":"\n<h2 class=\"wp-block-heading\"><\/h2>\n\n<hr class=\"wp-block-separator has-alpha-channel-opacity\" \/>\n\n<h2 class=\"wp-block-heading\">Caract\u00e9ristiques principales :<\/h2>\n\n<p>Pression de service r\u00e9glable. \u2013 Acier inoxydable tremp\u00e9<br\/>Plan\u00e9taire et r\u00e9ducteur. Transmission enti\u00e8rement r\u00e9gul\u00e9e. \u2013 Troisi\u00e8me roue<br\/>Pour un transport facile et pour travailler sur de tr\u00e8s grandes surfaces.   <\/p>\n\n<p>Compact et pratique. \u2013 Dispositif de levage plan\u00e9taire automatique pour<br\/>les proc\u00e9dures de chargement et de d\u00e9chargement des v\u00e9hicules. \u2013 Toutes les fonctions<br\/>Disponible sur les t\u00e9l\u00e9commandes. \u2013 Batteries embarqu\u00e9es pour<br\/>auto-d\u00e9placement. \u2013 Syst\u00e8me de fixation rapide sans outil pour<br\/>Outils diamant\u00e9s.<br\/>Applications:    <\/p>\n\n<p>Lissage et pr\u00e9paration de tous types de sols. -Bosses<br\/>Retirer sur du b\u00e9ton. \u2013 Enl\u00e8vement de r\u00e9sine, colle, peinture et autres<br\/>reste. \u2013 Polissage miroir brillant du marbre et du granit.   <\/p>\n\n<p>Polissage miroir brillant des sols en b\u00e9ton industriel.<\/p>\n\n<hr class=\"wp-block-separator has-alpha-channel-opacity\" \/>\n\n<h2 class=\"wp-block-heading\">Informations techniques<\/h2>\n\n<figure class=\"wp-block-table\"><table class=\"has-fixed-layout\"><tbody><tr><td class=\"has-text-align-center\" data-align=\"center\"><strong>Mod\u00e8le<\/strong><\/td><td class=\"has-text-align-center\" data-align=\"center\"><strong>Moteur<\/strong><\/td><td class=\"has-text-align-center\" data-align=\"center\"><strong>Volt<\/strong><\/td><td class=\"has-text-align-center\" data-align=\"center\"><strong>Tr \/ min<\/strong><\/td><td class=\"has-text-align-center\" data-align=\"center\"><strong>Diam\u00e8tre<\/strong><\/td><td class=\"has-text-align-center\" data-align=\"center\"><strong>Dimensions<\/strong><\/td><td class=\"has-text-align-center\" data-align=\"center\"><strong>Poids<\/strong><\/td><\/tr><tr><td class=\"has-text-align-center\" data-align=\"center\">BKG 950 SX<\/td><td class=\"has-text-align-center\" data-align=\"center\">25 ch<\/td><td class=\"has-text-align-center\" data-align=\"center\">380-480<\/td><td class=\"has-text-align-center\" data-align=\"center\">300 \u00e0 1300 tr\/min<\/td><td class=\"has-text-align-center\" data-align=\"center\">950 millim\u00e8tre<\/td><td class=\"has-text-align-center\" data-align=\"center\">150x150x95<\/td><td class=\"has-text-align-center\" data-align=\"center\">655 kg<\/td><\/tr><\/tbody><\/table><\/figure>\n\n<hr class=\"wp-block-separator has-alpha-channel-opacity\" \/>\n\n<div class=\"wp-block-columns is-layout-flex wp-container-core-columns-is-layout-28f84493 wp-block-columns-is-layout-flex\">\n<div class=\"wp-block-column is-layout-flow wp-block-column-is-layout-flow\" style=\"flex-basis:25%\">\n<h2 class=\"wp-block-heading\">Catalogue<\/h2>\n<\/div>\n\n\n\n<div class=\"wp-block-column is-layout-flow wp-block-column-is-layout-flow\" style=\"flex-basis:50%\">\n<div class=\"wp-block-file\"><a href=\"https:\/\/mdbouwmachines.be\/wp-content\/uploads\/2025\/03\/BKG-Catalogue-1.pdf\" class=\"wp-block-file__button wp-element-button\" download=\"\">T\u00e9l\u00e9charger<\/a><\/div>\n<\/div>\n\n\n\n<div class=\"wp-block-column is-layout-flow wp-block-column-is-layout-flow\" style=\"flex-basis:25%\"><\/div>\n<\/div>\n","protected":false},"excerpt":{"rendered":"<p>Machine de meulage et de polissage plan\u00e9taire t\u00e9l\u00e9command\u00e9e pour<br \/>grandes surfaces, \u00e0 vitesse variable, pression de travail r\u00e9glable,<br \/>batteries int\u00e9gr\u00e9es et syst\u00e8me Autodrive.<\/p>\n","protected":false},"featured_media":17340,"template":"","meta":{"_acf_changed":false},"product_brand":[1123],"product_cat":[859],"product_tag":[],"class_list":{"0":"post-17330","1":"product","2":"type-product","3":"status-publish","4":"has-post-thumbnail","6":"product_brand-barikell-fr","7":"product_cat-machines-a-polir","9":"first","10":"instock","11":"taxable","12":"shipping-taxable","13":"purchasable","14":"product-type-simple"},"acf":[],"_links":{"self":[{"href":"https:\/\/mdbouwmachines.be\/fr\/wp-json\/wp\/v2\/product\/17330","targetHints":{"allow":["GET"]}}],"collection":[{"href":"https:\/\/mdbouwmachines.be\/fr\/wp-json\/wp\/v2\/product"}],"about":[{"href":"https:\/\/mdbouwmachines.be\/fr\/wp-json\/wp\/v2\/types\/product"}],"wp:featuredmedia":[{"embeddable":true,"href":"https:\/\/mdbouwmachines.be\/fr\/wp-json\/wp\/v2\/media\/17340"}],"wp:attachment":[{"href":"https:\/\/mdbouwmachines.be\/fr\/wp-json\/wp\/v2\/media?parent=17330"}],"wp:term":[{"taxonomy":"product_brand","embeddable":true,"href":"https:\/\/mdbouwmachines.be\/fr\/wp-json\/wp\/v2\/product_brand?post=17330"},{"taxonomy":"product_cat","embeddable":true,"href":"https:\/\/mdbouwmachines.be\/fr\/wp-json\/wp\/v2\/product_cat?post=17330"},{"taxonomy":"product_tag","embeddable":true,"href":"https:\/\/mdbouwmachines.be\/fr\/wp-json\/wp\/v2\/product_tag?post=17330"}],"curies":[{"name":"wp","href":"https:\/\/api.w.org\/{rel}","templated":true}]}}