{"id":17299,"date":"2025-03-06T11:32:49","date_gmt":"2025-03-06T10:32:49","guid":{"rendered":"https:\/\/mdbouwmachines.be\/?post_type=product&#038;p=17299"},"modified":"2025-03-20T13:41:19","modified_gmt":"2025-03-20T12:41:19","slug":"topcon-rl-h5a-laser-kopie","status":"publish","type":"product","link":"https:\/\/mdbouwmachines.be\/fr\/produit\/topcon-rl-h5a-laser-kopie\/","title":{"rendered":"Topcon RL-HV2S Laser"},"content":{"rendered":"\n<hr class=\"wp-block-separator has-alpha-channel-opacity is-style-dots\" \/>\n\n<h2 class=\"wp-block-heading\">Description<\/h2>\n\n<p>Le Topcon RL-HV2S est un laser de construction enti\u00e8rement automatique avec un rapport qualit\u00e9\/prix unique. Le nivellement du laser peut \u00eatre surveill\u00e9 \u00e0 tout moment et le laser peut \u00e9galement \u00eatre plac\u00e9 dans une pente num\u00e9rique. Le m\u00e9canisme continue de v\u00e9rifier si la pente saisie est correcte. Avec un laser de pente manuel, le nivellement est d\u00e9sactiv\u00e9 lorsque le laser est sur une pente. Avec une machine semi-automatique, seul l\u2019essieu qui n\u2019est pas sur la pente est nivel\u00e9 et avec une machine enti\u00e8rement automatique, l\u2019essieu qui se trouve sur la pente (ou les deux) est \u00e9galement nivel\u00e9 \u00e0 la pente d\u00e9finie.      <\/p>\n\n<p>Le programme num\u00e9rique affiche des pentes allant jusqu\u2019\u00e0 \u00b15 % dans l\u2019axe X ou Y. Tournez le laser sur le c\u00f4t\u00e9 et utilisez le Topcon RL-HV2S pour aligner quelque chose verticalement. Toutes les fonctions peuvent \u00e9galement \u00eatre contr\u00f4l\u00e9es via l\u2019application Laser Manager de Topcon sur un smartphone.  <\/p>\n\n<h2 class=\"wp-block-heading\">Propri\u00e9t\u00e9s<\/h2>\n\n<ul class=\"wp-block-list\">\n<li>Laser de pente enti\u00e8rement automatique pour une utilisation en ext\u00e9rieur<\/li>\n\n\n\n<li>Plage de nivellement de \u00b1 5\u00b0 au moyen du nivellement du moteur<\/li>\n\n\n\n<li>Pente enti\u00e8rement automatique sur 2 axes \u00b1 5\u00a0% (possibilit\u00e9 de \u00b1 15\u00a0%)<\/li>\n\n\n\n<li>Application verticale pour les murs, les coffrages et les cl\u00f4tures, entre autres<\/li>\n\n\n\n<li>La surveillance automatique de l\u2019altitude arr\u00eate le laser en cas de fortes vibrations. Cela permet d\u2019\u00e9viter les erreurs de hauteur. <\/li>\n\n\n\n<li>Contr\u00f4le par smartphone via la nouvelle application Topcon Laser Manager<\/li>\n\n\n\n<li>Bo\u00eetier tr\u00e8s robuste avec une valeur de protection IP66<\/li>\n\n\n\n<li>Batteries NiMH haute performance pour une longue dur\u00e9e de vie et jusqu\u2019\u00e0 60 heures de fonctionnement continu<\/li>\n<\/ul>\n","protected":false},"excerpt":{"rendered":"<p>Ce laser num\u00e9rique de construction \u00e0 double pente peut \u00eatre utilis\u00e9 pour des applications laser horizontales, obliques et verticales. Avec une port\u00e9e de travail de 800 m\u00e8tres et une d\u00e9viation maximale de seulement 0,5 mm \u00e0 10 m\u00e8tres, le RL-HV2S est l\u2019un des lasers les plus pr\u00e9cis de sa cat\u00e9gorie.   <\/p>\n<p><strong>Le prix est pour le kit complet (laser + tr\u00e9pied max. 1m80 + batterie + chargeur + r\u00e9cepteur num\u00e9rique (LS-80X) + poteau laser + bo\u00eetier)<\/strong><\/p>\n","protected":false},"featured_media":17320,"template":"","meta":{"_acf_changed":false},"product_brand":[1259],"product_cat":[905],"product_tag":[],"class_list":{"0":"post-17299","1":"product","2":"type-product","3":"status-publish","4":"has-post-thumbnail","6":"product_brand-topcon-fr","7":"product_cat-lasers-et-recepteurs","9":"first","10":"instock","11":"taxable","12":"shipping-taxable","13":"purchasable","14":"product-type-simple"},"acf":[],"_links":{"self":[{"href":"https:\/\/mdbouwmachines.be\/fr\/wp-json\/wp\/v2\/product\/17299","targetHints":{"allow":["GET"]}}],"collection":[{"href":"https:\/\/mdbouwmachines.be\/fr\/wp-json\/wp\/v2\/product"}],"about":[{"href":"https:\/\/mdbouwmachines.be\/fr\/wp-json\/wp\/v2\/types\/product"}],"wp:featuredmedia":[{"embeddable":true,"href":"https:\/\/mdbouwmachines.be\/fr\/wp-json\/wp\/v2\/media\/17320"}],"wp:attachment":[{"href":"https:\/\/mdbouwmachines.be\/fr\/wp-json\/wp\/v2\/media?parent=17299"}],"wp:term":[{"taxonomy":"product_brand","embeddable":true,"href":"https:\/\/mdbouwmachines.be\/fr\/wp-json\/wp\/v2\/product_brand?post=17299"},{"taxonomy":"product_cat","embeddable":true,"href":"https:\/\/mdbouwmachines.be\/fr\/wp-json\/wp\/v2\/product_cat?post=17299"},{"taxonomy":"product_tag","embeddable":true,"href":"https:\/\/mdbouwmachines.be\/fr\/wp-json\/wp\/v2\/product_tag?post=17299"}],"curies":[{"name":"wp","href":"https:\/\/api.w.org\/{rel}","templated":true}]}}