{"id":17291,"date":"2025-02-27T15:44:52","date_gmt":"2025-02-27T14:44:52","guid":{"rendered":"https:\/\/mdbouwmachines.be\/product\/support-de-perceuse-dra500-electric\/"},"modified":"2025-03-07T15:05:26","modified_gmt":"2025-03-07T14:05:26","slug":"support-de-perceuse-dra500-electric","status":"publish","type":"product","link":"https:\/\/mdbouwmachines.be\/fr\/produit\/support-de-perceuse-dra500-electric\/","title":{"rendered":"Support de perceuse DRA500 electric"},"content":{"rendered":"\n<p>Le DRA500, un support de forage pour une stabilit\u00e9 maximale et les exigences les plus \u00e9lev\u00e9es lors du forage. Le syst\u00e8me de serrage rapide \u00e9prouv\u00e9 ModulDrill\u2122 permet un montage rapide et s\u00fbr des moteurs de per\u00e7age. Gr\u00e2ce \u00e0 un train de tiges extensible, des trous traversants plus longs peuvent \u00e9galement \u00eatre r\u00e9alis\u00e9s sans probl\u00e8me. Gr\u00e2ce \u00e0 sa conception modulaire, il est possible de combiner facilement des scies \u00e0 c\u00e2ble ou des \u00e9quipements hydrauliques TYROLIT.   <\/p>\n\n<div class=\"wp-block-file\"><a id=\"wp-block-file--media-4e9f7363-6958-4618-88eb-71527bda7683\" href=\"https:\/\/mdbouwmachines.be\/wp-content\/uploads\/2025\/02\/Boorstatief-DRA500-elektrisch.pdf\">Fiche technique<\/a><a href=\"https:\/\/mdbouwmachines.be\/wp-content\/uploads\/2025\/02\/Boorstatief-DRA500-elektrisch.pdf\" class=\"wp-block-file__button wp-element-button\" download=\"\" aria-describedby=\"wp-block-file--media-4e9f7363-6958-4618-88eb-71527bda7683\">T\u00e9l\u00e9charger<\/a><\/div>\n","protected":false},"excerpt":{"rendered":"<p>Per\u00e7age jusqu\u2019\u00e0 \u00d8 500 mm<br \/>Rallonges de colonne de forage de 230 \u00e0 910 mm.<br \/>Capacit\u00e9 de charge optimale gr\u00e2ce \u00e0 des dents de colonne de forage extra-larges et de haute qualit\u00e9.<br \/>Plaque d\u2019espacement ModulDrill\u2122 pour des al\u00e9sages jusqu\u2019\u00e0 500 mm de diam\u00e8tre.<\/p>\n","protected":false},"featured_media":16365,"template":"","meta":{"_acf_changed":false},"product_brand":[1152],"product_cat":[889],"product_tag":[],"class_list":{"0":"post-17291","1":"product","2":"type-product","3":"status-publish","4":"has-post-thumbnail","6":"product_brand-tyrolit-fr","7":"product_cat-carottage","9":"first","10":"instock","11":"taxable","12":"shipping-taxable","13":"purchasable","14":"product-type-simple"},"acf":[],"_links":{"self":[{"href":"https:\/\/mdbouwmachines.be\/fr\/wp-json\/wp\/v2\/product\/17291","targetHints":{"allow":["GET"]}}],"collection":[{"href":"https:\/\/mdbouwmachines.be\/fr\/wp-json\/wp\/v2\/product"}],"about":[{"href":"https:\/\/mdbouwmachines.be\/fr\/wp-json\/wp\/v2\/types\/product"}],"wp:featuredmedia":[{"embeddable":true,"href":"https:\/\/mdbouwmachines.be\/fr\/wp-json\/wp\/v2\/media\/16365"}],"wp:attachment":[{"href":"https:\/\/mdbouwmachines.be\/fr\/wp-json\/wp\/v2\/media?parent=17291"}],"wp:term":[{"taxonomy":"product_brand","embeddable":true,"href":"https:\/\/mdbouwmachines.be\/fr\/wp-json\/wp\/v2\/product_brand?post=17291"},{"taxonomy":"product_cat","embeddable":true,"href":"https:\/\/mdbouwmachines.be\/fr\/wp-json\/wp\/v2\/product_cat?post=17291"},{"taxonomy":"product_tag","embeddable":true,"href":"https:\/\/mdbouwmachines.be\/fr\/wp-json\/wp\/v2\/product_tag?post=17291"}],"curies":[{"name":"wp","href":"https:\/\/api.w.org\/{rel}","templated":true}]}}