{"id":17284,"date":"2025-02-27T14:13:24","date_gmt":"2025-02-27T13:13:24","guid":{"rendered":"https:\/\/mdbouwmachines.be\/product\/moteurs-de-perceuse-dme26mw-dme26uw\/"},"modified":"2025-03-07T15:05:22","modified_gmt":"2025-03-07T14:05:22","slug":"moteurs-de-perceuse-dme26mw-dme26uw","status":"publish","type":"product","link":"https:\/\/mdbouwmachines.be\/fr\/produit\/moteurs-de-perceuse-dme26mw-dme26uw\/","title":{"rendered":"Moteurs de perceuse DME26MW | DME26UW"},"content":{"rendered":"\n<p>Le DME26 avec son puissant moteur de 2,6 kW est id\u00e9al pour les carottages jusqu\u2019\u00e0 250 mm. Le DME26 avec son puissant moteur de 2,6 kW est id\u00e9al pour les carottages jusqu\u2019\u00e0 250 mm. La transmission \u00e0 3 vitesses associ\u00e9e \u00e0 un contr\u00f4le de vitesse suppl\u00e9mentaire (fonction de d\u00e9marrage en acier) assurent une vitesse de per\u00e7age optimale. La protection m\u00e9canique et \u00e9lectronique contre les surcharges et le bo\u00eetier enti\u00e8rement m\u00e9tallique garantissent une grande fiabilit\u00e9. Les indicateurs de performance et de service int\u00e9gr\u00e9s et l\u2019aide \u00e0 la mise \u00e0 niveau rendent le panneau de commande facile \u00e0 utiliser. Le DME26 est disponible avec diff\u00e9rents raccords (syst\u00e8me de changement rapide ModulDrill\u2122 ou plaque universelle)     <\/p>\n\n<div class=\"wp-block-file\"><a id=\"wp-block-file--media-efaf1c40-fd9d-46df-96d5-9e592618e288\" href=\"https:\/\/mdbouwmachines.be\/wp-content\/uploads\/2025\/02\/Boormotoren-DME26MW-DME26UW.pdf\">Fiche technique<\/a><a href=\"https:\/\/mdbouwmachines.be\/wp-content\/uploads\/2025\/02\/Boormotoren-DME26MW-DME26UW.pdf\" class=\"wp-block-file__button wp-element-button\" download=\"\" aria-describedby=\"wp-block-file--media-efaf1c40-fd9d-46df-96d5-9e592618e288\">T\u00e9l\u00e9charger<\/a><\/div>\n","protected":false},"excerpt":{"rendered":"<p>Per\u00e7age jusqu\u2019\u00e0 \u00d8 250 mm<br \/>Conception compacte, robuste et ergonomique<br \/>Indicateur de performance et de service, aide \u00e0 la mise \u00e0 niveau et s\u00e9lection du mode de per\u00e7age<br \/>Diff\u00e9rentes connexions : ModulDrill\u2122 ou plaque universelle<\/p>\n","protected":false},"featured_media":16132,"template":"","meta":{"_acf_changed":false},"product_brand":[1152],"product_cat":[889],"product_tag":[],"class_list":{"0":"post-17284","1":"product","2":"type-product","3":"status-publish","4":"has-post-thumbnail","6":"product_brand-tyrolit-fr","7":"product_cat-carottage","9":"first","10":"instock","11":"taxable","12":"shipping-taxable","13":"purchasable","14":"product-type-simple"},"acf":[],"_links":{"self":[{"href":"https:\/\/mdbouwmachines.be\/fr\/wp-json\/wp\/v2\/product\/17284","targetHints":{"allow":["GET"]}}],"collection":[{"href":"https:\/\/mdbouwmachines.be\/fr\/wp-json\/wp\/v2\/product"}],"about":[{"href":"https:\/\/mdbouwmachines.be\/fr\/wp-json\/wp\/v2\/types\/product"}],"wp:featuredmedia":[{"embeddable":true,"href":"https:\/\/mdbouwmachines.be\/fr\/wp-json\/wp\/v2\/media\/16132"}],"wp:attachment":[{"href":"https:\/\/mdbouwmachines.be\/fr\/wp-json\/wp\/v2\/media?parent=17284"}],"wp:term":[{"taxonomy":"product_brand","embeddable":true,"href":"https:\/\/mdbouwmachines.be\/fr\/wp-json\/wp\/v2\/product_brand?post=17284"},{"taxonomy":"product_cat","embeddable":true,"href":"https:\/\/mdbouwmachines.be\/fr\/wp-json\/wp\/v2\/product_cat?post=17284"},{"taxonomy":"product_tag","embeddable":true,"href":"https:\/\/mdbouwmachines.be\/fr\/wp-json\/wp\/v2\/product_tag?post=17284"}],"curies":[{"name":"wp","href":"https:\/\/api.w.org\/{rel}","templated":true}]}}