{"id":17283,"date":"2025-02-27T14:17:55","date_gmt":"2025-02-27T13:17:55","guid":{"rendered":"https:\/\/mdbouwmachines.be\/product\/moteurs-de-perceuse-dme32mw-dme32uw\/"},"modified":"2025-03-07T15:05:23","modified_gmt":"2025-03-07T14:05:23","slug":"moteurs-de-perceuse-dme32mw-dme32uw","status":"publish","type":"product","link":"https:\/\/mdbouwmachines.be\/fr\/produit\/moteurs-de-perceuse-dme32mw-dme32uw\/","title":{"rendered":"Moteurs de perceuse DME32MW | DME32UW"},"content":{"rendered":"\n<p>Le moteur de per\u00e7age DME32 de la classe de puissance 3,2 kW combine d\u2019excellentes performances de per\u00e7age avec une conception compacte. Le moteur de per\u00e7age DME32 de la classe de puissance 3,2 kW combine d\u2019excellentes performances de per\u00e7age avec une conception compacte. La protection m\u00e9canique et \u00e9lectronique contre les surcharges et le bo\u00eetier enti\u00e8rement m\u00e9tallique garantissent une grande fiabilit\u00e9. L\u2019indicateur de performance et de service int\u00e9gr\u00e9 et l\u2019aide \u00e0 la mise \u00e0 niveau facilitent \u00e9galement le contr\u00f4le du panneau de commande. La transmission avec commande de vitesse suppl\u00e9mentaire (fonction acier de per\u00e7age) assure une vitesse de per\u00e7age optimale. Le moteur de per\u00e7age DME32 est disponible avec le syst\u00e8me de d\u00e9gagement rapide Modul Drill\u2122 ou une plaque universelle.     <\/p>\n\n<div class=\"wp-block-file\"><a id=\"wp-block-file--media-6f46e42f-dd43-428a-8386-9713352608b2\" href=\"https:\/\/mdbouwmachines.be\/wp-content\/uploads\/2025\/02\/Boormotoren-DME32MW-DME32UW.pdf\">Fiche technique<\/a><a href=\"https:\/\/mdbouwmachines.be\/wp-content\/uploads\/2025\/02\/Boormotoren-DME32MW-DME32UW.pdf\" class=\"wp-block-file__button wp-element-button\" download=\"\" aria-describedby=\"wp-block-file--media-6f46e42f-dd43-428a-8386-9713352608b2\">T\u00e9l\u00e9charger<\/a><\/div>\n","protected":false},"excerpt":{"rendered":"<p>Per\u00e7age jusqu\u2019\u00e0 \u00d8 350 mm<br \/>Nouveau design compact, robuste et ergonomique<br \/>Diff\u00e9rentes connexions du support de perceuse : ModulDrill\u2122 ou plaque universelle<br \/>Indicateur de performance et de service, aide au nivellement et s\u00e9lection de la fonction de per\u00e7age.<\/p>\n","protected":false},"featured_media":16148,"template":"","meta":{"_acf_changed":false},"product_brand":[1152],"product_cat":[889],"product_tag":[],"class_list":{"0":"post-17283","1":"product","2":"type-product","3":"status-publish","4":"has-post-thumbnail","6":"product_brand-tyrolit-fr","7":"product_cat-carottage","9":"first","10":"instock","11":"taxable","12":"shipping-taxable","13":"purchasable","14":"product-type-simple"},"acf":[],"_links":{"self":[{"href":"https:\/\/mdbouwmachines.be\/fr\/wp-json\/wp\/v2\/product\/17283","targetHints":{"allow":["GET"]}}],"collection":[{"href":"https:\/\/mdbouwmachines.be\/fr\/wp-json\/wp\/v2\/product"}],"about":[{"href":"https:\/\/mdbouwmachines.be\/fr\/wp-json\/wp\/v2\/types\/product"}],"wp:featuredmedia":[{"embeddable":true,"href":"https:\/\/mdbouwmachines.be\/fr\/wp-json\/wp\/v2\/media\/16148"}],"wp:attachment":[{"href":"https:\/\/mdbouwmachines.be\/fr\/wp-json\/wp\/v2\/media?parent=17283"}],"wp:term":[{"taxonomy":"product_brand","embeddable":true,"href":"https:\/\/mdbouwmachines.be\/fr\/wp-json\/wp\/v2\/product_brand?post=17283"},{"taxonomy":"product_cat","embeddable":true,"href":"https:\/\/mdbouwmachines.be\/fr\/wp-json\/wp\/v2\/product_cat?post=17283"},{"taxonomy":"product_tag","embeddable":true,"href":"https:\/\/mdbouwmachines.be\/fr\/wp-json\/wp\/v2\/product_tag?post=17283"}],"curies":[{"name":"wp","href":"https:\/\/api.w.org\/{rel}","templated":true}]}}