{"id":17278,"date":"2025-02-27T14:03:05","date_gmt":"2025-02-27T13:03:05","guid":{"rendered":"https:\/\/mdbouwmachines.be\/product\/perceuse-a-percussion-dhe32\/"},"modified":"2025-03-07T15:05:22","modified_gmt":"2025-03-07T14:05:22","slug":"perceuse-a-percussion-dhe32","status":"publish","type":"product","link":"https:\/\/mdbouwmachines.be\/fr\/produit\/perceuse-a-percussion-dhe32\/","title":{"rendered":"Perceuse \u00e0 percussion DHE32"},"content":{"rendered":"\n<p>Le marteau perforateur combin\u00e9 DHE32 de 900 watts dispose des quatre fonctions de per\u00e7age, de per\u00e7age \u00e0 percussion, de burinage et de r\u00e9glage du burin, ce qui en fait le perforateur polyvalent parfait pour les travaux de burinage l\u00e9gers et pour l\u2019insertion de chevilles. Gr\u00e2ce au syst\u00e8me de changement d\u2019outil rapide, au retrait du mandrin sans outil, au commutateur de vitesse et \u00e0 la fonction permanente, ce mod\u00e8le est facile \u00e0 utiliser. Le fonctionnement \u00e0 faibles vibrations combin\u00e9 \u00e0 l\u2019\u00e9nergie d\u2019impact \u00e9lev\u00e9e et \u00e0 la poign\u00e9e suppl\u00e9mentaire r\u00e9sistante \u00e0 la torsion contribuent \u00e0 un haut degr\u00e9 d\u2019ergonomie.  <\/p>\n\n<div class=\"wp-block-file\"><a id=\"wp-block-file--media-830066a5-3769-4c4f-9f5d-11c03199cef7\" href=\"https:\/\/mdbouwmachines.be\/wp-content\/uploads\/2025\/02\/Boorhamer-DHE32.pdf\">Fiche technique<\/a><a href=\"https:\/\/mdbouwmachines.be\/wp-content\/uploads\/2025\/02\/Boorhamer-DHE32.pdf\" class=\"wp-block-file__button wp-element-button\" download=\"\" aria-describedby=\"wp-block-file--media-830066a5-3769-4c4f-9f5d-11c03199cef7\">T\u00e9l\u00e9charger<\/a><\/div>\n","protected":false},"excerpt":{"rendered":"<p>Marteau perforateur universel jusqu\u2019\u00e0 \u00d8 32 mm<br \/>Marteau perforateur combin\u00e9 de 900 W pour le per\u00e7age, le per\u00e7age \u00e0 percussion et le burinage<br \/>Syst\u00e8me de changement d\u2019outil rapide pour mandrin de per\u00e7age SDS-plus<br \/>Id\u00e9al pour l\u2019insertion de bouchons<\/p>\n","protected":false},"featured_media":15967,"template":"","meta":{"_acf_changed":false},"product_brand":[1152],"product_cat":[889],"product_tag":[],"class_list":{"0":"post-17278","1":"product","2":"type-product","3":"status-publish","4":"has-post-thumbnail","6":"product_brand-tyrolit-fr","7":"product_cat-carottage","9":"first","10":"instock","11":"taxable","12":"shipping-taxable","13":"purchasable","14":"product-type-simple"},"acf":[],"_links":{"self":[{"href":"https:\/\/mdbouwmachines.be\/fr\/wp-json\/wp\/v2\/product\/17278","targetHints":{"allow":["GET"]}}],"collection":[{"href":"https:\/\/mdbouwmachines.be\/fr\/wp-json\/wp\/v2\/product"}],"about":[{"href":"https:\/\/mdbouwmachines.be\/fr\/wp-json\/wp\/v2\/types\/product"}],"wp:featuredmedia":[{"embeddable":true,"href":"https:\/\/mdbouwmachines.be\/fr\/wp-json\/wp\/v2\/media\/15967"}],"wp:attachment":[{"href":"https:\/\/mdbouwmachines.be\/fr\/wp-json\/wp\/v2\/media?parent=17278"}],"wp:term":[{"taxonomy":"product_brand","embeddable":true,"href":"https:\/\/mdbouwmachines.be\/fr\/wp-json\/wp\/v2\/product_brand?post=17278"},{"taxonomy":"product_cat","embeddable":true,"href":"https:\/\/mdbouwmachines.be\/fr\/wp-json\/wp\/v2\/product_cat?post=17278"},{"taxonomy":"product_tag","embeddable":true,"href":"https:\/\/mdbouwmachines.be\/fr\/wp-json\/wp\/v2\/product_tag?post=17278"}],"curies":[{"name":"wp","href":"https:\/\/api.w.org\/{rel}","templated":true}]}}