{"id":17276,"date":"2025-02-27T14:04:38","date_gmt":"2025-02-27T13:04:38","guid":{"rendered":"https:\/\/mdbouwmachines.be\/product\/moteurs-de-perceuse-dme20pw-dme20pu-dme20cw\/"},"modified":"2025-03-07T15:05:22","modified_gmt":"2025-03-07T14:05:22","slug":"moteurs-de-perceuse-dme20pw-dme20pu-dme20cw","status":"publish","type":"product","link":"https:\/\/mdbouwmachines.be\/fr\/produit\/moteurs-de-perceuse-dme20pw-dme20pu-dme20cw\/","title":{"rendered":"Moteurs de perceuse DME20PW | DME20PU | DME20CW"},"content":{"rendered":"\n<p>La nouvelle g\u00e9n\u00e9ration de moteurs DME20 offre des performances impressionnantes dans le segment de la puissance jusqu\u2019\u00e0 2 kW. La nouvelle g\u00e9n\u00e9ration de moteurs DME20 offre des performances impressionnantes dans le segment de la puissance jusqu\u2019\u00e0 2 kW. La protection m\u00e9canique et \u00e9lectronique contre les surcharges et le bo\u00eetier enti\u00e8rement m\u00e9tallique assurent un haut niveau de fiabilit\u00e9. Les indicateurs de performance et d\u2019entretien int\u00e9gr\u00e9s ainsi que l\u2019aide \u00e0 la mise \u00e0 niveau permettent une utilisation facile. Les moteurs de per\u00e7age DME20 sont universels et couvrent une large gamme d\u2019applications : humide\/sec et portatif\/sur un support de forage (DME20PU), humide et portatif \/ sur un support de forage (DME20PW) et uniquement humide et sur un support de forage (DME20CW).    <\/p>\n\n<div class=\"wp-block-file\"><a id=\"wp-block-file--media-66fe443b-d41b-486f-b273-30e92d1c8fc1\" href=\"https:\/\/mdbouwmachines.be\/wp-content\/uploads\/2025\/02\/Boormotoren-DME20PW.pdf\">Fiche technique<\/a><a href=\"https:\/\/mdbouwmachines.be\/wp-content\/uploads\/2025\/02\/Boormotoren-DME20PW.pdf\" class=\"wp-block-file__button wp-element-button\" download=\"\" aria-describedby=\"wp-block-file--media-66fe443b-d41b-486f-b273-30e92d1c8fc1\">T\u00e9l\u00e9charger<\/a><\/div>\n","protected":false},"excerpt":{"rendered":"<p>Per\u00e7age jusqu\u2019\u00e0 \u00d8 180 mm<br \/>Conception compacte, robuste et ergonomique<br \/>Indicateur de performance et de service et aide \u00e0 la mise \u00e0 niveau pour un travail facile<br \/>Basculez rapidement entre le forage humide et le forage \u00e0 sec avec le DME20PU<\/p>\n","protected":false},"featured_media":16116,"template":"","meta":{"_acf_changed":false},"product_brand":[1152],"product_cat":[889],"product_tag":[],"class_list":{"0":"post-17276","1":"product","2":"type-product","3":"status-publish","4":"has-post-thumbnail","6":"product_brand-tyrolit-fr","7":"product_cat-carottage","9":"first","10":"instock","11":"taxable","12":"shipping-taxable","13":"purchasable","14":"product-type-simple"},"acf":[],"_links":{"self":[{"href":"https:\/\/mdbouwmachines.be\/fr\/wp-json\/wp\/v2\/product\/17276","targetHints":{"allow":["GET"]}}],"collection":[{"href":"https:\/\/mdbouwmachines.be\/fr\/wp-json\/wp\/v2\/product"}],"about":[{"href":"https:\/\/mdbouwmachines.be\/fr\/wp-json\/wp\/v2\/types\/product"}],"wp:featuredmedia":[{"embeddable":true,"href":"https:\/\/mdbouwmachines.be\/fr\/wp-json\/wp\/v2\/media\/16116"}],"wp:attachment":[{"href":"https:\/\/mdbouwmachines.be\/fr\/wp-json\/wp\/v2\/media?parent=17276"}],"wp:term":[{"taxonomy":"product_brand","embeddable":true,"href":"https:\/\/mdbouwmachines.be\/fr\/wp-json\/wp\/v2\/product_brand?post=17276"},{"taxonomy":"product_cat","embeddable":true,"href":"https:\/\/mdbouwmachines.be\/fr\/wp-json\/wp\/v2\/product_cat?post=17276"},{"taxonomy":"product_tag","embeddable":true,"href":"https:\/\/mdbouwmachines.be\/fr\/wp-json\/wp\/v2\/product_tag?post=17276"}],"curies":[{"name":"wp","href":"https:\/\/api.w.org\/{rel}","templated":true}]}}