{"id":17271,"date":"2025-02-27T13:53:29","date_gmt":"2025-02-27T12:53:29","guid":{"rendered":"https:\/\/mdbouwmachines.be\/product\/moteur-de-perceuse-dme17dp\/"},"modified":"2025-03-07T15:05:21","modified_gmt":"2025-03-07T14:05:21","slug":"moteur-de-perceuse-dme17dp","status":"publish","type":"product","link":"https:\/\/mdbouwmachines.be\/fr\/produit\/moteur-de-perceuse-dme17dp\/","title":{"rendered":"Moteur de perceuse DME17DP"},"content":{"rendered":"\n<p>Le DME17 est un moteur de perceuse \u00e0 sec \u00e0 2 vitesses pour des diam\u00e8tres de per\u00e7age allant jusqu\u2019\u00e0 200 mm. Le puissant moteur de 2,0 kW, en combinaison avec la fonction de per\u00e7age \u00e0 percussion commutable, augmente les performances de per\u00e7age dans le b\u00e9ton arm\u00e9 ou dans d\u2019autres mat\u00e9riaux durs. La machine peut \u00eatre utilis\u00e9e \u00e0 la fois \u00e0 la main et sur un support de perceuse. La conception compacte, le faible poids et le syst\u00e8me d\u2019extraction de poussi\u00e8re int\u00e9gr\u00e9 rendent la carotteuse tr\u00e8s conviviale. La particularit\u00e9 de ce mod\u00e8le est qu\u2019il est disponible en trois versions de vitesse (standard, lente et rapide) et qu\u2019il est donc id\u00e9al pour les besoins les plus divers des clients.    <\/p>\n\n<div class=\"wp-block-file\"><a id=\"wp-block-file--media-8568186c-4c23-49c2-8310-e78995ea9e66\" href=\"https:\/\/mdbouwmachines.be\/wp-content\/uploads\/2025\/02\/Boormotor-DME17DP.pdf\">Fiche technique<\/a><a href=\"https:\/\/mdbouwmachines.be\/wp-content\/uploads\/2025\/02\/Boormotor-DME17DP.pdf\" class=\"wp-block-file__button wp-element-button\" download=\"\" aria-describedby=\"wp-block-file--media-8568186c-4c23-49c2-8310-e78995ea9e66\">T\u00e9l\u00e9charger<\/a><\/div>\n","protected":false},"excerpt":{"rendered":"<p>Carottage jusqu\u2019\u00e0 \u00d8 200 mm<br \/>2 vitesses avec fonction de per\u00e7age \u00e0 percussion commutable pour des performances de per\u00e7age optimales<br \/>Aspiration de la poussi\u00e8re int\u00e9gr\u00e9e pour un environnement de travail propre<br \/>Peut \u00eatre utilis\u00e9 \u00e0 la main et sur un support de perceuse<\/p>\n","protected":false},"featured_media":16098,"template":"","meta":{"_acf_changed":false},"product_brand":[1152],"product_cat":[889],"product_tag":[],"class_list":{"0":"post-17271","1":"product","2":"type-product","3":"status-publish","4":"has-post-thumbnail","6":"product_brand-tyrolit-fr","7":"product_cat-carottage","9":"first","10":"instock","11":"taxable","12":"shipping-taxable","13":"purchasable","14":"product-type-simple"},"acf":[],"_links":{"self":[{"href":"https:\/\/mdbouwmachines.be\/fr\/wp-json\/wp\/v2\/product\/17271","targetHints":{"allow":["GET"]}}],"collection":[{"href":"https:\/\/mdbouwmachines.be\/fr\/wp-json\/wp\/v2\/product"}],"about":[{"href":"https:\/\/mdbouwmachines.be\/fr\/wp-json\/wp\/v2\/types\/product"}],"wp:featuredmedia":[{"embeddable":true,"href":"https:\/\/mdbouwmachines.be\/fr\/wp-json\/wp\/v2\/media\/16098"}],"wp:attachment":[{"href":"https:\/\/mdbouwmachines.be\/fr\/wp-json\/wp\/v2\/media?parent=17271"}],"wp:term":[{"taxonomy":"product_brand","embeddable":true,"href":"https:\/\/mdbouwmachines.be\/fr\/wp-json\/wp\/v2\/product_brand?post=17271"},{"taxonomy":"product_cat","embeddable":true,"href":"https:\/\/mdbouwmachines.be\/fr\/wp-json\/wp\/v2\/product_cat?post=17271"},{"taxonomy":"product_tag","embeddable":true,"href":"https:\/\/mdbouwmachines.be\/fr\/wp-json\/wp\/v2\/product_tag?post=17271"}],"curies":[{"name":"wp","href":"https:\/\/api.w.org\/{rel}","templated":true}]}}