{"id":17267,"date":"2025-02-27T15:39:12","date_gmt":"2025-02-27T14:39:12","guid":{"rendered":"https:\/\/mdbouwmachines.be\/product\/support-de-perceuse-dra400-i-dru400\/"},"modified":"2025-03-07T15:05:26","modified_gmt":"2025-03-07T14:05:26","slug":"support-de-perceuse-dra400-i-dru400","status":"publish","type":"product","link":"https:\/\/mdbouwmachines.be\/fr\/produit\/support-de-perceuse-dra400-i-dru400\/","title":{"rendered":"Support de perceuse DRA400 I DRU400"},"content":{"rendered":"\n<p>DRA400 et DRU400, les syst\u00e8mes de carottage professionnels pour les domaines d\u2019application les plus vari\u00e9s. Le support optimal avec un guidage \u00e0 rouleaux stable garantit un per\u00e7age pr\u00e9cis. Le syst\u00e8me de serrage rapide \u00e9prouv\u00e9 ModulDrill\u2122 permet un montage rapide et s\u00fbr des moteurs de per\u00e7age. De plus, un indicateur de point central, un affichage de l\u2019angle et une transmission d\u2019avance \u00e0 deux vitesses augmentent la facilit\u00e9 d\u2019utilisation et permettent de gagner un temps pr\u00e9cieux. La construction compacte et l\u00e9g\u00e8re pour un transport facile et un montage et un d\u00e9montage faciles compl\u00e8te le syst\u00e8me.    <\/p>\n\n<div class=\"wp-block-file\"><a id=\"wp-block-file--media-7dc76604-f3a7-4d04-ac68-7ea7f30a3e0e\" href=\"https:\/\/mdbouwmachines.be\/wp-content\/uploads\/2025\/02\/Boorstatief-DRA400.pdf\">Fiche technique<\/a><a href=\"https:\/\/mdbouwmachines.be\/wp-content\/uploads\/2025\/02\/Boorstatief-DRA400.pdf\" class=\"wp-block-file__button wp-element-button\" download=\"\" aria-describedby=\"wp-block-file--media-7dc76604-f3a7-4d04-ac68-7ea7f30a3e0e\">T\u00e9l\u00e9charger<\/a><\/div>\n","protected":false},"excerpt":{"rendered":"<p>Per\u00e7age jusqu\u2019\u00e0 \u00d8 400 mm<br \/>R\u00e9glage sans probl\u00e8me et guidage \u00e0 rouleaux rempla\u00e7able et r\u00e9sistant \u00e0 l\u2019usure.<br \/>Ex\u00e9cution facile du per\u00e7age transversal gr\u00e2ce \u00e0 l\u2019indicateur d\u2019angle.<br \/>DRA400 avec pied de cheville en acier. Fixation par le vide DRU400 \u2013 per\u00e7age sans fixation par cheville. <\/p>\n","protected":false},"featured_media":16339,"template":"","meta":{"_acf_changed":false},"product_brand":[1152],"product_cat":[889],"product_tag":[],"class_list":{"0":"post-17267","1":"product","2":"type-product","3":"status-publish","4":"has-post-thumbnail","6":"product_brand-tyrolit-fr","7":"product_cat-carottage","9":"first","10":"instock","11":"taxable","12":"shipping-taxable","13":"purchasable","14":"product-type-simple"},"acf":[],"_links":{"self":[{"href":"https:\/\/mdbouwmachines.be\/fr\/wp-json\/wp\/v2\/product\/17267","targetHints":{"allow":["GET"]}}],"collection":[{"href":"https:\/\/mdbouwmachines.be\/fr\/wp-json\/wp\/v2\/product"}],"about":[{"href":"https:\/\/mdbouwmachines.be\/fr\/wp-json\/wp\/v2\/types\/product"}],"wp:featuredmedia":[{"embeddable":true,"href":"https:\/\/mdbouwmachines.be\/fr\/wp-json\/wp\/v2\/media\/16339"}],"wp:attachment":[{"href":"https:\/\/mdbouwmachines.be\/fr\/wp-json\/wp\/v2\/media?parent=17267"}],"wp:term":[{"taxonomy":"product_brand","embeddable":true,"href":"https:\/\/mdbouwmachines.be\/fr\/wp-json\/wp\/v2\/product_brand?post=17267"},{"taxonomy":"product_cat","embeddable":true,"href":"https:\/\/mdbouwmachines.be\/fr\/wp-json\/wp\/v2\/product_cat?post=17267"},{"taxonomy":"product_tag","embeddable":true,"href":"https:\/\/mdbouwmachines.be\/fr\/wp-json\/wp\/v2\/product_tag?post=17267"}],"curies":[{"name":"wp","href":"https:\/\/api.w.org\/{rel}","templated":true}]}}