{"id":17263,"date":"2025-02-27T15:29:47","date_gmt":"2025-02-27T14:29:47","guid":{"rendered":"https:\/\/mdbouwmachines.be\/product\/support-de-perceuse-dra250-i-dru250\/"},"modified":"2025-03-07T15:05:25","modified_gmt":"2025-03-07T14:05:25","slug":"support-de-perceuse-dra250-i-dru250","status":"publish","type":"product","link":"https:\/\/mdbouwmachines.be\/fr\/produit\/support-de-perceuse-dra250-i-dru250\/","title":{"rendered":"Support de perceuse DRA250 I DRU250"},"content":{"rendered":"\n<p>Stabilit\u00e9 et performances de per\u00e7age impressionnantes gr\u00e2ce \u00e0 une fabrication solide et \u00e0 des dents lat\u00e9rales robustes du support de forage. Les supports de forage DRA250 | Les DRU250 offrent une stabilit\u00e9 et une capacit\u00e9 de forage impressionnantes gr\u00e2ce \u00e0 un usinage solide et \u00e0 des dents larges et robustes sur le train de tiges. Le support optimal avec un guidage \u00e0 rouleaux stable garantit un per\u00e7age pr\u00e9cis. Le syst\u00e8me de serrage rapide \u00e9prouv\u00e9 ModulDrill\u2122 permet un montage rapide et s\u00fbr des moteurs de per\u00e7age. De plus, un indicateur de point central (DRU250), un affichage de l\u2019angle et un entra\u00eenement d\u2019avance \u00e0 deux vitesses augmentent la facilit\u00e9 d\u2019utilisation et permettent de gagner un temps pr\u00e9cieux. La construction compacte et l\u00e9g\u00e8re pour un transport facile et un montage et un d\u00e9montage faciles compl\u00e8te le syst\u00e8me.     <\/p>\n\n<div class=\"wp-block-file\"><a id=\"wp-block-file--media-ad7f775b-3cff-42a0-9c38-8952b0c66dc5\" href=\"https:\/\/mdbouwmachines.be\/wp-content\/uploads\/2025\/02\/Boorstatief-DRA250-DRU250.pdf\">Fiche technique<\/a><a href=\"https:\/\/mdbouwmachines.be\/wp-content\/uploads\/2025\/02\/Boorstatief-DRA250-DRU250.pdf\" class=\"wp-block-file__button wp-element-button\" download=\"\" aria-describedby=\"wp-block-file--media-ad7f775b-3cff-42a0-9c38-8952b0c66dc5\">T\u00e9l\u00e9charger<\/a><\/div>\n","protected":false},"excerpt":{"rendered":"<p>Per\u00e7age jusqu\u2019\u00e0 \u00d8 250 mm<br \/>Syst\u00e8me de d\u00e9gagement rapide ModulDrill\u2122 \u2013 fixation rapide, facile et s\u00fbre du moteur de perceuse.<br \/>Travail ergonomique et sans fatigue gr\u00e2ce \u00e0 la transmission fine pour l\u2019alimentation (1 = 1:3,5).<br \/>DRU250 avec base \u00e0 vide en aluminium. Percez dans les espaces les plus \u00e9troits avec le pied de cheville en acier DRA250. <\/p>\n","protected":false},"featured_media":16302,"template":"","meta":{"_acf_changed":false},"product_brand":[1152],"product_cat":[889],"product_tag":[],"class_list":{"0":"post-17263","1":"product","2":"type-product","3":"status-publish","4":"has-post-thumbnail","6":"product_brand-tyrolit-fr","7":"product_cat-carottage","9":"first","10":"instock","11":"taxable","12":"shipping-taxable","13":"purchasable","14":"product-type-simple"},"acf":[],"_links":{"self":[{"href":"https:\/\/mdbouwmachines.be\/fr\/wp-json\/wp\/v2\/product\/17263","targetHints":{"allow":["GET"]}}],"collection":[{"href":"https:\/\/mdbouwmachines.be\/fr\/wp-json\/wp\/v2\/product"}],"about":[{"href":"https:\/\/mdbouwmachines.be\/fr\/wp-json\/wp\/v2\/types\/product"}],"wp:featuredmedia":[{"embeddable":true,"href":"https:\/\/mdbouwmachines.be\/fr\/wp-json\/wp\/v2\/media\/16302"}],"wp:attachment":[{"href":"https:\/\/mdbouwmachines.be\/fr\/wp-json\/wp\/v2\/media?parent=17263"}],"wp:term":[{"taxonomy":"product_brand","embeddable":true,"href":"https:\/\/mdbouwmachines.be\/fr\/wp-json\/wp\/v2\/product_brand?post=17263"},{"taxonomy":"product_cat","embeddable":true,"href":"https:\/\/mdbouwmachines.be\/fr\/wp-json\/wp\/v2\/product_cat?post=17263"},{"taxonomy":"product_tag","embeddable":true,"href":"https:\/\/mdbouwmachines.be\/fr\/wp-json\/wp\/v2\/product_tag?post=17263"}],"curies":[{"name":"wp","href":"https:\/\/api.w.org\/{rel}","templated":true}]}}