{"id":17260,"date":"2025-02-27T15:32:49","date_gmt":"2025-02-27T14:32:49","guid":{"rendered":"https:\/\/mdbouwmachines.be\/product\/support-de-perceuse-by\/"},"modified":"2025-03-07T15:05:25","modified_gmt":"2025-03-07T14:05:25","slug":"support-de-perceuse-by","status":"publish","type":"product","link":"https:\/\/mdbouwmachines.be\/fr\/produit\/support-de-perceuse-by\/","title":{"rendered":"Support de perceuse BY"},"content":{"rendered":"\n<p>Stabilit\u00e9 et performances de per\u00e7age impressionnantes gr\u00e2ce \u00e0 une fabrication solide et \u00e0 des dents lat\u00e9rales robustes du support de forage. Le support de forage BY \u00e0 double tige est tr\u00e8s robuste, mais de construction l\u00e9g\u00e8re. Gr\u00e2ce au principe de guidage pr\u00e9cis, le per\u00e7age peut \u00eatre effectu\u00e9 \u00e0 n\u2019importe quel angle souhait\u00e9. Ce support de perceuse tr\u00e8s compact peut \u00eatre combin\u00e9 avec diff\u00e9rents moteurs de perceuse \u00e9lectriques. Gr\u00e2ce \u00e0 une extension modulaire, le support de forage peut \u00e9galement \u00eatre utilis\u00e9 pour un forage hydraulique plus puissant.    <\/p>\n\n<div class=\"wp-block-file\"><a id=\"wp-block-file--media-d1dc5277-c500-4136-a015-8b0aaa2a929e\" href=\"https:\/\/mdbouwmachines.be\/wp-content\/uploads\/2025\/02\/Boorstatief-BY.pdf\">Fiche technique<\/a><a href=\"https:\/\/mdbouwmachines.be\/wp-content\/uploads\/2025\/02\/Boorstatief-BY.pdf\" class=\"wp-block-file__button wp-element-button\" download=\"\" aria-describedby=\"wp-block-file--media-d1dc5277-c500-4136-a015-8b0aaa2a929e\">T\u00e9l\u00e9charger<\/a><\/div>\n","protected":false},"excerpt":{"rendered":"<p>Per\u00e7age jusqu\u2019\u00e0 \u00d8 300 mm<br \/>Principe de guidage \u00e0 deux colonnes avec entra\u00eenement par cha\u00eene<br \/>Volant fixe et positionn\u00e9 de mani\u00e8re ergonomique<br \/>Conception compacte sans tiges de support<\/p>\n","protected":false},"featured_media":16323,"template":"","meta":{"_acf_changed":false},"product_brand":[1152],"product_cat":[889],"product_tag":[],"class_list":{"0":"post-17260","1":"product","2":"type-product","3":"status-publish","4":"has-post-thumbnail","6":"product_brand-tyrolit-fr","7":"product_cat-carottage","9":"first","10":"instock","11":"taxable","12":"shipping-taxable","13":"purchasable","14":"product-type-simple"},"acf":[],"_links":{"self":[{"href":"https:\/\/mdbouwmachines.be\/fr\/wp-json\/wp\/v2\/product\/17260","targetHints":{"allow":["GET"]}}],"collection":[{"href":"https:\/\/mdbouwmachines.be\/fr\/wp-json\/wp\/v2\/product"}],"about":[{"href":"https:\/\/mdbouwmachines.be\/fr\/wp-json\/wp\/v2\/types\/product"}],"wp:featuredmedia":[{"embeddable":true,"href":"https:\/\/mdbouwmachines.be\/fr\/wp-json\/wp\/v2\/media\/16323"}],"wp:attachment":[{"href":"https:\/\/mdbouwmachines.be\/fr\/wp-json\/wp\/v2\/media?parent=17260"}],"wp:term":[{"taxonomy":"product_brand","embeddable":true,"href":"https:\/\/mdbouwmachines.be\/fr\/wp-json\/wp\/v2\/product_brand?post=17260"},{"taxonomy":"product_cat","embeddable":true,"href":"https:\/\/mdbouwmachines.be\/fr\/wp-json\/wp\/v2\/product_cat?post=17260"},{"taxonomy":"product_tag","embeddable":true,"href":"https:\/\/mdbouwmachines.be\/fr\/wp-json\/wp\/v2\/product_tag?post=17260"}],"curies":[{"name":"wp","href":"https:\/\/api.w.org\/{rel}","templated":true}]}}