{"id":17255,"date":"2025-02-27T15:26:30","date_gmt":"2025-02-27T14:26:30","guid":{"rendered":"https:\/\/mdbouwmachines.be\/product\/support-de-perceuse-dru160\/"},"modified":"2025-03-07T15:05:25","modified_gmt":"2025-03-07T14:05:25","slug":"support-de-perceuse-dru160","status":"publish","type":"product","link":"https:\/\/mdbouwmachines.be\/fr\/produit\/support-de-perceuse-dru160\/","title":{"rendered":"Support de perceuse DRU160"},"content":{"rendered":"\n<p>La l\u00e9g\u00e8ret\u00e9 de la perceuse peut atteindre \u00d8 160 mm. Le syst\u00e8me de col de serrage standardis\u00e9 permet le montage rapide des moteurs de per\u00e7age courants. Alignement rapide du support de forage gr\u00e2ce \u00e0 l\u2019aiguille centrale, \u00e0 l\u2019indication d\u2019angle et au niveau \u00e0 bulle. Flexibilit\u00e9 maximale gr\u00e2ce \u00e0 l\u2019option d\u2019ancrage ou de fixation par ventouse.   <\/p>\n\n<div class=\"wp-block-file\"><a id=\"wp-block-file--media-f2d60516-a5a9-45c4-83c4-3eba7e94bf57\" href=\"https:\/\/mdbouwmachines.be\/wp-content\/uploads\/2025\/02\/Boorstatief-DRU160.pdf\">Fiche technique<\/a><a href=\"https:\/\/mdbouwmachines.be\/wp-content\/uploads\/2025\/02\/Boorstatief-DRU160.pdf\" class=\"wp-block-file__button wp-element-button\" download=\"\" aria-describedby=\"wp-block-file--media-f2d60516-a5a9-45c4-83c4-3eba7e94bf57\">T\u00e9l\u00e9charger<\/a><\/div>\n","protected":false},"excerpt":{"rendered":"<p>Per\u00e7age jusqu\u2019\u00e0 \u00d8 160 mm<br \/>Travail pr\u00e9cis gr\u00e2ce \u00e0 un support de haute qualit\u00e9 avec guidage \u00e0 rouleaux stable.<br \/>Plage d\u2019utilisation universelle gr\u00e2ce au r\u00e9glage transversal 90\u00b0-45\u00b0.<br \/>Alignement efficace du support de forage gr\u00e2ce \u00e0 l\u2019indication standardis\u00e9e du point central.<\/p>\n","protected":false},"featured_media":16251,"template":"","meta":{"_acf_changed":false},"product_brand":[1152],"product_cat":[889],"product_tag":[],"class_list":{"0":"post-17255","1":"product","2":"type-product","3":"status-publish","4":"has-post-thumbnail","6":"product_brand-tyrolit-fr","7":"product_cat-carottage","9":"first","10":"instock","11":"taxable","12":"shipping-taxable","13":"purchasable","14":"product-type-simple"},"acf":[],"_links":{"self":[{"href":"https:\/\/mdbouwmachines.be\/fr\/wp-json\/wp\/v2\/product\/17255","targetHints":{"allow":["GET"]}}],"collection":[{"href":"https:\/\/mdbouwmachines.be\/fr\/wp-json\/wp\/v2\/product"}],"about":[{"href":"https:\/\/mdbouwmachines.be\/fr\/wp-json\/wp\/v2\/types\/product"}],"wp:featuredmedia":[{"embeddable":true,"href":"https:\/\/mdbouwmachines.be\/fr\/wp-json\/wp\/v2\/media\/16251"}],"wp:attachment":[{"href":"https:\/\/mdbouwmachines.be\/fr\/wp-json\/wp\/v2\/media?parent=17255"}],"wp:term":[{"taxonomy":"product_brand","embeddable":true,"href":"https:\/\/mdbouwmachines.be\/fr\/wp-json\/wp\/v2\/product_brand?post=17255"},{"taxonomy":"product_cat","embeddable":true,"href":"https:\/\/mdbouwmachines.be\/fr\/wp-json\/wp\/v2\/product_cat?post=17255"},{"taxonomy":"product_tag","embeddable":true,"href":"https:\/\/mdbouwmachines.be\/fr\/wp-json\/wp\/v2\/product_tag?post=17255"}],"curies":[{"name":"wp","href":"https:\/\/api.w.org\/{rel}","templated":true}]}}