{"id":17249,"date":"2025-02-27T15:18:13","date_gmt":"2025-02-27T14:18:13","guid":{"rendered":"https:\/\/mdbouwmachines.be\/product\/systeme-de-carottage-drs162\/"},"modified":"2025-03-07T15:05:23","modified_gmt":"2025-03-07T14:05:23","slug":"systeme-de-carottage-drs162","status":"publish","type":"product","link":"https:\/\/mdbouwmachines.be\/fr\/produit\/systeme-de-carottage-drs162\/","title":{"rendered":"Syst\u00e8me de carottage DRS162"},"content":{"rendered":"\n<p>Le mod\u00e8le d\u2019entr\u00e9e de gamme id\u00e9al pour la carotteuse. Le moteur de perceuse et le support de perceuse sont adapt\u00e9s de mani\u00e8re optimale l\u2019un \u00e0 l\u2019autre et forment une unit\u00e9. La vitesse fixe et la construction compacte et l\u00e9g\u00e8re garantissent une manipulation facile. Un interrupteur de protection individuelle PRCD int\u00e9gr\u00e9 assure une s\u00e9curit\u00e9 maximale.   <\/p>\n\n<div class=\"wp-block-file\"><a id=\"wp-block-file--media-48d1150f-34f7-4107-966f-d7932c77145f\" href=\"https:\/\/mdbouwmachines.be\/wp-content\/uploads\/2025\/02\/Kernboorsysteem-DRS162.pdf\">Fiche technique<\/a><a href=\"https:\/\/mdbouwmachines.be\/wp-content\/uploads\/2025\/02\/Kernboorsysteem-DRS162.pdf\" class=\"wp-block-file__button wp-element-button\" download=\"\" aria-describedby=\"wp-block-file--media-48d1150f-34f7-4107-966f-d7932c77145f\">T\u00e9l\u00e9charger<\/a><\/div>\n","protected":false},"excerpt":{"rendered":"<p>Carottage jusqu\u2019\u00e0 \u00d8 162 mm<br \/>Moteur de 2,5 kW.<br \/>1 engrenage pour percer des diam\u00e8tres jusqu\u2019\u00e0 162 mm.<br \/>Possibilit\u00e9 de fixation peu encombrante via un pied de cheville.<\/p>\n","protected":false},"featured_media":16203,"template":"","meta":{"_acf_changed":false},"product_brand":[1152],"product_cat":[889],"product_tag":[],"class_list":{"0":"post-17249","1":"product","2":"type-product","3":"status-publish","4":"has-post-thumbnail","6":"product_brand-tyrolit-fr","7":"product_cat-carottage","9":"first","10":"instock","11":"taxable","12":"shipping-taxable","13":"purchasable","14":"product-type-simple"},"acf":[],"_links":{"self":[{"href":"https:\/\/mdbouwmachines.be\/fr\/wp-json\/wp\/v2\/product\/17249","targetHints":{"allow":["GET"]}}],"collection":[{"href":"https:\/\/mdbouwmachines.be\/fr\/wp-json\/wp\/v2\/product"}],"about":[{"href":"https:\/\/mdbouwmachines.be\/fr\/wp-json\/wp\/v2\/types\/product"}],"wp:featuredmedia":[{"embeddable":true,"href":"https:\/\/mdbouwmachines.be\/fr\/wp-json\/wp\/v2\/media\/16203"}],"wp:attachment":[{"href":"https:\/\/mdbouwmachines.be\/fr\/wp-json\/wp\/v2\/media?parent=17249"}],"wp:term":[{"taxonomy":"product_brand","embeddable":true,"href":"https:\/\/mdbouwmachines.be\/fr\/wp-json\/wp\/v2\/product_brand?post=17249"},{"taxonomy":"product_cat","embeddable":true,"href":"https:\/\/mdbouwmachines.be\/fr\/wp-json\/wp\/v2\/product_cat?post=17249"},{"taxonomy":"product_tag","embeddable":true,"href":"https:\/\/mdbouwmachines.be\/fr\/wp-json\/wp\/v2\/product_tag?post=17249"}],"curies":[{"name":"wp","href":"https:\/\/api.w.org\/{rel}","templated":true}]}}