{"id":17242,"date":"2025-02-27T14:28:38","date_gmt":"2025-02-27T13:28:38","guid":{"rendered":"https:\/\/mdbouwmachines.be\/product\/moteur-de-perceuse-dme52uw\/"},"modified":"2025-03-07T15:05:23","modified_gmt":"2025-03-07T14:05:23","slug":"moteur-de-perceuse-dme52uw","status":"publish","type":"product","link":"https:\/\/mdbouwmachines.be\/fr\/produit\/moteur-de-perceuse-dme52uw\/","title":{"rendered":"Moteur de perceuse DME52UW"},"content":{"rendered":"\n<p>Le DME52UW est un puissant moteur triphas\u00e9 de 5,2 kW, refroidi \u00e0 l\u2019eau. La puissance de 5,2 kW, associ\u00e9e \u00e0 un r\u00e9ducteur lubrifi\u00e9 par bain d\u2019huile, permet d\u2019obtenir un couple et une vitesse optimaux pour une excellente performance de per\u00e7age jusqu\u2019\u00e0 500 mm de diam\u00e8tre. Un bo\u00eetier enti\u00e8rement m\u00e9tallique, un embrayage \u00e0 glissement, une protection thermique et un indice de protection IP55 garantissent une fiabilit\u00e9 maximale. Facilit\u00e9 d\u2019utilisation gr\u00e2ce \u00e0 l\u2019indicateur d\u2019alimentation LED, au d\u00e9marrage progressif et \u00e0 l\u2019\u00e9l\u00e9ment anti-friction.   <\/p>\n\n<div class=\"wp-block-file\"><a id=\"wp-block-file--media-8d84a620-837d-4af1-a2de-1c983474ee22\" href=\"https:\/\/mdbouwmachines.be\/wp-content\/uploads\/2025\/02\/Boormotor-DME52UW.pdf\">Fiche technique<\/a><a href=\"https:\/\/mdbouwmachines.be\/wp-content\/uploads\/2025\/02\/Boormotor-DME52UW.pdf\" class=\"wp-block-file__button wp-element-button\" download=\"\" aria-describedby=\"wp-block-file--media-8d84a620-837d-4af1-a2de-1c983474ee22\">T\u00e9l\u00e9charger<\/a><\/div>\n","protected":false},"excerpt":{"rendered":"<p>Per\u00e7age jusqu\u2019\u00e0 \u00d8 500 mm<br \/>Puissant moteur 5,2 kW 400 V, triphas\u00e9.<br \/>Bo\u00eete de vitesses \u00e0 3 vitesses avec lubrification \u00e0 bain d\u2019huile, embrayage \u00e0 glissement et pompe \u00e0 huile.<br \/>Clavier robuste recouvert de plastique, indicateur d\u2019alimentation LED et d\u00e9marrage progressif.<\/p>\n","protected":false},"featured_media":16170,"template":"","meta":{"_acf_changed":false},"product_brand":[1152],"product_cat":[889],"product_tag":[],"class_list":{"0":"post-17242","1":"product","2":"type-product","3":"status-publish","4":"has-post-thumbnail","6":"product_brand-tyrolit-fr","7":"product_cat-carottage","9":"first","10":"instock","11":"taxable","12":"shipping-taxable","13":"purchasable","14":"product-type-simple"},"acf":[],"_links":{"self":[{"href":"https:\/\/mdbouwmachines.be\/fr\/wp-json\/wp\/v2\/product\/17242","targetHints":{"allow":["GET"]}}],"collection":[{"href":"https:\/\/mdbouwmachines.be\/fr\/wp-json\/wp\/v2\/product"}],"about":[{"href":"https:\/\/mdbouwmachines.be\/fr\/wp-json\/wp\/v2\/types\/product"}],"wp:featuredmedia":[{"embeddable":true,"href":"https:\/\/mdbouwmachines.be\/fr\/wp-json\/wp\/v2\/media\/16170"}],"wp:attachment":[{"href":"https:\/\/mdbouwmachines.be\/fr\/wp-json\/wp\/v2\/media?parent=17242"}],"wp:term":[{"taxonomy":"product_brand","embeddable":true,"href":"https:\/\/mdbouwmachines.be\/fr\/wp-json\/wp\/v2\/product_brand?post=17242"},{"taxonomy":"product_cat","embeddable":true,"href":"https:\/\/mdbouwmachines.be\/fr\/wp-json\/wp\/v2\/product_cat?post=17242"},{"taxonomy":"product_tag","embeddable":true,"href":"https:\/\/mdbouwmachines.be\/fr\/wp-json\/wp\/v2\/product_tag?post=17242"}],"curies":[{"name":"wp","href":"https:\/\/api.w.org\/{rel}","templated":true}]}}