{"id":17224,"date":"2025-03-05T16:31:45","date_gmt":"2025-03-05T15:31:45","guid":{"rendered":"https:\/\/mdbouwmachines.be\/product\/topcon-rl-h5a-laser\/"},"modified":"2025-03-07T14:56:18","modified_gmt":"2025-03-07T13:56:18","slug":"topcon-rl-h5a-laser","status":"publish","type":"product","link":"https:\/\/mdbouwmachines.be\/fr\/produit\/topcon-rl-h5a-laser\/","title":{"rendered":"Topcon RL-H5A Laser"},"content":{"rendered":"\n<hr class=\"wp-block-separator has-alpha-channel-opacity is-style-dots\" \/>\n\n<p>Le successeur du tr\u00e8s populaire H4C, mais toujours aussi pr\u00e9cis, robuste et fiable qu\u2019auparavant. Les capacit\u00e9s du H5A sont identiques \u00e0 celles de son pr\u00e9d\u00e9cesseur, il peut \u00e9galement \u00eatre r\u00e9gl\u00e9 en pente unique, dispose de la fonction de balayage et de la fonction TILT. La fiabilit\u00e9 du H4C a \u00e9t\u00e9 transpos\u00e9e au H5A et ce laser est donc \u00e9galement d\u2019excellente qualit\u00e9 et extr\u00eamement pr\u00e9cis. Tous les lasers rotatifs qui sortent de l\u2019usine doivent r\u00e9pondre \u00e0 un certain nombre d\u2019exigences strictes avant de pouvoir \u00eatre vendus. La robustesse, la pr\u00e9cision, l\u2019intensit\u00e9 des diodes et la r\u00e9sistance aux chutes des lasers sont test\u00e9es, entre autres.    <\/p>\n\n<p>Le r\u00e9cepteur portable de base LS-80X est inclus en standard. Il y a aussi la possibilit\u00e9 de commander LE LS-100D, ce r\u00e9cepteur num\u00e9rique indique la diff\u00e9rence de hauteur en millim\u00e8tres. <\/p>\n","protected":false},"excerpt":{"rendered":"<p>Le laser de construction le plus vendu de la gamme laser Topcon ! Avec une port\u00e9e de travail de 800 m\u00e8tres et une d\u00e9viation maximale de seulement 0,5 mm \u00e0 10 m\u00e8tres, le RL-H5A est l\u2019un des lasers les plus pr\u00e9cis de sa cat\u00e9gorie.   <\/p>\n<p><strong>Le prix est pour le kit complet (laser + tr\u00e9pied max. 1m80 + batterie + chargeur + r\u00e9cepteur num\u00e9rique <strong>(LS-80X)<\/strong> + poteau laser + bo\u00eetier)<\/strong><\/p>\n","protected":false},"featured_media":17216,"template":"","meta":{"_acf_changed":false},"product_brand":[1259],"product_cat":[905],"product_tag":[],"class_list":{"0":"post-17224","1":"product","2":"type-product","3":"status-publish","4":"has-post-thumbnail","6":"product_brand-topcon-fr","7":"product_cat-lasers-et-recepteurs","9":"first","10":"instock","11":"taxable","12":"shipping-taxable","13":"purchasable","14":"product-type-simple"},"acf":[],"_links":{"self":[{"href":"https:\/\/mdbouwmachines.be\/fr\/wp-json\/wp\/v2\/product\/17224","targetHints":{"allow":["GET"]}}],"collection":[{"href":"https:\/\/mdbouwmachines.be\/fr\/wp-json\/wp\/v2\/product"}],"about":[{"href":"https:\/\/mdbouwmachines.be\/fr\/wp-json\/wp\/v2\/types\/product"}],"wp:featuredmedia":[{"embeddable":true,"href":"https:\/\/mdbouwmachines.be\/fr\/wp-json\/wp\/v2\/media\/17216"}],"wp:attachment":[{"href":"https:\/\/mdbouwmachines.be\/fr\/wp-json\/wp\/v2\/media?parent=17224"}],"wp:term":[{"taxonomy":"product_brand","embeddable":true,"href":"https:\/\/mdbouwmachines.be\/fr\/wp-json\/wp\/v2\/product_brand?post=17224"},{"taxonomy":"product_cat","embeddable":true,"href":"https:\/\/mdbouwmachines.be\/fr\/wp-json\/wp\/v2\/product_cat?post=17224"},{"taxonomy":"product_tag","embeddable":true,"href":"https:\/\/mdbouwmachines.be\/fr\/wp-json\/wp\/v2\/product_tag?post=17224"}],"curies":[{"name":"wp","href":"https:\/\/api.w.org\/{rel}","templated":true}]}}