{"id":17159,"date":"2025-03-05T15:42:53","date_gmt":"2025-03-05T14:42:53","guid":{"rendered":"https:\/\/mdbouwmachines.be\/?post_type=product&#038;p=17159"},"modified":"2025-06-23T12:41:47","modified_gmt":"2025-06-23T11:41:47","slug":"bkgm-280-vs-4hp-kopie-kopie-kopie-kopie","status":"publish","type":"product","link":"https:\/\/mdbouwmachines.be\/fr\/produit\/bkgm-280-vs-4hp-kopie-kopie-kopie-kopie\/","title":{"rendered":"BKG 600 VS"},"content":{"rendered":"\n<h2 class=\"wp-block-heading\"><\/h2>\n\n<hr class=\"wp-block-separator has-alpha-channel-opacity\" \/>\n\n<h2 class=\"wp-block-heading\">Caract\u00e9ristiques principales :<\/h2>\n\n<ul class=\"wp-block-list\">\n<li>Ch\u00e2ssis monocoque, robuste et compact pour moins d\u2019espace.<\/li>\n\n\n\n<li>Syst\u00e8me d\u2019inclinaison \u00e0 180\u00b0 pour un poids suppl\u00e9mentaire. Les d\u00e9plac\u00e9s<br\/>Les poids augmentent la pression de broyage. Les poids<br\/>D\u00e9plac\u00e9 vers l\u2019arri\u00e8re, il est plus facile de l\u2019incliner pour changer d\u2019outils.<br\/>(Facultatif)  <\/li>\n\n\n\n<li>R\u00e9servoir d\u2019eau de 46 litres.<\/li>\n\n\n\n<li>Puissants projecteurs LED \u00e0 l\u2019avant et \u00e0 l\u2019arri\u00e8re (en option).<\/li>\n\n\n\n<li>Transmission totale avec engrenages trait\u00e9s thermiquement pour un maximum<br\/>fiabilit\u00e9 et durabilit\u00e9.<\/li>\n\n\n\n<li>Plan\u00e9tarium \u00e0 l\u00e9vitation \u00e0 r\u00e9duction de bruit.<\/li>\n\n\n\n<li>Garantie de 2 ans : La GARANTIE pour les machines \u00e9quip\u00e9es de<br\/>\u00ab\u00a0compteur horaire\u00a0\u00bb est jusqu\u2019\u00e0 2 ans ou 600 heures de travail.<\/li>\n<\/ul>\n\n<hr class=\"wp-block-separator has-alpha-channel-opacity\" \/>\n\n<h2 class=\"wp-block-heading\">Informations techniques<\/h2>\n\n<figure class=\"wp-block-table\"><table class=\"has-fixed-layout\"><tbody><tr><td class=\"has-text-align-center\" data-align=\"center\"><strong>Mod\u00e8le<\/strong><\/td><td class=\"has-text-align-center\" data-align=\"center\"><strong>Moteur<\/strong><\/td><td class=\"has-text-align-center\" data-align=\"center\"><strong>Volt<\/strong><\/td><td class=\"has-text-align-center\" data-align=\"center\"><strong>Tr \/ min<\/strong><\/td><td class=\"has-text-align-center\" data-align=\"center\"><strong>Diam\u00e8tre<\/strong><\/td><td class=\"has-text-align-center\" data-align=\"center\"><strong>Dimensions<\/strong><\/td><td class=\"has-text-align-center\" data-align=\"center\"><strong>Poids<\/strong><\/td><\/tr><tr><td class=\"has-text-align-center\" data-align=\"center\">BKG 600 VS<\/td><td class=\"has-text-align-center\" data-align=\"center\">3000W<\/td><td class=\"has-text-align-center\" data-align=\"center\">220<\/td><td class=\"has-text-align-center\" data-align=\"center\">600-1000<\/td><td class=\"has-text-align-center\" data-align=\"center\">600 millim\u00e8tre<\/td><td class=\"has-text-align-center\" data-align=\"center\">120x125x62<\/td><td class=\"has-text-align-center\" data-align=\"center\">230 kg<\/td><\/tr><tr><td class=\"has-text-align-center\" data-align=\"center\">BKG 600 T5 VS<\/td><td class=\"has-text-align-center\" data-align=\"center\">5,5 CV<\/td><td class=\"has-text-align-center\" data-align=\"center\">380 \u00e0 480 V<\/td><td class=\"has-text-align-center\" data-align=\"center\">600-1000<\/td><td class=\"has-text-align-center\" data-align=\"center\">600 millim\u00e8tre<\/td><td class=\"has-text-align-center\" data-align=\"center\">120x125x62<\/td><td class=\"has-text-align-center\" data-align=\"center\">230 kg<\/td><\/tr><tr><td class=\"has-text-align-center\" data-align=\"center\">BKG 600 T5<\/td><td class=\"has-text-align-center\" data-align=\"center\">5,5 CV<\/td><td class=\"has-text-align-center\" data-align=\"center\">380 \u00e0 480 V<\/td><td class=\"has-text-align-center\" data-align=\"center\">800<\/td><td class=\"has-text-align-center\" data-align=\"center\">600mm<\/td><td class=\"has-text-align-center\" data-align=\"center\">120x125x62<\/td><td class=\"has-text-align-center\" data-align=\"center\">230 kg<\/td><\/tr><\/tbody><\/table><\/figure>\n\n<div class=\"wp-block-file\"><a id=\"wp-block-file--media-68ee3f32-e38c-4a88-9653-c11f1fc3e676\" href=\"https:\/\/mdbouwmachines.be\/wp-content\/uploads\/2025\/03\/BKG-Catalogue.pdf\">BKG Catalogue<\/a><a href=\"https:\/\/mdbouwmachines.be\/wp-content\/uploads\/2025\/03\/BKG-Catalogue.pdf\" class=\"wp-block-file__button wp-element-button\" download=\"\" aria-describedby=\"wp-block-file--media-68ee3f32-e38c-4a88-9653-c11f1fc3e676\">T\u00e9l\u00e9charger<\/a><\/div>\n","protected":false},"excerpt":{"rendered":"<p>Rectifieuse professionnelle et technologique. Le syst\u00e8me DCT vous permet de choisir un fonctionnement en douceur avec uniquement la rotation des outils (mode DCT ON), ou avec la rotation compl\u00e8te classique du plan\u00e9taire (mode DCT OFF). <\/p>\n","protected":false},"featured_media":17358,"template":"","meta":{"_acf_changed":false},"product_brand":[1123],"product_cat":[859],"product_tag":[],"class_list":{"0":"post-17159","1":"product","2":"type-product","3":"status-publish","4":"has-post-thumbnail","6":"product_brand-barikell-fr","7":"product_cat-machines-a-polir","9":"first","10":"instock","11":"taxable","12":"shipping-taxable","13":"purchasable","14":"product-type-variable","15":"has-default-attributes"},"acf":[],"_links":{"self":[{"href":"https:\/\/mdbouwmachines.be\/fr\/wp-json\/wp\/v2\/product\/17159","targetHints":{"allow":["GET"]}}],"collection":[{"href":"https:\/\/mdbouwmachines.be\/fr\/wp-json\/wp\/v2\/product"}],"about":[{"href":"https:\/\/mdbouwmachines.be\/fr\/wp-json\/wp\/v2\/types\/product"}],"wp:featuredmedia":[{"embeddable":true,"href":"https:\/\/mdbouwmachines.be\/fr\/wp-json\/wp\/v2\/media\/17358"}],"wp:attachment":[{"href":"https:\/\/mdbouwmachines.be\/fr\/wp-json\/wp\/v2\/media?parent=17159"}],"wp:term":[{"taxonomy":"product_brand","embeddable":true,"href":"https:\/\/mdbouwmachines.be\/fr\/wp-json\/wp\/v2\/product_brand?post=17159"},{"taxonomy":"product_cat","embeddable":true,"href":"https:\/\/mdbouwmachines.be\/fr\/wp-json\/wp\/v2\/product_cat?post=17159"},{"taxonomy":"product_tag","embeddable":true,"href":"https:\/\/mdbouwmachines.be\/fr\/wp-json\/wp\/v2\/product_tag?post=17159"}],"curies":[{"name":"wp","href":"https:\/\/api.w.org\/{rel}","templated":true}]}}