{"id":17086,"date":"2025-03-05T14:52:05","date_gmt":"2025-03-05T13:52:05","guid":{"rendered":"https:\/\/mdbouwmachines.be\/?post_type=product&#038;p=17086"},"modified":"2025-06-23T12:22:30","modified_gmt":"2025-06-23T11:22:30","slug":"bkgm-280-vs-4hp-kopie-kopie-2","status":"publish","type":"product","link":"https:\/\/mdbouwmachines.be\/fr\/produit\/bkgm-280-vs-4hp-kopie-kopie-2\/","title":{"rendered":"BKG 450 E DTC 4hp"},"content":{"rendered":"\n<h2 class=\"wp-block-heading\">Caract\u00e9ristiques principales<\/h2>\n\n<ul class=\"wp-block-list\">\n<li>Ch\u00e2ssis monocoque, robuste et compact pour moins d\u2019espace.<\/li>\n\n\n\n<li>Puissants projecteurs LED \u00e0 l\u2019avant et \u00e0 l\u2019arri\u00e8re (en option).<\/li>\n\n\n\n<li>Transmission totale avec engrenages trait\u00e9s thermiquement pour un maximum<br\/>fiabilit\u00e9 et durabilit\u00e9.<\/li>\n\n\n\n<li>Plan\u00e9tarium \u00e0 l\u00e9vitation \u00e0 r\u00e9duction de bruit.<\/li>\n\n\n\n<li>Garantie de 2 ans : La GARANTIE pour les machines \u00e9quip\u00e9es de<br\/>Le \u00ab\u00a0compteur d\u2019heures\u00a0\u00bb est jusqu\u2019\u00e0 2 ans ou 600 heures de travail.<\/li>\n\n\n\n<li>Nouveau cadre intelligent et pliable.<\/li>\n\n\n\n<li>Il prend peu de place et peut \u00eatre transport\u00e9 dans le coffre d\u2019une voiture.<\/li>\n\n\n\n<li>Il peut \u00e9galement \u00eatre divis\u00e9 en deux parties.<\/li>\n<\/ul>\n\n<hr class=\"wp-block-separator has-alpha-channel-opacity\" \/>\n\n<h2 class=\"wp-block-heading\">Informations techniques<\/h2>\n\n<figure class=\"wp-block-table\"><table class=\"has-fixed-layout\"><tbody><tr><td class=\"has-text-align-center\" data-align=\"center\"><strong>Mod\u00e8le<\/strong><\/td><td class=\"has-text-align-center\" data-align=\"center\"><strong>Moteur<\/strong><\/td><td class=\"has-text-align-center\" data-align=\"center\"><strong>Volt<\/strong><\/td><td class=\"has-text-align-center\" data-align=\"center\"><strong>Tr \/ min<\/strong><\/td><td class=\"has-text-align-center\" data-align=\"center\"><strong>Diam\u00e8tre<\/strong><\/td><td class=\"has-text-align-center\" data-align=\"center\"><strong>Dimensions<\/strong><\/td><td class=\"has-text-align-center\" data-align=\"center\"><strong>Poids<\/strong><\/td><\/tr><tr><td class=\"has-text-align-center\" data-align=\"center\">BKG 450E<\/td><td class=\"has-text-align-center\" data-align=\"center\">2900Watt<\/td><td class=\"has-text-align-center\" data-align=\"center\">220<\/td><td class=\"has-text-align-center\" data-align=\"center\">800<\/td><td class=\"has-text-align-center\" data-align=\"center\">450 millim\u00e8tre<\/td><td class=\"has-text-align-center\" data-align=\"center\">120x125x47<\/td><td class=\"has-text-align-center\" data-align=\"center\">117 kg<\/td><\/tr><tr><td class=\"has-text-align-center\" data-align=\"center\">BKG 450E \u00c9tats-Unis<\/td><td class=\"has-text-align-center\" data-align=\"center\">3000Watt<\/td><td class=\"has-text-align-center\" data-align=\"center\">220<\/td><td class=\"has-text-align-center\" data-align=\"center\">600-1000<\/td><td class=\"has-text-align-center\" data-align=\"center\">450 millim\u00e8tre<\/td><td class=\"has-text-align-center\" data-align=\"center\">120x125x47<\/td><td class=\"has-text-align-center\" data-align=\"center\">120 kg<\/td><\/tr><\/tbody><\/table><\/figure>\n\n<div class=\"wp-block-file\"><a id=\"wp-block-file--media-68ee3f32-e38c-4a88-9653-c11f1fc3e676\" href=\"https:\/\/mdbouwmachines.be\/wp-content\/uploads\/2025\/03\/BKG-Catalogue.pdf\">BKG Catalogue<\/a><a href=\"https:\/\/mdbouwmachines.be\/wp-content\/uploads\/2025\/03\/BKG-Catalogue.pdf\" class=\"wp-block-file__button wp-element-button\" download=\"\" aria-describedby=\"wp-block-file--media-68ee3f32-e38c-4a88-9653-c11f1fc3e676\">T\u00e9l\u00e9charger<\/a><\/div>\n","protected":false},"excerpt":{"rendered":"<p>Rectifieuse technologique professionnelle. Le syst\u00e8me DCT vous permet de choisir un fonctionnement en douceur avec uniquement la rotation des outils (mode DCT ON), ou avec la rotation compl\u00e8te classique du plan\u00e9taire (mode DCT OFF).<\/p>\n","protected":false},"featured_media":17565,"template":"","meta":{"_acf_changed":false},"product_brand":[1123],"product_cat":[859],"product_tag":[],"class_list":{"0":"post-17086","1":"product","2":"type-product","3":"status-publish","4":"has-post-thumbnail","6":"product_brand-barikell-fr","7":"product_cat-machines-a-polir","9":"first","10":"instock","11":"taxable","12":"shipping-taxable","13":"purchasable","14":"product-type-variable","15":"has-default-attributes"},"acf":[],"_links":{"self":[{"href":"https:\/\/mdbouwmachines.be\/fr\/wp-json\/wp\/v2\/product\/17086","targetHints":{"allow":["GET"]}}],"collection":[{"href":"https:\/\/mdbouwmachines.be\/fr\/wp-json\/wp\/v2\/product"}],"about":[{"href":"https:\/\/mdbouwmachines.be\/fr\/wp-json\/wp\/v2\/types\/product"}],"wp:featuredmedia":[{"embeddable":true,"href":"https:\/\/mdbouwmachines.be\/fr\/wp-json\/wp\/v2\/media\/17565"}],"wp:attachment":[{"href":"https:\/\/mdbouwmachines.be\/fr\/wp-json\/wp\/v2\/media?parent=17086"}],"wp:term":[{"taxonomy":"product_brand","embeddable":true,"href":"https:\/\/mdbouwmachines.be\/fr\/wp-json\/wp\/v2\/product_brand?post=17086"},{"taxonomy":"product_cat","embeddable":true,"href":"https:\/\/mdbouwmachines.be\/fr\/wp-json\/wp\/v2\/product_cat?post=17086"},{"taxonomy":"product_tag","embeddable":true,"href":"https:\/\/mdbouwmachines.be\/fr\/wp-json\/wp\/v2\/product_tag?post=17086"}],"curies":[{"name":"wp","href":"https:\/\/api.w.org\/{rel}","templated":true}]}}