{"id":16976,"date":"2025-03-05T13:30:39","date_gmt":"2025-03-05T12:30:39","guid":{"rendered":"https:\/\/mdbouwmachines.be\/product\/bkgm-280-vs-4hp\/"},"modified":"2025-03-06T15:03:28","modified_gmt":"2025-03-06T14:03:28","slug":"bkgm-280-vs-4hp","status":"publish","type":"product","link":"https:\/\/mdbouwmachines.be\/fr\/produit\/bkgm-280-vs-4hp\/","title":{"rendered":"BKGM 280 4cv"},"content":{"rendered":"\n<h2 class=\"wp-block-heading\">D\u00e9finition<\/h2>\n\n<p>BKGM 280 est une ponceuse monodisque, tr\u00e8s compacte avec des performances \u00e9lev\u00e9es, facile \u00e0 transporter et permet d\u2019obtenir des<br\/>zones peu pratiques. Gr\u00e2ce \u00e0 la t\u00eate articul\u00e9e et au chariot \u00e0 outils pliant avec roues guid\u00e9es des deux c\u00f4t\u00e9s, le BKGM<br\/>La 280 peut \u00eatre transform\u00e9e en une ponceuse de chants efficace en quelques secondes seulement. <\/p>\n\n<hr class=\"wp-block-separator has-alpha-channel-opacity\" \/>\n\n<h2 class=\"wp-block-heading\">Caract\u00e9ristiques principales :<\/h2>\n\n<ul class=\"wp-block-list\">\n<li>Hauteur du bo\u00eetier de l\u2019outil seulement 100 mm ! Glissant sous les \u00e9tag\u00e8res, etc. <\/li>\n\n\n\n<li>Parfaitement \u00e9quilibr\u00e9 lors du pon\u00e7age avec des niveaux de vibration bien inf\u00e9rieurs \u00e0 ceux des autres appareils sur le march\u00e9.<\/li>\n\n\n\n<li>T\u00eate pivotante dans trois coins : gauche, centre et droite. L\u2019op\u00e9ration peut \u00eatre effectu\u00e9e en quelques secondes et sans outils. <\/li>\n\n\n\n<li>Porte-outils mont\u00e9s sur une charni\u00e8re flottante qui suit toujours le sol.<\/li>\n\n\n\n<li>Changements d\u2019outils rapides, s\u00fbrs et rapides sans cl\u00e9 ni marteau.<\/li>\n\n\n\n<li>Roues r\u00e9glables en hauteur.<\/li>\n\n\n\n<li>Ch\u00e2ssis amovible pour un transport facile.<\/li>\n<\/ul>\n\n<hr class=\"wp-block-separator has-alpha-channel-opacity\" \/>\n\n<h2 class=\"wp-block-heading\">Informations techniques<\/h2>\n\n<figure class=\"wp-block-table\"><table class=\"has-fixed-layout\"><tbody><tr><td class=\"has-text-align-center\" data-align=\"center\"><strong>Mod\u00e8le<\/strong><\/td><td class=\"has-text-align-center\" data-align=\"center\"><strong>Moteur<\/strong><\/td><td class=\"has-text-align-center\" data-align=\"center\"><strong>Volt<\/strong><\/td><td class=\"has-text-align-center\" data-align=\"center\"><strong>Tr \/ min<\/strong><\/td><td class=\"has-text-align-center\" data-align=\"center\"><strong>Diam\u00e8tre<\/strong><\/td><td class=\"has-text-align-center\" data-align=\"center\"><strong>Dimensions<\/strong><\/td><td class=\"has-text-align-center\" data-align=\"center\"><strong>Poids<\/strong><\/td><\/tr><tr><td class=\"has-text-align-center\" data-align=\"center\">BKGM 280<\/td><td class=\"has-text-align-center\" data-align=\"center\">2,6 kW<\/td><td class=\"has-text-align-center\" data-align=\"center\">230<\/td><td class=\"has-text-align-center\" data-align=\"center\">1430<\/td><td class=\"has-text-align-center\" data-align=\"center\">280 millim\u00e8tre<\/td><td class=\"has-text-align-center\" data-align=\"center\">90x75x39<\/td><td class=\"has-text-align-center\" data-align=\"center\">70 kg<\/td><\/tr><tr><td class=\"has-text-align-center\" data-align=\"center\">BKGM 280 \u00c9tats-Unis<\/td><td class=\"has-text-align-center\" data-align=\"center\">3,0 kW<\/td><td class=\"has-text-align-center\" data-align=\"center\">230<\/td><td class=\"has-text-align-center\" data-align=\"center\">840 \u2013 1680<\/td><td class=\"has-text-align-center\" data-align=\"center\">280 millim\u00e8tre<\/td><td class=\"has-text-align-center\" data-align=\"center\">90x75x39<\/td><td class=\"has-text-align-center\" data-align=\"center\">76 kg<\/td><\/tr><\/tbody><\/table><\/figure>\n\n<div class=\"wp-block-file\"><a id=\"wp-block-file--media-68ee3f32-e38c-4a88-9653-c11f1fc3e676\" href=\"https:\/\/mdbouwmachines.be\/wp-content\/uploads\/2025\/03\/BKG-Catalogue.pdf\">BKG Catalogue<\/a><a href=\"https:\/\/mdbouwmachines.be\/wp-content\/uploads\/2025\/03\/BKG-Catalogue.pdf\" class=\"wp-block-file__button wp-element-button\" download=\"\" aria-describedby=\"wp-block-file--media-68ee3f32-e38c-4a88-9653-c11f1fc3e676\">T\u00e9l\u00e9charger<\/a><\/div>\n","protected":false},"excerpt":{"rendered":"<p><strong>Ponceuse monodisque professionnelle \u00e0 vitesse variable. Id\u00e9al pour poncer \u00e0 plat contre les murs. <\/strong><\/p>\n","protected":false},"featured_media":16989,"template":"","meta":{"_acf_changed":false},"product_brand":[1123],"product_cat":[859],"product_tag":[],"class_list":{"0":"post-16976","1":"product","2":"type-product","3":"status-publish","4":"has-post-thumbnail","6":"product_brand-barikell-fr","7":"product_cat-machines-a-polir","9":"first","10":"instock","11":"taxable","12":"shipping-taxable","13":"purchasable","14":"product-type-variable","15":"has-default-attributes"},"acf":[],"_links":{"self":[{"href":"https:\/\/mdbouwmachines.be\/fr\/wp-json\/wp\/v2\/product\/16976","targetHints":{"allow":["GET"]}}],"collection":[{"href":"https:\/\/mdbouwmachines.be\/fr\/wp-json\/wp\/v2\/product"}],"about":[{"href":"https:\/\/mdbouwmachines.be\/fr\/wp-json\/wp\/v2\/types\/product"}],"wp:featuredmedia":[{"embeddable":true,"href":"https:\/\/mdbouwmachines.be\/fr\/wp-json\/wp\/v2\/media\/16989"}],"wp:attachment":[{"href":"https:\/\/mdbouwmachines.be\/fr\/wp-json\/wp\/v2\/media?parent=16976"}],"wp:term":[{"taxonomy":"product_brand","embeddable":true,"href":"https:\/\/mdbouwmachines.be\/fr\/wp-json\/wp\/v2\/product_brand?post=16976"},{"taxonomy":"product_cat","embeddable":true,"href":"https:\/\/mdbouwmachines.be\/fr\/wp-json\/wp\/v2\/product_cat?post=16976"},{"taxonomy":"product_tag","embeddable":true,"href":"https:\/\/mdbouwmachines.be\/fr\/wp-json\/wp\/v2\/product_tag?post=16976"}],"curies":[{"name":"wp","href":"https:\/\/api.w.org\/{rel}","templated":true}]}}