{"id":16964,"date":"2025-03-04T16:48:12","date_gmt":"2025-03-04T15:48:12","guid":{"rendered":"https:\/\/mdbouwmachines.be\/?post_type=product&#038;p=16964"},"modified":"2025-03-20T13:41:37","modified_gmt":"2025-03-20T12:41:37","slug":"trepied-levelfix-p180em-kopie-kopie-kopie","status":"publish","type":"product","link":"https:\/\/mdbouwmachines.be\/fr\/produit\/trepied-levelfix-p180em-kopie-kopie-kopie\/","title":{"rendered":"R\u00e9cepteur num\u00e9rique Levelfix SLD800 mm"},"content":{"rendered":"","protected":false},"excerpt":{"rendered":"<p><strong>Accessoire pour le laser Levelfix 860HVS.<br \/><\/strong><br \/>R\u00e9cepteur num\u00e9rique mm pour lasers \u00e0 faisceau rouge visible et invisible. Le SLD800 convient \u00e0 tous les lasers rotatifs avec un faisceau rouge. Le r\u00e9cepteur dispose d\u2019une grande fen\u00eatre de r\u00e9ception, d\u2019un \u00e9cran \u00e9clair\u00e9 et lumineux et d\u2019une port\u00e9e de travail de 500 m\u00e8tres.  <\/p>\n","protected":false},"featured_media":16969,"template":"","meta":{"_acf_changed":false},"product_brand":[1258],"product_cat":[905],"product_tag":[],"class_list":{"0":"post-16964","1":"product","2":"type-product","3":"status-publish","4":"has-post-thumbnail","6":"product_brand-levelfix-fr","7":"product_cat-lasers-et-recepteurs","9":"first","10":"instock","11":"taxable","12":"shipping-taxable","13":"purchasable","14":"product-type-simple"},"acf":[],"_links":{"self":[{"href":"https:\/\/mdbouwmachines.be\/fr\/wp-json\/wp\/v2\/product\/16964","targetHints":{"allow":["GET"]}}],"collection":[{"href":"https:\/\/mdbouwmachines.be\/fr\/wp-json\/wp\/v2\/product"}],"about":[{"href":"https:\/\/mdbouwmachines.be\/fr\/wp-json\/wp\/v2\/types\/product"}],"wp:featuredmedia":[{"embeddable":true,"href":"https:\/\/mdbouwmachines.be\/fr\/wp-json\/wp\/v2\/media\/16969"}],"wp:attachment":[{"href":"https:\/\/mdbouwmachines.be\/fr\/wp-json\/wp\/v2\/media?parent=16964"}],"wp:term":[{"taxonomy":"product_brand","embeddable":true,"href":"https:\/\/mdbouwmachines.be\/fr\/wp-json\/wp\/v2\/product_brand?post=16964"},{"taxonomy":"product_cat","embeddable":true,"href":"https:\/\/mdbouwmachines.be\/fr\/wp-json\/wp\/v2\/product_cat?post=16964"},{"taxonomy":"product_tag","embeddable":true,"href":"https:\/\/mdbouwmachines.be\/fr\/wp-json\/wp\/v2\/product_tag?post=16964"}],"curies":[{"name":"wp","href":"https:\/\/api.w.org\/{rel}","templated":true}]}}