{"id":16940,"date":"2025-03-04T16:18:24","date_gmt":"2025-03-04T15:18:24","guid":{"rendered":"https:\/\/mdbouwmachines.be\/product\/trepied-levelfix-p180em\/"},"modified":"2025-03-07T14:58:09","modified_gmt":"2025-03-07T13:58:09","slug":"trepied-levelfix-p180em","status":"publish","type":"product","link":"https:\/\/mdbouwmachines.be\/fr\/produit\/trepied-levelfix-p180em\/","title":{"rendered":"Tr\u00e9pied Levelfix P180EM"},"content":{"rendered":"","protected":false},"excerpt":{"rendered":"<p><strong>Accessoire pour les lasers Levelfix.<br \/><\/strong><br \/>Le Levelfix P180EM est un tr\u00e9pied ext\u00e9rieur et donc le plus adapt\u00e9 \u00e0 une utilisation en ext\u00e9rieur. Le tr\u00e9pied est \u00e9quip\u00e9 d\u2019embouts de jambe en m\u00e9tal qui peuvent \u00eatre enfonc\u00e9s dans la surface pour plus de r\u00e9sistance. De plus, le P180EM est \u00e9quip\u00e9 d\u2019une protection contre l\u2019\u00e9talement.  <\/p>\n","protected":false},"featured_media":16935,"template":"","meta":{"_acf_changed":false},"product_brand":[1258],"product_cat":[905],"product_tag":[],"class_list":{"0":"post-16940","1":"product","2":"type-product","3":"status-publish","4":"has-post-thumbnail","6":"product_brand-levelfix-fr","7":"product_cat-lasers-et-recepteurs","9":"first","10":"instock","11":"taxable","12":"shipping-taxable","13":"purchasable","14":"product-type-simple"},"acf":[],"_links":{"self":[{"href":"https:\/\/mdbouwmachines.be\/fr\/wp-json\/wp\/v2\/product\/16940","targetHints":{"allow":["GET"]}}],"collection":[{"href":"https:\/\/mdbouwmachines.be\/fr\/wp-json\/wp\/v2\/product"}],"about":[{"href":"https:\/\/mdbouwmachines.be\/fr\/wp-json\/wp\/v2\/types\/product"}],"wp:featuredmedia":[{"embeddable":true,"href":"https:\/\/mdbouwmachines.be\/fr\/wp-json\/wp\/v2\/media\/16935"}],"wp:attachment":[{"href":"https:\/\/mdbouwmachines.be\/fr\/wp-json\/wp\/v2\/media?parent=16940"}],"wp:term":[{"taxonomy":"product_brand","embeddable":true,"href":"https:\/\/mdbouwmachines.be\/fr\/wp-json\/wp\/v2\/product_brand?post=16940"},{"taxonomy":"product_cat","embeddable":true,"href":"https:\/\/mdbouwmachines.be\/fr\/wp-json\/wp\/v2\/product_cat?post=16940"},{"taxonomy":"product_tag","embeddable":true,"href":"https:\/\/mdbouwmachines.be\/fr\/wp-json\/wp\/v2\/product_tag?post=16940"}],"curies":[{"name":"wp","href":"https:\/\/api.w.org\/{rel}","templated":true}]}}