{"id":16909,"date":"2025-03-04T15:44:37","date_gmt":"2025-03-04T14:44:37","guid":{"rendered":"https:\/\/mdbouwmachines.be\/?post_type=product&#038;p=16909"},"modified":"2025-03-20T13:41:44","modified_gmt":"2025-03-20T12:41:44","slug":"levelfix-860h-laser-kopie","status":"publish","type":"product","link":"https:\/\/mdbouwmachines.be\/fr\/produit\/levelfix-860h-laser-kopie\/","title":{"rendered":"Levelfix 860HVS Laser"},"content":{"rendered":"\n<hr class=\"wp-block-separator has-alpha-channel-opacity is-style-dots\" \/>\n\n<p>L\u2019alignement devient un jeu d\u2019enfant, la fonction unique d\u2019alignement automatique sur les axes x et y garantit que le laser lui-m\u00eame trouve le centre du r\u00e9cepteur. Placez le r\u00e9cepteur en hauteur et d\u2019une simple pression sur un bouton, le laser recherchera le r\u00e9cepteur lui-m\u00eame et une pente sera d\u00e9finie. La vitesse r\u00e9glable \u00e9lev\u00e9e de 1200 tr\/min rend le laser id\u00e9al pour une utilisation avec des r\u00e9cepteurs de machines. De plus, le 860HVS est \u00e9quip\u00e9 d\u2019un dispositif d\u2019arr\u00eat des fen\u00eatres (le \u00ab blindage \u00bb de certains c\u00f4t\u00e9s). Cette fonction garantit que vous pouvez \u00e9galement utiliser le laser l\u00e0 o\u00f9 la r\u00e9flexion du faisceau laser peut se produire. Il vous suffit de d\u00e9sactiver le c\u00f4t\u00e9 qui provoque une r\u00e9flexion sur les fen\u00eatres ou les mat\u00e9riaux r\u00e9fl\u00e9chissants, ou o\u00f9 le faisceau laser ne doit pas \u00eatre d\u00e9tectable.     <\/p>\n","protected":false},"excerpt":{"rendered":"<p>Le laser de pente num\u00e9rique intelligent. La pente peut \u00eatre r\u00e9gl\u00e9e num\u00e9riquement sur les deux axes sur le 860HVS, qui est \u00e9quip\u00e9 d\u2019un grand \u00e9cran clair. La technologie SmartSlope assure une pente contr\u00f4l\u00e9e avec une protection HI et garde un \u0153il sur les fluctuations de temp\u00e9rature.  <\/p>\n<p><strong>Le prix s\u2019entend pour le kit complet (laser + t\u00e9l\u00e9commande + tr\u00e9pied max. 1m80 + batterie + chargeur + r\u00e9cepteur num\u00e9rique + perche laser + bo\u00eetier)<\/strong><\/p>\n","protected":false},"featured_media":16919,"template":"","meta":{"_acf_changed":false},"product_brand":[1258],"product_cat":[905],"product_tag":[],"class_list":{"0":"post-16909","1":"product","2":"type-product","3":"status-publish","4":"has-post-thumbnail","6":"product_brand-levelfix-fr","7":"product_cat-lasers-et-recepteurs","9":"first","10":"instock","11":"taxable","12":"shipping-taxable","13":"purchasable","14":"product-type-simple"},"acf":[],"_links":{"self":[{"href":"https:\/\/mdbouwmachines.be\/fr\/wp-json\/wp\/v2\/product\/16909","targetHints":{"allow":["GET"]}}],"collection":[{"href":"https:\/\/mdbouwmachines.be\/fr\/wp-json\/wp\/v2\/product"}],"about":[{"href":"https:\/\/mdbouwmachines.be\/fr\/wp-json\/wp\/v2\/types\/product"}],"wp:featuredmedia":[{"embeddable":true,"href":"https:\/\/mdbouwmachines.be\/fr\/wp-json\/wp\/v2\/media\/16919"}],"wp:attachment":[{"href":"https:\/\/mdbouwmachines.be\/fr\/wp-json\/wp\/v2\/media?parent=16909"}],"wp:term":[{"taxonomy":"product_brand","embeddable":true,"href":"https:\/\/mdbouwmachines.be\/fr\/wp-json\/wp\/v2\/product_brand?post=16909"},{"taxonomy":"product_cat","embeddable":true,"href":"https:\/\/mdbouwmachines.be\/fr\/wp-json\/wp\/v2\/product_cat?post=16909"},{"taxonomy":"product_tag","embeddable":true,"href":"https:\/\/mdbouwmachines.be\/fr\/wp-json\/wp\/v2\/product_tag?post=16909"}],"curies":[{"name":"wp","href":"https:\/\/api.w.org\/{rel}","templated":true}]}}