{"id":16856,"date":"2025-03-04T14:59:35","date_gmt":"2025-03-04T13:59:35","guid":{"rendered":"https:\/\/mdbouwmachines.be\/product\/levelfix-860h-laser\/"},"modified":"2025-03-20T13:41:44","modified_gmt":"2025-03-20T12:41:44","slug":"levelfix-860h-laser","status":"publish","type":"product","link":"https:\/\/mdbouwmachines.be\/fr\/produit\/levelfix-860h-laser\/","title":{"rendered":"Levelfix 860H Laser"},"content":{"rendered":"\n<hr class=\"wp-block-separator has-alpha-channel-opacity is-style-dots\" \/>\n\n<p>Gr\u00e2ce \u00e0 la fonction d\u2019inclinaison, le laser v\u00e9rifie en permanence la hauteur, de sorte que vous travaillez toujours avec la bonne taille. L\u2019altitude change-t-elle avec le mouvement ? Ensuite, il se verrouille automatiquement, pour que vous ne fassiez jamais d\u2019erreur. En plus de cette fonction, le 860H dispose d\u2019une fonction de pente. Cette fonction vous permet de d\u00e9finir rapidement et facilement un nivellement semi-automatique sur les axes x et y.    <\/p>\n\n<p>Le Levelfix 860H est livr\u00e9 avec le r\u00e9cepteur DLD100GR num\u00e9rique, ce qui lui donne une port\u00e9e allant jusqu\u2019\u00e0 600 m\u00e8tres. Ce r\u00e9cepteur est pr\u00e9cis, facile \u00e0 utiliser, r\u00e9sistant \u00e0 l\u2019humidit\u00e9 et peut encaisser les coups. De plus, ce r\u00e9cepteur affiche la diff\u00e9rence jusqu\u2019\u00e0 la ligne 0 en millim\u00e8tres.  <\/p>\n","protected":false},"excerpt":{"rendered":"<p>La norme pour chaque b\u00e2timent. Le 860H est un laser de construction horizontal robuste qui peut fonctionner dans les conditions les plus difficiles. Gr\u00e2ce \u00e0 ses excellentes performances, la 860H est un partenaire fiable pour tout projet.  <\/p>\n<p><strong>Le prix s\u2019entend du kit complet (laser + tr\u00e9pied max. 1m80 + batterie + chargeur + r\u00e9cepteur + perche laser + bo\u00eetier)<\/strong><\/p>\n","protected":false},"featured_media":16889,"template":"","meta":{"_acf_changed":false},"product_brand":[1258],"product_cat":[905],"product_tag":[],"class_list":{"0":"post-16856","1":"product","2":"type-product","3":"status-publish","4":"has-post-thumbnail","6":"product_brand-levelfix-fr","7":"product_cat-lasers-et-recepteurs","9":"first","10":"instock","11":"taxable","12":"shipping-taxable","13":"purchasable","14":"product-type-simple"},"acf":[],"_links":{"self":[{"href":"https:\/\/mdbouwmachines.be\/fr\/wp-json\/wp\/v2\/product\/16856","targetHints":{"allow":["GET"]}}],"collection":[{"href":"https:\/\/mdbouwmachines.be\/fr\/wp-json\/wp\/v2\/product"}],"about":[{"href":"https:\/\/mdbouwmachines.be\/fr\/wp-json\/wp\/v2\/types\/product"}],"wp:featuredmedia":[{"embeddable":true,"href":"https:\/\/mdbouwmachines.be\/fr\/wp-json\/wp\/v2\/media\/16889"}],"wp:attachment":[{"href":"https:\/\/mdbouwmachines.be\/fr\/wp-json\/wp\/v2\/media?parent=16856"}],"wp:term":[{"taxonomy":"product_brand","embeddable":true,"href":"https:\/\/mdbouwmachines.be\/fr\/wp-json\/wp\/v2\/product_brand?post=16856"},{"taxonomy":"product_cat","embeddable":true,"href":"https:\/\/mdbouwmachines.be\/fr\/wp-json\/wp\/v2\/product_cat?post=16856"},{"taxonomy":"product_tag","embeddable":true,"href":"https:\/\/mdbouwmachines.be\/fr\/wp-json\/wp\/v2\/product_tag?post=16856"}],"curies":[{"name":"wp","href":"https:\/\/api.w.org\/{rel}","templated":true}]}}