{"id":16752,"date":"2025-03-04T13:18:48","date_gmt":"2025-03-04T12:18:48","guid":{"rendered":"https:\/\/mdbouwmachines.be\/product\/tjep-hc-18b-coupe-hydra\/"},"modified":"2025-03-04T13:40:09","modified_gmt":"2025-03-04T12:40:09","slug":"tjep-hc-18b-coupe-hydra","status":"publish","type":"product","link":"https:\/\/mdbouwmachines.be\/fr\/produit\/tjep-hc-18b-coupe-hydra\/","title":{"rendered":"TJEP HC-18B Coupe-Hydra"},"content":{"rendered":"\n<hr class=\"wp-block-separator has-alpha-channel-opacity is-style-dots\" \/>\n\n<h2 class=\"wp-block-heading\">Caract\u00e9ristiques principales<\/h2>\n\n<ul class=\"wp-block-list\">\n<li>Moteur brushless 18V<\/li>\n\n\n\n<li>T\u00eate de coupe en forme de ciseau pour une coupe efficace et ergonomique<\/li>\n\n\n\n<li>T\u00eate de coupe rotative \u00e0 360\u00b0 en forme de ciseau<\/li>\n\n\n\n<li>Coupe jusqu\u2019\u00e0 \u00d818 mm d\u2019armature\/maille<\/li>\n\n\n\n<li>Vitesse de coupe 3 \u00e0 5 sec.<\/li>\n\n\n\n<li>Coupe puissante et pr\u00e9cise<\/li>\n\n\n\n<li>Clapets anti-retour pour une utilisation s\u00fbre et conviviale<\/li>\n\n\n\n<li>Coupe-acier d\u2019armature durable pour une utilisation flexible (les lames peuvent \u00eatre utilis\u00e9es sur plusieurs c\u00f4t\u00e9s)<\/li>\n\n\n\n<li>D\u00e9coupe sans \u00e9tincelle<\/li>\n\n\n\n<li>Coupes par charge de batterie :\n<ul class=\"wp-block-list\">\n<li>\u00d816 mm : environ 159 coupes<\/li>\n\n\n\n<li>\u00d812 mm : environ 321 coupes<\/li>\n<\/ul>\n<\/li>\n<\/ul>\n","protected":false},"excerpt":{"rendered":"<p>Am\u00e9liorez votre exp\u00e9rience de coupe gr\u00e2ce \u00e0 la pr\u00e9cision sans faille de la conception lisse et ergonomique.<\/p>\n<p><strong>Le prix est pour le kit complet (machine + bo\u00eetier + 2x batterie + chargeur)<\/strong><\/p>\n","protected":false},"featured_media":18908,"template":"","meta":{"_acf_changed":false},"product_brand":[1165],"product_cat":[368],"product_tag":[],"class_list":{"0":"post-16752","1":"product","2":"type-product","3":"status-publish","4":"has-post-thumbnail","6":"product_brand-tjep-fr","7":"product_cat-machines-a-main","9":"first","10":"instock","11":"taxable","12":"shipping-taxable","13":"purchasable","14":"product-type-simple"},"acf":[],"_links":{"self":[{"href":"https:\/\/mdbouwmachines.be\/fr\/wp-json\/wp\/v2\/product\/16752","targetHints":{"allow":["GET"]}}],"collection":[{"href":"https:\/\/mdbouwmachines.be\/fr\/wp-json\/wp\/v2\/product"}],"about":[{"href":"https:\/\/mdbouwmachines.be\/fr\/wp-json\/wp\/v2\/types\/product"}],"wp:featuredmedia":[{"embeddable":true,"href":"https:\/\/mdbouwmachines.be\/fr\/wp-json\/wp\/v2\/media\/18908"}],"wp:attachment":[{"href":"https:\/\/mdbouwmachines.be\/fr\/wp-json\/wp\/v2\/media?parent=16752"}],"wp:term":[{"taxonomy":"product_brand","embeddable":true,"href":"https:\/\/mdbouwmachines.be\/fr\/wp-json\/wp\/v2\/product_brand?post=16752"},{"taxonomy":"product_cat","embeddable":true,"href":"https:\/\/mdbouwmachines.be\/fr\/wp-json\/wp\/v2\/product_cat?post=16752"},{"taxonomy":"product_tag","embeddable":true,"href":"https:\/\/mdbouwmachines.be\/fr\/wp-json\/wp\/v2\/product_tag?post=16752"}],"curies":[{"name":"wp","href":"https:\/\/api.w.org\/{rel}","templated":true}]}}