{"id":16717,"date":"2025-03-03T13:17:50","date_gmt":"2025-03-03T12:17:50","guid":{"rendered":"https:\/\/mdbouwmachines.be\/product\/lissmac-dts-700\/"},"modified":"2025-03-07T15:05:29","modified_gmt":"2025-03-07T14:05:29","slug":"lissmac-dts-700","status":"publish","type":"product","link":"https:\/\/mdbouwmachines.be\/fr\/produit\/lissmac-dts-700\/","title":{"rendered":"Lissmac DTS 700"},"content":{"rendered":"\n<hr class=\"wp-block-separator has-alpha-channel-opacity is-style-dots\" \/>\n\n<p>Une technologie de pointe et une conception orient\u00e9e vers l\u2019utilisateur font de la scie diamant\u00e9e DTS 700 la scie polyvalente pour une utilisation exigeante. La conception n\u00e9cessitant peu d\u2019entretien garantit la s\u00e9curit\u00e9 de fonctionnement et aide la machine \u00e0 conserver sa valeur. Cette scie \u00e0 table utilise des lames de scie de 700 mm et coupe jusqu\u2019\u00e0 270 mm de profondeur. La longueur de coupe maximale est de 520 mm. Le moteur 400 V de 5,5 kW atteint une vitesse de travail optimale de 1 400 tr\/min. Gr\u00e2ce \u00e0 l\u2019entra\u00eenement direct, aucune courroie trap\u00e9zo\u00efdale n\u2019est n\u00e9cessaire et il n\u2019y a donc pas d\u2019usure.     <\/p>\n\n<hr class=\"wp-block-separator has-alpha-channel-opacity\" \/>\n\n<!--more documentatie-->\n\n<div class=\"wp-block-columns is-layout-flex wp-container-core-columns-is-layout-28f84493 wp-block-columns-is-layout-flex\">\n<div class=\"wp-block-column is-layout-flow wp-block-column-is-layout-flow\" style=\"flex-basis:25%\">\n<h2 class=\"wp-block-heading\">Fiche technique<\/h2>\n<\/div>\n\n\n\n<div class=\"wp-block-column is-layout-flow wp-block-column-is-layout-flow\" style=\"flex-basis:50%\">\n<div class=\"wp-block-file\"><a href=\"https:\/\/mdbouwmachines.be\/wp-content\/uploads\/2025\/03\/LissmacDTS700_Technische-Fiche.pdf\" class=\"wp-block-file__button wp-element-button\" download=\"\">T\u00e9l\u00e9charger<\/a><\/div>\n<\/div>\n\n\n\n<div class=\"wp-block-column is-layout-flow wp-block-column-is-layout-flow\" style=\"flex-basis:25%\"><\/div>\n<\/div>\n\n<hr class=\"wp-block-separator has-alpha-channel-opacity is-style-dots\" \/>\n","protected":false},"excerpt":{"rendered":"<p>La solution durable pour un usage professionnel exigeant. Ce polyvalent est disponible pour chaque chantier et impressionne par sa technologie de pointe et sa construction orient\u00e9e vers l\u2019utilisateur. <\/p>\n<p><strong>Int\u00e9ress\u00e9 par une d\u00e9mo ? N\u2019h\u00e9sitez pas \u00e0 appeler pour prendre rendez-vous dans notre salle d\u2019exposition ! <\/strong><\/p>\n","protected":false},"featured_media":16747,"template":"","meta":{"_acf_changed":false},"product_brand":[1157],"product_cat":[843],"product_tag":[],"class_list":{"0":"post-16717","1":"product","2":"type-product","3":"status-publish","4":"has-post-thumbnail","6":"product_brand-lissmac-fr","7":"product_cat-scies-a-table","9":"first","10":"instock","11":"taxable","12":"shipping-taxable","13":"purchasable","14":"product-type-simple"},"acf":[],"_links":{"self":[{"href":"https:\/\/mdbouwmachines.be\/fr\/wp-json\/wp\/v2\/product\/16717","targetHints":{"allow":["GET"]}}],"collection":[{"href":"https:\/\/mdbouwmachines.be\/fr\/wp-json\/wp\/v2\/product"}],"about":[{"href":"https:\/\/mdbouwmachines.be\/fr\/wp-json\/wp\/v2\/types\/product"}],"wp:featuredmedia":[{"embeddable":true,"href":"https:\/\/mdbouwmachines.be\/fr\/wp-json\/wp\/v2\/media\/16747"}],"wp:attachment":[{"href":"https:\/\/mdbouwmachines.be\/fr\/wp-json\/wp\/v2\/media?parent=16717"}],"wp:term":[{"taxonomy":"product_brand","embeddable":true,"href":"https:\/\/mdbouwmachines.be\/fr\/wp-json\/wp\/v2\/product_brand?post=16717"},{"taxonomy":"product_cat","embeddable":true,"href":"https:\/\/mdbouwmachines.be\/fr\/wp-json\/wp\/v2\/product_cat?post=16717"},{"taxonomy":"product_tag","embeddable":true,"href":"https:\/\/mdbouwmachines.be\/fr\/wp-json\/wp\/v2\/product_tag?post=16717"}],"curies":[{"name":"wp","href":"https:\/\/api.w.org\/{rel}","templated":true}]}}