{"id":16672,"date":"2025-02-28T11:39:01","date_gmt":"2025-02-28T10:39:01","guid":{"rendered":"https:\/\/mdbouwmachines.be\/product\/lissmac-dts-420-pe-n\/"},"modified":"2025-03-07T15:05:29","modified_gmt":"2025-03-07T14:05:29","slug":"lissmac-dts-420-pe-n","status":"publish","type":"product","link":"https:\/\/mdbouwmachines.be\/fr\/produit\/lissmac-dts-420-pe-n\/","title":{"rendered":"Lissmac DTS 420 PE-N"},"content":{"rendered":"\n<hr class=\"wp-block-separator has-alpha-channel-opacity is-style-dots\" \/>\n\n<p>La DTS 420 PE-N est l\u00e0 pour l\u2019usinage efficace de grands blocs. La version PE dispose d\u2019un chariot int\u00e9gr\u00e9 qui facilite l\u2019usinage de gros blocs. La scie \u00e0 pierre y parvient en combinaison avec la mini-grue LISSMAC LMK 400, un syst\u00e8me unique pour la pose de gros poulies. Une cha\u00eene de haute qualit\u00e9 transf\u00e8re la puissance du moteur dans une bo\u00eete de vitesses enti\u00e8rement ferm\u00e9e et n\u00e9cessitant peu d\u2019entretien. Cela \u00e9limine le processus fastidieux de tension des courroies trap\u00e9zo\u00efdales qui sont par ailleurs couramment utilis\u00e9es. Le moteur \u00e9lectrique 400 V de 7,5 kW fait tourner la lame de scie, qui mesure 900 mm ou 1 000 mm, jusqu\u2019\u00e0 910 tr\/min. Cela permet d\u2019effectuer des coupes jusqu\u2019\u00e0 max. 420 mm de profondeur et 650 mm de longueur possibles.      <\/p>\n\n<hr class=\"wp-block-separator has-alpha-channel-opacity\" \/>\n\n<!--more documentatie-->\n\n<div class=\"wp-block-columns is-layout-flex wp-container-core-columns-is-layout-28f84493 wp-block-columns-is-layout-flex\">\n<div class=\"wp-block-column is-layout-flow wp-block-column-is-layout-flow\" style=\"flex-basis:25%\">\n<h2 class=\"wp-block-heading\">Fiche technique<\/h2>\n<\/div>\n\n\n\n<div class=\"wp-block-column is-layout-flow wp-block-column-is-layout-flow\" style=\"flex-basis:50%\">\n<div class=\"wp-block-file\"><a href=\"https:\/\/mdbouwmachines.be\/wp-content\/uploads\/2025\/03\/LissmacDTS420PE-N_Technische-Fiche.pdf\" class=\"wp-block-file__button wp-element-button\" download=\"\">T\u00e9l\u00e9charger<\/a><\/div>\n<\/div>\n\n\n\n<div class=\"wp-block-column is-layout-flow wp-block-column-is-layout-flow\" style=\"flex-basis:25%\"><\/div>\n<\/div>\n\n<hr class=\"wp-block-separator has-alpha-channel-opacity is-style-dots\" \/>\n","protected":false},"excerpt":{"rendered":"<p>Con\u00e7u pour les travaux difficiles. Le ma\u00eetre de l\u2019efficacit\u00e9 dans l\u2019usinage de gros blocs et d\u2019\u00e9l\u00e9ments de construction brille par des temps de traitement courts et une manipulation facile. <\/p>\n<p><strong>Int\u00e9ress\u00e9 par une d\u00e9mo ? N\u2019h\u00e9sitez pas \u00e0 appeler pour prendre rendez-vous dans notre salle d\u2019exposition ! <\/strong><\/p>\n","protected":false},"featured_media":16707,"template":"","meta":{"_acf_changed":false},"product_brand":[1157],"product_cat":[843],"product_tag":[],"class_list":{"0":"post-16672","1":"product","2":"type-product","3":"status-publish","4":"has-post-thumbnail","6":"product_brand-lissmac-fr","7":"product_cat-scies-a-table","9":"first","10":"instock","11":"taxable","12":"shipping-taxable","13":"purchasable","14":"product-type-simple"},"acf":[],"_links":{"self":[{"href":"https:\/\/mdbouwmachines.be\/fr\/wp-json\/wp\/v2\/product\/16672","targetHints":{"allow":["GET"]}}],"collection":[{"href":"https:\/\/mdbouwmachines.be\/fr\/wp-json\/wp\/v2\/product"}],"about":[{"href":"https:\/\/mdbouwmachines.be\/fr\/wp-json\/wp\/v2\/types\/product"}],"wp:featuredmedia":[{"embeddable":true,"href":"https:\/\/mdbouwmachines.be\/fr\/wp-json\/wp\/v2\/media\/16707"}],"wp:attachment":[{"href":"https:\/\/mdbouwmachines.be\/fr\/wp-json\/wp\/v2\/media?parent=16672"}],"wp:term":[{"taxonomy":"product_brand","embeddable":true,"href":"https:\/\/mdbouwmachines.be\/fr\/wp-json\/wp\/v2\/product_brand?post=16672"},{"taxonomy":"product_cat","embeddable":true,"href":"https:\/\/mdbouwmachines.be\/fr\/wp-json\/wp\/v2\/product_cat?post=16672"},{"taxonomy":"product_tag","embeddable":true,"href":"https:\/\/mdbouwmachines.be\/fr\/wp-json\/wp\/v2\/product_tag?post=16672"}],"curies":[{"name":"wp","href":"https:\/\/api.w.org\/{rel}","templated":true}]}}