{"id":16643,"date":"2025-02-28T11:23:29","date_gmt":"2025-02-28T10:23:29","guid":{"rendered":"https:\/\/mdbouwmachines.be\/product\/lissmac-ats-450\/"},"modified":"2025-03-07T15:05:28","modified_gmt":"2025-03-07T14:05:28","slug":"lissmac-ats-450","status":"publish","type":"product","link":"https:\/\/mdbouwmachines.be\/fr\/produit\/lissmac-ats-450\/","title":{"rendered":"Lissmac ATS 450"},"content":{"rendered":"\n<hr class=\"wp-block-separator has-alpha-channel-opacity is-style-dots\" \/>\n\n<p>La scie \u00e0 pierre ATS 450 est tr\u00e8s polyvalente et robuste gr\u00e2ce \u00e0 sa technologie intelligente et \u00e0 sa fabrication de premier ordre. Gr\u00e2ce \u00e0 l\u2019utilisation de l\u2019aluminium, de l\u2019acier inoxydable et du plastique, cette scie diamant\u00e9e est \u00e9galement extr\u00eamement l\u00e9g\u00e8re. La lame de scie de 500 mm permet des profondeurs de coupe allant jusqu\u2019\u00e0 195 mm. La scie est con\u00e7ue pour une pr\u00e9cision et une durabilit\u00e9 maximales.   <\/p>\n\n<hr class=\"wp-block-separator has-alpha-channel-opacity\" \/>\n\n<!--more documenatie-->\n\n<div class=\"wp-block-columns is-layout-flex wp-container-core-columns-is-layout-28f84493 wp-block-columns-is-layout-flex\">\n<div class=\"wp-block-column is-layout-flow wp-block-column-is-layout-flow\" style=\"flex-basis:25%\">\n<h2 class=\"wp-block-heading\">Fiche technique<\/h2>\n<\/div>\n\n\n\n<div class=\"wp-block-column is-layout-flow wp-block-column-is-layout-flow\" style=\"flex-basis:50%\">\n<div class=\"wp-block-file\"><a href=\"https:\/\/mdbouwmachines.be\/wp-content\/uploads\/2025\/02\/LissmacATS450_Technische-Fiche.pdf\" class=\"wp-block-file__button wp-element-button\" download=\"\">T\u00e9l\u00e9charger<\/a><\/div>\n<\/div>\n\n\n\n<div class=\"wp-block-column is-layout-flow wp-block-column-is-layout-flow\" style=\"flex-basis:25%\"><\/div>\n<\/div>\n\n<hr class=\"wp-block-separator has-alpha-channel-opacity is-style-dots\" \/>\n","protected":false},"excerpt":{"rendered":"<p>De haute qualit\u00e9, n\u00e9cessitant peu d\u2019entretien et facile \u00e0 manipuler pour une utilisation efficace et continue. La scie \u00e0 pierre, facile \u00e0 transporter, est id\u00e9ale pour l\u2019am\u00e9nagement paysager, le pavage et la construction de chemins. <\/p>\n<p><strong>Int\u00e9ress\u00e9 par une d\u00e9mo ? N\u2019h\u00e9sitez pas \u00e0 appeler pour prendre rendez-vous dans notre salle d\u2019exposition ! <\/strong><\/p>\n","protected":false},"featured_media":16623,"template":"","meta":{"_acf_changed":false},"product_brand":[1157],"product_cat":[843],"product_tag":[],"class_list":{"0":"post-16643","1":"product","2":"type-product","3":"status-publish","4":"has-post-thumbnail","6":"product_brand-lissmac-fr","7":"product_cat-scies-a-table","9":"first","10":"instock","11":"taxable","12":"shipping-taxable","13":"purchasable","14":"product-type-simple"},"acf":[],"_links":{"self":[{"href":"https:\/\/mdbouwmachines.be\/fr\/wp-json\/wp\/v2\/product\/16643","targetHints":{"allow":["GET"]}}],"collection":[{"href":"https:\/\/mdbouwmachines.be\/fr\/wp-json\/wp\/v2\/product"}],"about":[{"href":"https:\/\/mdbouwmachines.be\/fr\/wp-json\/wp\/v2\/types\/product"}],"wp:featuredmedia":[{"embeddable":true,"href":"https:\/\/mdbouwmachines.be\/fr\/wp-json\/wp\/v2\/media\/16623"}],"wp:attachment":[{"href":"https:\/\/mdbouwmachines.be\/fr\/wp-json\/wp\/v2\/media?parent=16643"}],"wp:term":[{"taxonomy":"product_brand","embeddable":true,"href":"https:\/\/mdbouwmachines.be\/fr\/wp-json\/wp\/v2\/product_brand?post=16643"},{"taxonomy":"product_cat","embeddable":true,"href":"https:\/\/mdbouwmachines.be\/fr\/wp-json\/wp\/v2\/product_cat?post=16643"},{"taxonomy":"product_tag","embeddable":true,"href":"https:\/\/mdbouwmachines.be\/fr\/wp-json\/wp\/v2\/product_tag?post=16643"}],"curies":[{"name":"wp","href":"https:\/\/api.w.org\/{rel}","templated":true}]}}