{"id":16512,"date":"2025-02-28T04:48:07","date_gmt":"2025-02-28T03:48:07","guid":{"rendered":"https:\/\/mdbouwmachines.be\/product\/lissmac-dts-601\/"},"modified":"2025-03-20T13:41:53","modified_gmt":"2025-03-20T12:41:53","slug":"lissmac-dts-601","status":"publish","type":"product","link":"https:\/\/mdbouwmachines.be\/fr\/produit\/lissmac-dts-601\/","title":{"rendered":"Lissmac DTS 601"},"content":{"rendered":"\n<hr class=\"wp-block-separator has-alpha-channel-opacity is-style-dots\" \/>\n\n<p>La scie \u00e0 table DTS 601 extr\u00eamement robuste est con\u00e7ue pour une utilisation professionnelle, fiable et durable sur le chantier. Avec un diam\u00e8tre de lame de scie allant jusqu\u2019\u00e0 650 mm (standard 500 mm), la scie diamant\u00e9e atteint une profondeur de coupe maximale de 220 mm (standard 150 mm) et des longueurs de coupe allant jusqu\u2019\u00e0 800 mm. Le puissant moteur 400 V d\u2019une puissance de 3,6 kW atteint une vitesse de travail de 1400 tr\/min, id\u00e9ale pour des performances de coupe optimales lors de l\u2019usinage de briques et de ma\u00e7onnerie de taille moyenne.  <\/p>\n\n<hr class=\"wp-block-separator has-alpha-channel-opacity\" \/>\n\n<!--more-->\n\n<div class=\"wp-block-columns is-layout-flex wp-container-core-columns-is-layout-28f84493 wp-block-columns-is-layout-flex\">\n<div class=\"wp-block-column is-layout-flow wp-block-column-is-layout-flow\" style=\"flex-basis:25%\">\n<h2 class=\"wp-block-heading\">Fiche technique<\/h2>\n<\/div>\n\n\n\n<div class=\"wp-block-column is-layout-flow wp-block-column-is-layout-flow\" style=\"flex-basis:50%\">\n<div class=\"wp-block-file\"><a href=\"https:\/\/mdbouwmachines.be\/wp-content\/uploads\/2025\/02\/LissmacDTS601_Technische-Fiche.pdf\" class=\"wp-block-file__button wp-element-button\" download=\"\">T\u00e9l\u00e9charger<\/a><\/div>\n<\/div>\n\n\n\n<div class=\"wp-block-column is-layout-flow wp-block-column-is-layout-flow\" style=\"flex-basis:25%\"><\/div>\n<\/div>\n\n<hr class=\"wp-block-separator has-alpha-channel-opacity is-style-dots\" \/>\n","protected":false},"excerpt":{"rendered":"<p>Fiable et durable, avec une excellente flexibilit\u00e9 de coupe. La solution la plus rentable pour la coupe de briques de taille moyenne dans la construction, le pavage et la construction de chemins. <\/p>\n<p><strong>Int\u00e9ress\u00e9 par une d\u00e9mo ? N\u2019h\u00e9sitez pas \u00e0 appeler pour prendre rendez-vous dans notre salle d\u2019exposition ! <\/strong><\/p>\n","protected":false},"featured_media":16521,"template":"","meta":{"_acf_changed":false},"product_brand":[1157],"product_cat":[843],"product_tag":[],"class_list":{"0":"post-16512","1":"product","2":"type-product","3":"status-publish","4":"has-post-thumbnail","6":"product_brand-lissmac-fr","7":"product_cat-scies-a-table","9":"first","10":"instock","11":"taxable","12":"shipping-taxable","13":"purchasable","14":"product-type-simple"},"acf":[],"_links":{"self":[{"href":"https:\/\/mdbouwmachines.be\/fr\/wp-json\/wp\/v2\/product\/16512","targetHints":{"allow":["GET"]}}],"collection":[{"href":"https:\/\/mdbouwmachines.be\/fr\/wp-json\/wp\/v2\/product"}],"about":[{"href":"https:\/\/mdbouwmachines.be\/fr\/wp-json\/wp\/v2\/types\/product"}],"wp:featuredmedia":[{"embeddable":true,"href":"https:\/\/mdbouwmachines.be\/fr\/wp-json\/wp\/v2\/media\/16521"}],"wp:attachment":[{"href":"https:\/\/mdbouwmachines.be\/fr\/wp-json\/wp\/v2\/media?parent=16512"}],"wp:term":[{"taxonomy":"product_brand","embeddable":true,"href":"https:\/\/mdbouwmachines.be\/fr\/wp-json\/wp\/v2\/product_brand?post=16512"},{"taxonomy":"product_cat","embeddable":true,"href":"https:\/\/mdbouwmachines.be\/fr\/wp-json\/wp\/v2\/product_cat?post=16512"},{"taxonomy":"product_tag","embeddable":true,"href":"https:\/\/mdbouwmachines.be\/fr\/wp-json\/wp\/v2\/product_tag?post=16512"}],"curies":[{"name":"wp","href":"https:\/\/api.w.org\/{rel}","templated":true}]}}