{"id":16501,"date":"2025-02-28T04:32:03","date_gmt":"2025-02-28T03:32:03","guid":{"rendered":"https:\/\/mdbouwmachines.be\/product\/lissmac-dts-402\/"},"modified":"2025-03-07T15:05:27","modified_gmt":"2025-03-07T14:05:27","slug":"lissmac-dts-402","status":"publish","type":"product","link":"https:\/\/mdbouwmachines.be\/fr\/produit\/lissmac-dts-402\/","title":{"rendered":"Lissmac DTS 402"},"content":{"rendered":"\n<hr class=\"wp-block-separator has-alpha-channel-opacity is-style-dots\" \/>\n\n<p>Universel, facile \u00e0 transporter et puissant, le DTS 402 permet de r\u00e9aliser des coupes et des coupes d\u2019onglet \u00e0 un angle de 45\u00b0. Les lames de scie jusqu\u2019\u00e0 400 mm permettent des profondeurs de coupe allant jusqu\u2019\u00e0 135 mm. La scie \u00e0 tron\u00e7onner diamant\u00e9e impressionne par son excellente pr\u00e9cision et ses performances de coupe \u00e9lev\u00e9es lors de l\u2019usinage de briques, de pierres, de granit, de marbre et de dalles de pierre naturelle. Le moteur \u00e0 couple \u00e9lev\u00e9 de 2,2 kW et une vitesse de fonctionnement optimale de 2 800 tr\/min peuvent \u00eatre aliment\u00e9s par une prise 230 V.   <\/p>\n\n<hr class=\"wp-block-separator has-alpha-channel-opacity\" \/>\n\n<!--more documentatie-->\n\n<div class=\"wp-block-columns is-layout-flex wp-container-core-columns-is-layout-28f84493 wp-block-columns-is-layout-flex\">\n<div class=\"wp-block-column is-layout-flow wp-block-column-is-layout-flow\" style=\"flex-basis:25%\">\n<h2 class=\"wp-block-heading\">Fiche technique<\/h2>\n<\/div>\n\n\n\n<div class=\"wp-block-column is-layout-flow wp-block-column-is-layout-flow\" style=\"flex-basis:50%\">\n<div class=\"wp-block-file\"><a href=\"https:\/\/mdbouwmachines.be\/wp-content\/uploads\/2025\/02\/LissmacDTS402_Technische-Fiche.pdf\" class=\"wp-block-file__button wp-element-button\" download=\"\">T\u00e9l\u00e9charger<\/a><\/div>\n<\/div>\n\n\n\n<div class=\"wp-block-column is-layout-flow wp-block-column-is-layout-flow\" style=\"flex-basis:25%\"><\/div>\n<\/div>\n\n<hr class=\"wp-block-separator has-alpha-channel-opacity is-style-dots\" \/>\n","protected":false},"excerpt":{"rendered":"<p>Une scie \u00e0 pierre compacte et grande. Cet appareil polyvalent \u00e9conomique est id\u00e9al pour un fonctionnement exigeant et continu et marque des points avec des coupes tr\u00e8s pr\u00e9cises, m\u00eame avec des coupes \u00e0 45\u00b0. <\/p>\n<p><strong>Int\u00e9ress\u00e9 par une d\u00e9mo ? N\u2019h\u00e9sitez pas \u00e0 appeler pour prendre rendez-vous dans notre salle d\u2019exposition ! <\/strong><\/p>\n","protected":false},"featured_media":16468,"template":"","meta":{"_acf_changed":false},"product_brand":[1157],"product_cat":[843],"product_tag":[],"class_list":{"0":"post-16501","1":"product","2":"type-product","3":"status-publish","4":"has-post-thumbnail","6":"product_brand-lissmac-fr","7":"product_cat-scies-a-table","9":"first","10":"instock","11":"taxable","12":"shipping-taxable","13":"purchasable","14":"product-type-simple"},"acf":[],"_links":{"self":[{"href":"https:\/\/mdbouwmachines.be\/fr\/wp-json\/wp\/v2\/product\/16501","targetHints":{"allow":["GET"]}}],"collection":[{"href":"https:\/\/mdbouwmachines.be\/fr\/wp-json\/wp\/v2\/product"}],"about":[{"href":"https:\/\/mdbouwmachines.be\/fr\/wp-json\/wp\/v2\/types\/product"}],"wp:featuredmedia":[{"embeddable":true,"href":"https:\/\/mdbouwmachines.be\/fr\/wp-json\/wp\/v2\/media\/16468"}],"wp:attachment":[{"href":"https:\/\/mdbouwmachines.be\/fr\/wp-json\/wp\/v2\/media?parent=16501"}],"wp:term":[{"taxonomy":"product_brand","embeddable":true,"href":"https:\/\/mdbouwmachines.be\/fr\/wp-json\/wp\/v2\/product_brand?post=16501"},{"taxonomy":"product_cat","embeddable":true,"href":"https:\/\/mdbouwmachines.be\/fr\/wp-json\/wp\/v2\/product_cat?post=16501"},{"taxonomy":"product_tag","embeddable":true,"href":"https:\/\/mdbouwmachines.be\/fr\/wp-json\/wp\/v2\/product_tag?post=16501"}],"curies":[{"name":"wp","href":"https:\/\/api.w.org\/{rel}","templated":true}]}}