{"id":16077,"date":"2025-02-27T13:36:15","date_gmt":"2025-02-27T12:36:15","guid":{"rendered":"https:\/\/mdbouwmachines.be\/product\/lissmac-multicut-400-d\/"},"modified":"2025-03-07T15:05:21","modified_gmt":"2025-03-07T14:05:21","slug":"lissmac-multicut-400-d","status":"publish","type":"product","link":"https:\/\/mdbouwmachines.be\/fr\/produit\/lissmac-multicut-400-d\/","title":{"rendered":"Lissmac Multicut 400 D"},"content":{"rendered":"\n<p>La scie \u00e0 sol diesel MULTICUT 400 D avec technologie des ciseaux est con\u00e7ue pour les conditions de construction exigeantes, o\u00f9 la puissance et la conception compacte sont impressionnantes. Le moteur diesel 3 cylindres Perkins d\u00e9veloppe 18,4 kW \/ 25 ch et r\u00e9pond \u00e0 la norme antipollution Euro Stage V. Il entra\u00eene des lames de scie d\u2019un diam\u00e8tre allant jusqu\u2019\u00e0 1000 mm. Cela permet d\u2019obtenir des joints avec des profondeurs de coupe allant jusqu\u2019\u00e0 415 mm.   <\/p>\n\n<div class=\"wp-block-file\"><a>Fiche technique<\/a><a href=\"https:\/\/mdbouwmachines.be\/wp-content\/uploads\/2025\/02\/Lissmac400D_pdf.pdf\" class=\"wp-block-file__button wp-element-button\" download=\"\">T\u00e9l\u00e9charger<\/a><\/div>\n","protected":false},"excerpt":{"rendered":"<p>Compacte, puissante et facile \u00e0 utiliser, cette scie \u00e0 sol diesel durable est con\u00e7ue pour effectuer rapidement et de mani\u00e8re fiable des t\u00e2ches exigeantes avec une profondeur de coupe allant jusqu\u2019\u00e0 max. 415 mm sont n\u00e9cessaires.<\/p>\n","protected":false},"featured_media":16057,"template":"","meta":{"_acf_changed":false},"product_brand":[1157],"product_cat":[331],"product_tag":[],"class_list":{"0":"post-16077","1":"product","2":"type-product","3":"status-publish","4":"has-post-thumbnail","6":"product_brand-lissmac-fr","7":"product_cat-scies-de-sol","9":"first","10":"instock","11":"taxable","12":"shipping-taxable","13":"purchasable","14":"product-type-simple"},"acf":[],"_links":{"self":[{"href":"https:\/\/mdbouwmachines.be\/fr\/wp-json\/wp\/v2\/product\/16077","targetHints":{"allow":["GET"]}}],"collection":[{"href":"https:\/\/mdbouwmachines.be\/fr\/wp-json\/wp\/v2\/product"}],"about":[{"href":"https:\/\/mdbouwmachines.be\/fr\/wp-json\/wp\/v2\/types\/product"}],"wp:featuredmedia":[{"embeddable":true,"href":"https:\/\/mdbouwmachines.be\/fr\/wp-json\/wp\/v2\/media\/16057"}],"wp:attachment":[{"href":"https:\/\/mdbouwmachines.be\/fr\/wp-json\/wp\/v2\/media?parent=16077"}],"wp:term":[{"taxonomy":"product_brand","embeddable":true,"href":"https:\/\/mdbouwmachines.be\/fr\/wp-json\/wp\/v2\/product_brand?post=16077"},{"taxonomy":"product_cat","embeddable":true,"href":"https:\/\/mdbouwmachines.be\/fr\/wp-json\/wp\/v2\/product_cat?post=16077"},{"taxonomy":"product_tag","embeddable":true,"href":"https:\/\/mdbouwmachines.be\/fr\/wp-json\/wp\/v2\/product_tag?post=16077"}],"curies":[{"name":"wp","href":"https:\/\/api.w.org\/{rel}","templated":true}]}}