{"id":15952,"date":"2025-02-27T11:09:45","date_gmt":"2025-02-27T10:09:45","guid":{"rendered":"https:\/\/mdbouwmachines.be\/product\/moteur-de-perceuse-dme19dp\/"},"modified":"2025-03-20T13:41:58","modified_gmt":"2025-03-20T12:41:58","slug":"moteur-de-perceuse-dme19dp","status":"publish","type":"product","link":"https:\/\/mdbouwmachines.be\/fr\/produit\/moteur-de-perceuse-dme19dp\/","title":{"rendered":"Moteur de perceuse DME19DP"},"content":{"rendered":"\n<p>Le DME19DP associ\u00e9 \u00e0 la technologie TYROLIT TGD\u00ae est la solution pour les applications de forage \u00e0 sec dans le b\u00e9ton arm\u00e9. L\u2019indicateur de point central pratique assure un guidage pr\u00e9cis du per\u00e7age et une dur\u00e9e de vie plus longue de l\u2019outil diamant\u00e9. Une fonction de per\u00e7age \u00e0 percussion marche\/arr\u00eat acc\u00e9l\u00e8re le processus de travail, en particulier pour les mat\u00e9riaux durs. Le d\u00e9marrage progressif et l\u2019affichage LED aident l\u2019utilisateur \u00e0 s\u00e9lectionner la vitesse de per\u00e7age optimale.   <\/p>\n\n<div class=\"wp-block-file\"><a id=\"wp-block-file--media-1af915ca-dc8a-4192-b89a-b168bd664e63\" href=\"https:\/\/mdbouwmachines.be\/wp-content\/uploads\/2025\/02\/dmep19.pdf\">Fiche technique<\/a><a href=\"https:\/\/mdbouwmachines.be\/wp-content\/uploads\/2025\/02\/dmep19.pdf\" class=\"wp-block-file__button wp-element-button\" download=\"\" aria-describedby=\"wp-block-file--media-1af915ca-dc8a-4192-b89a-b168bd664e63\">T\u00e9l\u00e9charger<\/a><\/div>\n","protected":false},"excerpt":{"rendered":"<p>Per\u00e7age jusqu\u2019\u00e0 \u00d8 162 mm<br \/>Solution syst\u00e8me pour le forage \u00e0 sec dans le b\u00e9ton arm\u00e9.<br \/>La fonction de per\u00e7age \u00e0 percussion marche\/arr\u00eat acc\u00e9l\u00e8re le processus de travail.<br \/>\u00c9lectronique pour le d\u00e9marrage en douceur et affichage LED pour une puissance de per\u00e7age optimale.<\/p>\n","protected":false},"featured_media":15946,"template":"","meta":{"_acf_changed":false},"product_brand":[1152],"product_cat":[889],"product_tag":[],"class_list":{"0":"post-15952","1":"product","2":"type-product","3":"status-publish","4":"has-post-thumbnail","6":"product_brand-tyrolit-fr","7":"product_cat-carottage","9":"first","10":"instock","11":"taxable","12":"shipping-taxable","13":"purchasable","14":"product-type-simple"},"acf":[],"_links":{"self":[{"href":"https:\/\/mdbouwmachines.be\/fr\/wp-json\/wp\/v2\/product\/15952","targetHints":{"allow":["GET"]}}],"collection":[{"href":"https:\/\/mdbouwmachines.be\/fr\/wp-json\/wp\/v2\/product"}],"about":[{"href":"https:\/\/mdbouwmachines.be\/fr\/wp-json\/wp\/v2\/types\/product"}],"wp:featuredmedia":[{"embeddable":true,"href":"https:\/\/mdbouwmachines.be\/fr\/wp-json\/wp\/v2\/media\/15946"}],"wp:attachment":[{"href":"https:\/\/mdbouwmachines.be\/fr\/wp-json\/wp\/v2\/media?parent=15952"}],"wp:term":[{"taxonomy":"product_brand","embeddable":true,"href":"https:\/\/mdbouwmachines.be\/fr\/wp-json\/wp\/v2\/product_brand?post=15952"},{"taxonomy":"product_cat","embeddable":true,"href":"https:\/\/mdbouwmachines.be\/fr\/wp-json\/wp\/v2\/product_cat?post=15952"},{"taxonomy":"product_tag","embeddable":true,"href":"https:\/\/mdbouwmachines.be\/fr\/wp-json\/wp\/v2\/product_tag?post=15952"}],"curies":[{"name":"wp","href":"https:\/\/api.w.org\/{rel}","templated":true}]}}