{"id":15928,"date":"2025-02-27T09:56:12","date_gmt":"2025-02-27T08:56:12","guid":{"rendered":"https:\/\/mdbouwmachines.be\/product\/disque-de-travail-avant-94cm-bt\/"},"modified":"2025-02-27T09:56:12","modified_gmt":"2025-02-27T08:56:12","slug":"disque-de-travail-avant-94cm-bt","status":"publish","type":"product","link":"https:\/\/mdbouwmachines.be\/fr\/produit\/disque-de-travail-avant-94cm-bt\/","title":{"rendered":"Disque de travail avant 94cm \u2013 BT"},"content":{"rendered":"","protected":false},"excerpt":{"rendered":"<p><strong>Nos propres disques de pr\u00e9-travail d\u2019un diam\u00e8tre de 90 cm, con\u00e7us par nos soins.<\/strong><br \/>Ceux-ci sont \u00e9quip\u00e9s d\u2019un <strong>bord \u00e0 45\u00b0<\/strong> pour \u00e9viter l\u2019accumulation de b\u00e9ton.<br \/><strong>Disponible <\/strong>en 8 l\u00e8vres<br \/><strong>L\u2019\u00e9paisseur de 4 mm<\/strong> assure un poids plus \u00e9lev\u00e9, ce qui permet d\u2019obtenir des sols plus lisses et plus plats. Cela permet \u00e9galement aux \u00e9tag\u00e8res de durer plus longtemps. <strong>Un rendement plus \u00e9lev\u00e9 et un meilleur r\u00e9sultat final !<\/strong><br \/>Convient pour <strong>les machines \u00e0 polir double diam\u00e8tre 90<\/strong> de BT. <\/p>\n","protected":false},"featured_media":13092,"template":"","meta":{"_acf_changed":false},"product_brand":[1133],"product_cat":[544],"product_tag":[],"class_list":{"0":"post-15928","1":"product","2":"type-product","3":"status-publish","4":"has-post-thumbnail","6":"product_brand-md-bouwmachines-fr","7":"product_cat-plateaus-et-couteaux","9":"first","10":"instock","11":"taxable","12":"shipping-taxable","13":"purchasable","14":"product-type-variable","15":"has-default-attributes"},"acf":[],"_links":{"self":[{"href":"https:\/\/mdbouwmachines.be\/fr\/wp-json\/wp\/v2\/product\/15928","targetHints":{"allow":["GET"]}}],"collection":[{"href":"https:\/\/mdbouwmachines.be\/fr\/wp-json\/wp\/v2\/product"}],"about":[{"href":"https:\/\/mdbouwmachines.be\/fr\/wp-json\/wp\/v2\/types\/product"}],"wp:featuredmedia":[{"embeddable":true,"href":"https:\/\/mdbouwmachines.be\/fr\/wp-json\/wp\/v2\/media\/13092"}],"wp:attachment":[{"href":"https:\/\/mdbouwmachines.be\/fr\/wp-json\/wp\/v2\/media?parent=15928"}],"wp:term":[{"taxonomy":"product_brand","embeddable":true,"href":"https:\/\/mdbouwmachines.be\/fr\/wp-json\/wp\/v2\/product_brand?post=15928"},{"taxonomy":"product_cat","embeddable":true,"href":"https:\/\/mdbouwmachines.be\/fr\/wp-json\/wp\/v2\/product_cat?post=15928"},{"taxonomy":"product_tag","embeddable":true,"href":"https:\/\/mdbouwmachines.be\/fr\/wp-json\/wp\/v2\/product_tag?post=15928"}],"curies":[{"name":"wp","href":"https:\/\/api.w.org\/{rel}","templated":true}]}}